{"id":267585,"date":"2024-09-24T17:52:04","date_gmt":"2024-09-24T14:52:04","guid":{"rendered":"https:\/\/glamuur.ee\/product\/ania-haie-earrings-e060-03t\/"},"modified":"2026-02-05T22:29:28","modified_gmt":"2026-02-05T20:29:28","slug":"ania-haie-korvarongad-e060-03t","status":"publish","type":"product","link":"https:\/\/glamuur.ee\/et\/product\/ania-haie-earrings-e060-03t\/","title":{"rendered":"Ania Haie k\u00f5rvar\u00f5ngad E060-03T"},"content":{"rendered":"<p>R\u00f5nga l\u00e4bim\u00f5\u00f5t = 9.5mm<br \/>\nR\u00f5nga laius = 2.8mm<br \/>\nValge kuupmeetri tsirkooniumi suurus = 2mm, kogus = 20<\/p>","protected":false},"excerpt":{"rendered":"<p>R\u00f5nga l\u00e4bim\u00f5\u00f5t = 9.5mm R\u00f5nga laius = 2.8mm Valge kuubilise tsirkooniumi suurus = 2mm, kogus = 20<\/p>","protected":false},"featured_media":267191,"comment_status":"open","ping_status":"closed","template":"","meta":{"jetpack_post_was_ever_published":false},"product_brand":[],"product_cat":[200,201,725],"product_tag":[],"giftcard-category":[],"class_list":{"0":"post-267585","1":"product","2":"type-product","3":"status-publish","4":"has-post-thumbnail","6":"product_cat-ania-haie","7":"product_cat-ania-haie-earrings","8":"product_cat-earrings","9":"pa_material-silver","10":"pa_metal-color-multicolor","11":"pa_product-brand-ania-haie","12":"pa_stone-color-white","13":"pa_type-category-earrings","15":"first","16":"instock","17":"taxable","18":"shipping-taxable","19":"purchasable","20":"product-type-simple"},"bundled_by":[],"bundle_stock_status":"instock","bundle_stock_quantity":2,"bundle_virtual":false,"bundle_layout":"","bundle_add_to_cart_form_location":"","bundle_editable_in_cart":false,"bundle_sold_individually_context":"","bundle_item_grouping":"","bundle_min_size":"","bundle_max_size":"","bundle_price":[],"bundled_items":[],"bundle_sell_ids":[],"etheme_brands":{"errors":{"invalid_taxonomy":["Lubamatu taksonoomia."]},"error_data":[]},"_links":{"self":[{"href":"https:\/\/glamuur.ee\/et\/wp-json\/wp\/v2\/product\/267585","targetHints":{"allow":["GET"]}}],"collection":[{"href":"https:\/\/glamuur.ee\/et\/wp-json\/wp\/v2\/product"}],"about":[{"href":"https:\/\/glamuur.ee\/et\/wp-json\/wp\/v2\/types\/product"}],"replies":[{"embeddable":true,"href":"https:\/\/glamuur.ee\/et\/wp-json\/wp\/v2\/comments?post=267585"}],"wp:featuredmedia":[{"embeddable":true,"href":"https:\/\/glamuur.ee\/et\/wp-json\/wp\/v2\/media\/267191"}],"wp:attachment":[{"href":"https:\/\/glamuur.ee\/et\/wp-json\/wp\/v2\/media?parent=267585"}],"wp:term":[{"taxonomy":"product_brand","embeddable":true,"href":"https:\/\/glamuur.ee\/et\/wp-json\/wp\/v2\/product_brand?post=267585"},{"taxonomy":"product_cat","embeddable":true,"href":"https:\/\/glamuur.ee\/et\/wp-json\/wp\/v2\/product_cat?post=267585"},{"taxonomy":"product_tag","embeddable":true,"href":"https:\/\/glamuur.ee\/et\/wp-json\/wp\/v2\/product_tag?post=267585"},{"taxonomy":"giftcard-category","embeddable":true,"href":"https:\/\/glamuur.ee\/et\/wp-json\/wp\/v2\/giftcard-category?post=267585"}],"curies":[{"name":"wp","href":"https:\/\/api.w.org\/{rel}","templated":true}]}}