{"id":267575,"date":"2025-08-27T13:13:07","date_gmt":"2025-08-27T10:13:07","guid":{"rendered":"https:\/\/glamuur.ee\/product\/ania-haie-charms-nc060-01g\/"},"modified":"2026-05-01T13:40:12","modified_gmt":"2026-05-01T10:40:12","slug":"ania-haie-charms-nc060-01g","status":"publish","type":"product","link":"https:\/\/glamuur.ee\/et\/product\/ania-haie-charms-nc060-01g\/","title":{"rendered":"Ania Haie Charm NC060-01G"},"content":{"rendered":"<p>r\u00f5nga m\u00f5\u00f5tmed = 4*2.3mm<br \/>\nCubic Zirconia Size = 3.5*6mm, Quantity = 1<\/p>","protected":false},"excerpt":{"rendered":"<p>\ud83d\udc8c <strong data-start=\"257\" data-end=\"264\">PS:<\/strong> Iga pakett sisaldab <strong data-start=\"291\" data-end=\"309\">ainult \u00fcks v\u00f5lu<\/strong><\/p>","protected":false},"featured_media":267173,"comment_status":"open","ping_status":"closed","template":"","meta":{"jetpack_post_was_ever_published":true},"product_brand":[],"product_cat":[200,714,1626],"product_tag":[1058],"giftcard-category":[],"class_list":{"0":"post-267575","1":"product","2":"type-product","3":"status-publish","4":"has-post-thumbnail","6":"product_cat-ania-haie","7":"product_cat-ania-haie-pop-charms-collection","8":"product_cat-under-40","9":"product_tag-alla-30","10":"pa_material-silver","11":"pa_metal-color-yellow-gold","12":"pa_product-brand-ania-haie","13":"pa_stone-color-white","14":"pa_type-category-ear-charms","16":"first","17":"instock","18":"sale","19":"taxable","20":"shipping-taxable","21":"purchasable","22":"product-type-simple"},"bundled_by":[],"bundle_stock_status":"instock","bundle_stock_quantity":2,"bundle_virtual":false,"bundle_layout":"","bundle_add_to_cart_form_location":"","bundle_editable_in_cart":false,"bundle_sold_individually_context":"","bundle_item_grouping":"","bundle_min_size":"","bundle_max_size":"","bundle_price":[],"bundled_items":[],"bundle_sell_ids":[],"etheme_brands":{"errors":{"invalid_taxonomy":["Lubamatu taksonoomia."]},"error_data":[]},"_links":{"self":[{"href":"https:\/\/glamuur.ee\/et\/wp-json\/wp\/v2\/product\/267575","targetHints":{"allow":["GET"]}}],"collection":[{"href":"https:\/\/glamuur.ee\/et\/wp-json\/wp\/v2\/product"}],"about":[{"href":"https:\/\/glamuur.ee\/et\/wp-json\/wp\/v2\/types\/product"}],"replies":[{"embeddable":true,"href":"https:\/\/glamuur.ee\/et\/wp-json\/wp\/v2\/comments?post=267575"}],"wp:featuredmedia":[{"embeddable":true,"href":"https:\/\/glamuur.ee\/et\/wp-json\/wp\/v2\/media\/267173"}],"wp:attachment":[{"href":"https:\/\/glamuur.ee\/et\/wp-json\/wp\/v2\/media?parent=267575"}],"wp:term":[{"taxonomy":"product_brand","embeddable":true,"href":"https:\/\/glamuur.ee\/et\/wp-json\/wp\/v2\/product_brand?post=267575"},{"taxonomy":"product_cat","embeddable":true,"href":"https:\/\/glamuur.ee\/et\/wp-json\/wp\/v2\/product_cat?post=267575"},{"taxonomy":"product_tag","embeddable":true,"href":"https:\/\/glamuur.ee\/et\/wp-json\/wp\/v2\/product_tag?post=267575"},{"taxonomy":"giftcard-category","embeddable":true,"href":"https:\/\/glamuur.ee\/et\/wp-json\/wp\/v2\/giftcard-category?post=267575"}],"curies":[{"name":"wp","href":"https:\/\/api.w.org\/{rel}","templated":true}]}}