{"id":267541,"date":"2024-09-24T17:51:14","date_gmt":"2024-09-24T14:51:14","guid":{"rendered":"https:\/\/glamuur.ee\/product\/ania-haie-charms-nc060-08h\/"},"modified":"2026-02-05T22:32:56","modified_gmt":"2026-02-05T20:32:56","slug":"ania-haie-charms-nc060-08h","status":"publish","type":"product","link":"https:\/\/glamuur.ee\/et\/product\/ania-haie-charms-nc060-08h\/","title":{"rendered":"Ania Haie Charm NC060-08H"},"content":{"rendered":"<p>r\u00f5nga m\u00f5\u00f5tmed = 4*2.3mm<br \/>\nCharmi suurus = 17.2*17mm<\/p>","protected":false},"excerpt":{"rendered":"<p>\ud83d\udc8c <strong data-start=\"257\" data-end=\"264\">PS:<\/strong> Iga pakett sisaldab <strong data-start=\"291\" data-end=\"309\">ainult \u00fcks v\u00f5lu<\/strong><\/p>","protected":false},"featured_media":267131,"comment_status":"open","ping_status":"closed","template":"","meta":{"jetpack_post_was_ever_published":false},"product_brand":[],"product_cat":[200,714,941],"product_tag":[],"giftcard-category":[],"class_list":{"0":"post-267541","1":"product","2":"type-product","3":"status-publish","4":"has-post-thumbnail","6":"product_cat-ania-haie","7":"product_cat-ania-haie-pop-charms-collection","8":"product_cat-valentines-day","9":"pa_material-silver","10":"pa_metal-color-silver","11":"pa_product-brand-ania-haie","12":"pa_stone-color-without-stones","13":"pa_type-category-ear-charms","15":"first","16":"instock","17":"taxable","18":"shipping-taxable","19":"purchasable","20":"product-type-simple"},"bundled_by":[],"bundle_stock_status":"instock","bundle_stock_quantity":2,"bundle_virtual":false,"bundle_layout":"","bundle_add_to_cart_form_location":"","bundle_editable_in_cart":false,"bundle_sold_individually_context":"","bundle_item_grouping":"","bundle_min_size":"","bundle_max_size":"","bundle_price":[],"bundled_items":[],"bundle_sell_ids":[],"etheme_brands":{"errors":{"invalid_taxonomy":["Lubamatu taksonoomia."]},"error_data":[]},"_links":{"self":[{"href":"https:\/\/glamuur.ee\/et\/wp-json\/wp\/v2\/product\/267541","targetHints":{"allow":["GET"]}}],"collection":[{"href":"https:\/\/glamuur.ee\/et\/wp-json\/wp\/v2\/product"}],"about":[{"href":"https:\/\/glamuur.ee\/et\/wp-json\/wp\/v2\/types\/product"}],"replies":[{"embeddable":true,"href":"https:\/\/glamuur.ee\/et\/wp-json\/wp\/v2\/comments?post=267541"}],"wp:featuredmedia":[{"embeddable":true,"href":"https:\/\/glamuur.ee\/et\/wp-json\/wp\/v2\/media\/267131"}],"wp:attachment":[{"href":"https:\/\/glamuur.ee\/et\/wp-json\/wp\/v2\/media?parent=267541"}],"wp:term":[{"taxonomy":"product_brand","embeddable":true,"href":"https:\/\/glamuur.ee\/et\/wp-json\/wp\/v2\/product_brand?post=267541"},{"taxonomy":"product_cat","embeddable":true,"href":"https:\/\/glamuur.ee\/et\/wp-json\/wp\/v2\/product_cat?post=267541"},{"taxonomy":"product_tag","embeddable":true,"href":"https:\/\/glamuur.ee\/et\/wp-json\/wp\/v2\/product_tag?post=267541"},{"taxonomy":"giftcard-category","embeddable":true,"href":"https:\/\/glamuur.ee\/et\/wp-json\/wp\/v2\/giftcard-category?post=267541"}],"curies":[{"name":"wp","href":"https:\/\/api.w.org\/{rel}","templated":true}]}}