{"id":267517,"date":"2024-09-24T17:50:49","date_gmt":"2024-09-24T14:50:49","guid":{"rendered":"https:\/\/glamuur.ee\/product\/ania-haie-bracelet-b061-04h\/"},"modified":"2026-02-05T22:26:19","modified_gmt":"2026-02-05T20:26:19","slug":"ania-haie-kaevoru-b061-04h","status":"publish","type":"product","link":"https:\/\/glamuur.ee\/et\/product\/ania-haie-bracelet-b061-04h\/","title":{"rendered":"Ania Haie k\u00e4ev\u00f5ru B061-04H"},"content":{"rendered":"<p>K\u00e4ev\u00f5ru pikkus = 16.5cm<br \/>\nPikendusosa pikkus = 2cm<br \/>\nKogupikkus = 18.5cm<br \/>\nCharmi suurus = 9.5*3mm<br \/>\nKuubilise tsirkooniumi suurus = 0.8mm, kogus = 16<br \/>\nKuubilise tsirkooniumi suurus = 1.0mm, kogus = 16<br \/>\nKuubilise tsirkooniumi suurus = 1.1mm, kogus = 4<br \/>\nKuubilise tsirkooniumi suurus = 1.2mm, kogus = 16<\/p>","protected":false},"excerpt":{"rendered":"<p>Bracelet length = 16.5cm Extender length = 2cm Total length = 18.5cm Charm Size = 9.5*3mm Cubic Zirconia Size = 0.8mm, Quantity = 16 Cubic Zirconia Size = 1.0mm, Quantity = 16 Cubic Zirconia Size = 1.1mm, Quantity = 4 Cubic Zirconia Size = 1.2mm,&#8230;<\/p>","protected":false},"featured_media":267101,"comment_status":"open","ping_status":"closed","template":"","meta":{"jetpack_post_was_ever_published":false},"product_brand":[],"product_cat":[200,203,726],"product_tag":[],"giftcard-category":[],"class_list":{"0":"post-267517","1":"product","2":"type-product","3":"status-publish","4":"has-post-thumbnail","6":"product_cat-ania-haie","7":"product_cat-ania-haie-bracelet","8":"product_cat-bracelets","9":"pa_material-silver","10":"pa_metal-color-silver","11":"pa_product-brand-ania-haie","12":"pa_stone-color-white","13":"pa_type-category-bracelets","15":"first","16":"instock","17":"taxable","18":"shipping-taxable","19":"purchasable","20":"product-type-simple"},"bundled_by":[],"bundle_stock_status":"instock","bundle_stock_quantity":2,"bundle_virtual":false,"bundle_layout":"","bundle_add_to_cart_form_location":"","bundle_editable_in_cart":false,"bundle_sold_individually_context":"","bundle_item_grouping":"","bundle_min_size":"","bundle_max_size":"","bundle_price":[],"bundled_items":[],"bundle_sell_ids":[],"etheme_brands":{"errors":{"invalid_taxonomy":["Lubamatu taksonoomia."]},"error_data":[]},"_links":{"self":[{"href":"https:\/\/glamuur.ee\/et\/wp-json\/wp\/v2\/product\/267517","targetHints":{"allow":["GET"]}}],"collection":[{"href":"https:\/\/glamuur.ee\/et\/wp-json\/wp\/v2\/product"}],"about":[{"href":"https:\/\/glamuur.ee\/et\/wp-json\/wp\/v2\/types\/product"}],"replies":[{"embeddable":true,"href":"https:\/\/glamuur.ee\/et\/wp-json\/wp\/v2\/comments?post=267517"}],"wp:featuredmedia":[{"embeddable":true,"href":"https:\/\/glamuur.ee\/et\/wp-json\/wp\/v2\/media\/267101"}],"wp:attachment":[{"href":"https:\/\/glamuur.ee\/et\/wp-json\/wp\/v2\/media?parent=267517"}],"wp:term":[{"taxonomy":"product_brand","embeddable":true,"href":"https:\/\/glamuur.ee\/et\/wp-json\/wp\/v2\/product_brand?post=267517"},{"taxonomy":"product_cat","embeddable":true,"href":"https:\/\/glamuur.ee\/et\/wp-json\/wp\/v2\/product_cat?post=267517"},{"taxonomy":"product_tag","embeddable":true,"href":"https:\/\/glamuur.ee\/et\/wp-json\/wp\/v2\/product_tag?post=267517"},{"taxonomy":"giftcard-category","embeddable":true,"href":"https:\/\/glamuur.ee\/et\/wp-json\/wp\/v2\/giftcard-category?post=267517"}],"curies":[{"name":"wp","href":"https:\/\/api.w.org\/{rel}","templated":true}]}}