{"id":267502,"date":"2024-09-24T17:50:32","date_gmt":"2024-09-24T14:50:32","guid":{"rendered":"https:\/\/glamuur.ee\/product\/ania-haie-bracelet-b058-05h\/"},"modified":"2026-02-05T22:26:18","modified_gmt":"2026-02-05T20:26:18","slug":"ania-haie-kaevoru-b058-05h","status":"publish","type":"product","link":"https:\/\/glamuur.ee\/et\/product\/ania-haie-bracelet-b058-05h\/","title":{"rendered":"Ania Haie k\u00e4ev\u00f5ru B058-05H"},"content":{"rendered":"<p>K\u00e4ev\u00f5ru pikkus = 16.5cm<br \/>\nPikendusosa pikkus = 2cm<br \/>\nKogupikkus = 18.5cm<br \/>\nHelme suurus = 4-5mm, kogus = 24<br \/>\nKuubilise tsirkooniumi suurus = 1.5mm, kogus = 10<\/p>","protected":false},"excerpt":{"rendered":"<p>K\u00e4ev\u00f5ru pikkus = 16.5cm Pikendusosa pikkus = 2cm Kogupikkus = 18.5cm Helme suurus = 4-5mm, kogus = 24 kuubikulist tsirkooniumi suurus = 1.5mm, kogus = 10<\/p>","protected":false},"featured_media":267081,"comment_status":"open","ping_status":"closed","template":"","meta":{"jetpack_post_was_ever_published":false},"product_brand":[],"product_cat":[200,203,726,979,968,945],"product_tag":[],"giftcard-category":[],"class_list":{"0":"post-267502","1":"product","2":"type-product","3":"status-publish","4":"has-post-thumbnail","6":"product_cat-ania-haie","7":"product_cat-ania-haie-bracelet","8":"product_cat-bracelets","9":"product_cat-graduation-2025","10":"product_cat-mothers-day-2025-ti-sento","11":"product_cat-pearls","12":"pa_material-silver","13":"pa_metal-color-silver","14":"pa_product-brand-ania-haie","15":"pa_stone-color-pearl","16":"pa_type-category-bracelets","18":"first","19":"instock","20":"taxable","21":"shipping-taxable","22":"purchasable","23":"product-type-simple"},"bundled_by":[],"bundle_stock_status":"instock","bundle_stock_quantity":6,"bundle_virtual":false,"bundle_layout":"","bundle_add_to_cart_form_location":"","bundle_editable_in_cart":false,"bundle_sold_individually_context":"","bundle_item_grouping":"","bundle_min_size":"","bundle_max_size":"","bundle_price":[],"bundled_items":[],"bundle_sell_ids":[],"etheme_brands":{"errors":{"invalid_taxonomy":["Lubamatu taksonoomia."]},"error_data":[]},"_links":{"self":[{"href":"https:\/\/glamuur.ee\/et\/wp-json\/wp\/v2\/product\/267502","targetHints":{"allow":["GET"]}}],"collection":[{"href":"https:\/\/glamuur.ee\/et\/wp-json\/wp\/v2\/product"}],"about":[{"href":"https:\/\/glamuur.ee\/et\/wp-json\/wp\/v2\/types\/product"}],"replies":[{"embeddable":true,"href":"https:\/\/glamuur.ee\/et\/wp-json\/wp\/v2\/comments?post=267502"}],"wp:featuredmedia":[{"embeddable":true,"href":"https:\/\/glamuur.ee\/et\/wp-json\/wp\/v2\/media\/267081"}],"wp:attachment":[{"href":"https:\/\/glamuur.ee\/et\/wp-json\/wp\/v2\/media?parent=267502"}],"wp:term":[{"taxonomy":"product_brand","embeddable":true,"href":"https:\/\/glamuur.ee\/et\/wp-json\/wp\/v2\/product_brand?post=267502"},{"taxonomy":"product_cat","embeddable":true,"href":"https:\/\/glamuur.ee\/et\/wp-json\/wp\/v2\/product_cat?post=267502"},{"taxonomy":"product_tag","embeddable":true,"href":"https:\/\/glamuur.ee\/et\/wp-json\/wp\/v2\/product_tag?post=267502"},{"taxonomy":"giftcard-category","embeddable":true,"href":"https:\/\/glamuur.ee\/et\/wp-json\/wp\/v2\/giftcard-category?post=267502"}],"curies":[{"name":"wp","href":"https:\/\/api.w.org\/{rel}","templated":true}]}}