{"id":265985,"date":"2024-09-26T18:18:52","date_gmt":"2024-09-26T15:18:52","guid":{"rendered":"https:\/\/glamuur.ee\/product\/ti-sento-ring-12355mw\/"},"modified":"2026-02-16T13:38:18","modified_gmt":"2026-02-16T11:38:18","slug":"ti-sento-ring-12355mw","status":"publish","type":"product","link":"https:\/\/glamuur.ee\/et\/product\/ti-sento-ring-12355mw\/","title":{"rendered":"TI SENTO Ring 12355MW"},"content":{"rendered":"<p>See TI SENTO kullatud skarabeuse s\u00f5rmus 12355MW on eeterliku elegantsiga. See s\u00f5rmus on valmistatud 925 sterlingh\u00f5bedast ja kaetud plaatinaga, mis tagab p\u00fcsiva s\u00e4ra, ning sellel on lummav skarabeuse kujundus. Skarabeuse keha on kaunistatud valge tsirkooniumkivide s\u00e4rava paveeringuga, samal ajal kui tema tiivad on kaunistatud luksuslikus kollase kullatud raamistuses oleval p\u00e4rlmutter intarsiaga. Skarabeuse mardikas, mis on iidses Egiptuse kultuuris uuestis\u00fcnni ja muundumise s\u00fcmbol, on \u00fcmber m\u00f5testatud kaasaegseks v\u00e4ljapaistvaks esemeks. See s\u00f5rmus on t\u00e4iuslik segu traditsioonidest ja kaasaegsest disainist, mis pakub salap\u00e4ra ja elegantsi. Las see s\u00f5rmus on teie rafineeritud esteetika keskpunkt. Kandke seda \u00fcksinda, et teha julge avaldus, v\u00f5i kombineerituna teiste esemetega, et luua vaevata \u0161ikk v\u00e4limus. See niklivaba ja h\u00fcpoallergeenne s\u00f5rmus on valmistatud tundlikku nahka s\u00e4\u00e4stvalt ja tagab kestva mugavuse ja kvaliteedi.<\/p>","protected":false},"excerpt":{"rendered":"<ul>\n<li>Kujundatud ja k\u00e4sitsi valmistatud<\/li>\n<li>Valmistatud kvaliteetsest h\u00f5bedast ja 18K kullastamisest.<\/li>\n<li>Ajatu disain, mis on valmistatud kombineerimiseks ja sobitamiseks<\/li>\n<\/ul>","protected":false},"featured_media":265986,"comment_status":"open","ping_status":"closed","template":"","meta":{"jetpack_post_was_ever_published":false},"product_brand":[],"product_cat":[979,968,599,945,730,939,964,72,145],"product_tag":[],"giftcard-category":[],"class_list":{"0":"post-265985","1":"product","2":"type-product","3":"status-publish","4":"has-post-thumbnail","6":"product_cat-graduation-2025","7":"product_cat-mothers-day-2025-ti-sento","8":"product_cat-sale","9":"product_cat-pearls","10":"product_cat-rings","11":"product_cat-ti-sento-sale-europe","12":"product_cat-summer-sale-ti-sento","13":"product_cat-ti-sento-milano","14":"product_cat-ti-sento-milano-rings","15":"pa_material-silver","16":"pa_metal-color-silver","17":"pa_product-brand-ti-sento-milano","18":"pa_size-48-1550","19":"pa_size-50-1600","20":"pa_size-52-1650","21":"pa_size-54-1725","22":"pa_size-56-1775","23":"pa_size-58-1850","24":"pa_size-60-1900","25":"pa_size-62-1950","26":"pa_stone-color-pearl","27":"pa_type-category-rings","29":"first","30":"instock","31":"taxable","32":"shipping-taxable","33":"purchasable","34":"product-type-variable"},"bundled_by":[],"bundle_stock_status":"instock","bundle_stock_quantity":null,"bundle_virtual":false,"bundle_layout":"","bundle_add_to_cart_form_location":"","bundle_editable_in_cart":false,"bundle_sold_individually_context":"","bundle_item_grouping":"","bundle_min_size":"","bundle_max_size":"","bundle_price":[],"bundled_items":[],"bundle_sell_ids":[],"etheme_brands":{"errors":{"invalid_taxonomy":["Lubamatu taksonoomia."]},"error_data":[]},"_links":{"self":[{"href":"https:\/\/glamuur.ee\/et\/wp-json\/wp\/v2\/product\/265985","targetHints":{"allow":["GET"]}}],"collection":[{"href":"https:\/\/glamuur.ee\/et\/wp-json\/wp\/v2\/product"}],"about":[{"href":"https:\/\/glamuur.ee\/et\/wp-json\/wp\/v2\/types\/product"}],"replies":[{"embeddable":true,"href":"https:\/\/glamuur.ee\/et\/wp-json\/wp\/v2\/comments?post=265985"}],"wp:featuredmedia":[{"embeddable":true,"href":"https:\/\/glamuur.ee\/et\/wp-json\/wp\/v2\/media\/265986"}],"wp:attachment":[{"href":"https:\/\/glamuur.ee\/et\/wp-json\/wp\/v2\/media?parent=265985"}],"wp:term":[{"taxonomy":"product_brand","embeddable":true,"href":"https:\/\/glamuur.ee\/et\/wp-json\/wp\/v2\/product_brand?post=265985"},{"taxonomy":"product_cat","embeddable":true,"href":"https:\/\/glamuur.ee\/et\/wp-json\/wp\/v2\/product_cat?post=265985"},{"taxonomy":"product_tag","embeddable":true,"href":"https:\/\/glamuur.ee\/et\/wp-json\/wp\/v2\/product_tag?post=265985"},{"taxonomy":"giftcard-category","embeddable":true,"href":"https:\/\/glamuur.ee\/et\/wp-json\/wp\/v2\/giftcard-category?post=265985"}],"curies":[{"name":"wp","href":"https:\/\/api.w.org\/{rel}","templated":true}]}}