{"id":265936,"date":"2024-09-26T18:22:37","date_gmt":"2024-09-26T15:22:37","guid":{"rendered":"https:\/\/glamuur.ee\/product\/ti-sento-ring-12352ka\/"},"modified":"2026-04-15T17:05:13","modified_gmt":"2026-04-15T14:05:13","slug":"ti-sento-ring-12352ka","status":"publish","type":"product","link":"https:\/\/glamuur.ee\/et\/product\/ti-sento-ring-12352ka\/","title":{"rendered":"TI SENTO Ring 12352KA"},"content":{"rendered":"<p>Nautige selle TI SENTO h\u00f5bedast s\u00f5rmuse 12352KA abil valguse ja pimeduse lummavat koosm\u00e4ngu. Sellel peenel teosel on kaks rihma, mis on m\u00f5lemad valmistatud 925 sterlingh\u00f5bedast ja kaetud plaatinaga, mis tagab p\u00fcsiva s\u00e4ra. \u00dchte rihma kaunistab rafineeritud l\u00e4bipaistev khakiroheline padjakujuline kivi, samas kui teine rihm on pimestava valge tsirkooniumkiviga. Kontrastsed tekstuurid ja v\u00e4rvid loovad visuaalselt h\u00e4mmastava efekti. S\u00f5rmuse m\u00e4nguline disain tekitab moodsat elegantsi ja ajatut rafineeritust. Must kivi lisab salap\u00e4ra ja s\u00fcgavust, samal ajal kui valged tsirkooniumkivid loovad s\u00e4rava valgushalo. M\u00f5lemad keskmised kivid on asetatud s\u00e4ravasse kollase kullaga kaetud raamistusse. T\u00f5sta oma igap\u00e4evast v\u00e4limust selle uimastava aksessuaariga. Kandke seda \u00fcksi, et teha julge avaldus, v\u00f5i lisage oma k\u00e4ele mitu \u00fcksteise peale laduvat s\u00f5rmust, et luua oma unikaalne pilkup\u00fc\u00fcdev v\u00e4limus. Tundliku naha eest hoolitsedes valmistatud niklivaba ja h\u00fcpoallergeenne s\u00f5rmus tagab kestva mugavuse ja kvaliteedi.<\/p>","protected":false},"excerpt":{"rendered":"<ul>\n<li>Kujundatud ja k\u00e4sitsi valmistatud<\/li>\n<li>Valmistatud kvaliteetsest h\u00f5bedast ja 18K kullastamisest.<\/li>\n<li>Ajatu disain, mis on valmistatud kombineerimiseks ja sobitamiseks<\/li>\n<\/ul>","protected":false},"featured_media":265937,"comment_status":"open","ping_status":"closed","template":"","meta":{"jetpack_post_was_ever_published":false},"product_brand":[],"product_cat":[979,980,730,939,964,72,145],"product_tag":[],"giftcard-category":[],"class_list":{"0":"post-265936","1":"product","2":"type-product","3":"status-publish","4":"has-post-thumbnail","6":"product_cat-graduation-2025","7":"product_cat-ready-for-vacation","8":"product_cat-rings","9":"product_cat-ti-sento-sale-europe","10":"product_cat-summer-sale-ti-sento","11":"product_cat-ti-sento-milano","12":"product_cat-ti-sento-milano-rings","13":"pa_material-silver","14":"pa_metal-color-yellow-gold","15":"pa_product-brand-ti-sento-milano","16":"pa_size-48-1550","17":"pa_size-50-1600","18":"pa_size-52-1650","19":"pa_size-54-1725","20":"pa_size-56-1775","21":"pa_size-58-1850","22":"pa_size-60-1900","23":"pa_size-62-1950","24":"pa_stone-color-green","25":"pa_type-category-rings","27":"first","28":"instock","29":"taxable","30":"shipping-taxable","31":"purchasable","32":"product-type-variable"},"bundled_by":[],"bundle_stock_status":"instock","bundle_stock_quantity":null,"bundle_virtual":false,"bundle_layout":"","bundle_add_to_cart_form_location":"","bundle_editable_in_cart":false,"bundle_sold_individually_context":"","bundle_item_grouping":"","bundle_min_size":"","bundle_max_size":"","bundle_price":[],"bundled_items":[],"bundle_sell_ids":[],"etheme_brands":{"errors":{"invalid_taxonomy":["Lubamatu taksonoomia."]},"error_data":[]},"_links":{"self":[{"href":"https:\/\/glamuur.ee\/et\/wp-json\/wp\/v2\/product\/265936","targetHints":{"allow":["GET"]}}],"collection":[{"href":"https:\/\/glamuur.ee\/et\/wp-json\/wp\/v2\/product"}],"about":[{"href":"https:\/\/glamuur.ee\/et\/wp-json\/wp\/v2\/types\/product"}],"replies":[{"embeddable":true,"href":"https:\/\/glamuur.ee\/et\/wp-json\/wp\/v2\/comments?post=265936"}],"wp:featuredmedia":[{"embeddable":true,"href":"https:\/\/glamuur.ee\/et\/wp-json\/wp\/v2\/media\/265937"}],"wp:attachment":[{"href":"https:\/\/glamuur.ee\/et\/wp-json\/wp\/v2\/media?parent=265936"}],"wp:term":[{"taxonomy":"product_brand","embeddable":true,"href":"https:\/\/glamuur.ee\/et\/wp-json\/wp\/v2\/product_brand?post=265936"},{"taxonomy":"product_cat","embeddable":true,"href":"https:\/\/glamuur.ee\/et\/wp-json\/wp\/v2\/product_cat?post=265936"},{"taxonomy":"product_tag","embeddable":true,"href":"https:\/\/glamuur.ee\/et\/wp-json\/wp\/v2\/product_tag?post=265936"},{"taxonomy":"giftcard-category","embeddable":true,"href":"https:\/\/glamuur.ee\/et\/wp-json\/wp\/v2\/giftcard-category?post=265936"}],"curies":[{"name":"wp","href":"https:\/\/api.w.org\/{rel}","templated":true}]}}