{"id":265923,"date":"2024-09-26T18:19:05","date_gmt":"2024-09-26T15:19:05","guid":{"rendered":"https:\/\/glamuur.ee\/product\/ti-sento-ring-12351ka\/"},"modified":"2026-02-16T13:37:48","modified_gmt":"2026-02-16T11:37:48","slug":"ti-sento-ring-12351ka","status":"publish","type":"product","link":"https:\/\/glamuur.ee\/et\/product\/ti-sento-ring-12351ka\/","title":{"rendered":"TI SENTO Ring 12351KA"},"content":{"rendered":"<p>See TI SENTO kullatud h\u00f5bedast s\u00f5rmus 12351KA on ajatult elegantne. See s\u00f5rmus on valmistatud 925 h\u00f5bedast ja kaetud luksusliku kollase kullaga ning see on v\u00f5luv sulam vintage-stiilist ja kaasaegsest elegantsist. S\u00f5rmuse keskosa, l\u00e4bipaistev khakiroheline padjakujuline kivi, \u00f5hkab salap\u00e4ra ja s\u00fcgavust. See s\u00f5rmus on inspireeritud m\u00f6\u00f6dunud ajastute k\u00fcllusest ja on t\u00f5eline statement-t\u00fckk. Selle julge disain ja luksuslikud materjalid teevad sellest t\u00e4iusliku aksessuaari kaasaegsele naisele, kes soovib lisada oma v\u00e4limusele dramaatilisust. Lase sellel s\u00f5rmusel olla oma ansambli keskne osa. Kandke seda \u00fcksinda, et anda julgelt m\u00e4rku, v\u00f5i kombineerituna teiste TI SENTO esemetega, et luua enesekindlust ja veetlust kiirgav v\u00e4limus. Tundliku naha eest hoolitsedes valmistatud niklivaba ja h\u00fcpoallergeenne s\u00f5rmus tagab kestva mugavuse ja kvaliteedi.<\/p>","protected":false},"excerpt":{"rendered":"<ul>\n<li>Kujundatud ja k\u00e4sitsi valmistatud<\/li>\n<li>Valmistatud kvaliteetsest h\u00f5bedast ja 18K kullastamisest.<\/li>\n<li>Ajatu disain, mis on valmistatud kombineerimiseks ja sobitamiseks<\/li>\n<\/ul>","protected":false},"featured_media":265924,"comment_status":"open","ping_status":"closed","template":"","meta":{"jetpack_post_was_ever_published":false},"product_brand":[],"product_cat":[979,980,730,939,964,72,145],"product_tag":[],"giftcard-category":[],"class_list":{"0":"post-265923","1":"product","2":"type-product","3":"status-publish","4":"has-post-thumbnail","6":"product_cat-graduation-2025","7":"product_cat-ready-for-vacation","8":"product_cat-rings","9":"product_cat-ti-sento-sale-europe","10":"product_cat-summer-sale-ti-sento","11":"product_cat-ti-sento-milano","12":"product_cat-ti-sento-milano-rings","13":"pa_material-silver","14":"pa_metal-color-yellow-gold","15":"pa_product-brand-ti-sento-milano","16":"pa_size-48-1550","17":"pa_size-50-1600","18":"pa_size-52-1650","19":"pa_size-54-1725","20":"pa_size-56-1775","21":"pa_size-58-1850","22":"pa_size-60-1900","23":"pa_size-62-1950","24":"pa_stone-color-green","25":"pa_type-category-rings","27":"first","28":"instock","29":"taxable","30":"shipping-taxable","31":"purchasable","32":"product-type-variable"},"bundled_by":[],"bundle_stock_status":"instock","bundle_stock_quantity":null,"bundle_virtual":false,"bundle_layout":"","bundle_add_to_cart_form_location":"","bundle_editable_in_cart":false,"bundle_sold_individually_context":"","bundle_item_grouping":"","bundle_min_size":"","bundle_max_size":"","bundle_price":[],"bundled_items":[],"bundle_sell_ids":[],"etheme_brands":{"errors":{"invalid_taxonomy":["Lubamatu taksonoomia."]},"error_data":[]},"_links":{"self":[{"href":"https:\/\/glamuur.ee\/et\/wp-json\/wp\/v2\/product\/265923","targetHints":{"allow":["GET"]}}],"collection":[{"href":"https:\/\/glamuur.ee\/et\/wp-json\/wp\/v2\/product"}],"about":[{"href":"https:\/\/glamuur.ee\/et\/wp-json\/wp\/v2\/types\/product"}],"replies":[{"embeddable":true,"href":"https:\/\/glamuur.ee\/et\/wp-json\/wp\/v2\/comments?post=265923"}],"wp:featuredmedia":[{"embeddable":true,"href":"https:\/\/glamuur.ee\/et\/wp-json\/wp\/v2\/media\/265924"}],"wp:attachment":[{"href":"https:\/\/glamuur.ee\/et\/wp-json\/wp\/v2\/media?parent=265923"}],"wp:term":[{"taxonomy":"product_brand","embeddable":true,"href":"https:\/\/glamuur.ee\/et\/wp-json\/wp\/v2\/product_brand?post=265923"},{"taxonomy":"product_cat","embeddable":true,"href":"https:\/\/glamuur.ee\/et\/wp-json\/wp\/v2\/product_cat?post=265923"},{"taxonomy":"product_tag","embeddable":true,"href":"https:\/\/glamuur.ee\/et\/wp-json\/wp\/v2\/product_tag?post=265923"},{"taxonomy":"giftcard-category","embeddable":true,"href":"https:\/\/glamuur.ee\/et\/wp-json\/wp\/v2\/giftcard-category?post=265923"}],"curies":[{"name":"wp","href":"https:\/\/api.w.org\/{rel}","templated":true}]}}