{"id":265911,"date":"2024-09-26T18:27:51","date_gmt":"2024-09-26T15:27:51","guid":{"rendered":"https:\/\/glamuur.ee\/product\/ti-sento-ring-12350bl\/"},"modified":"2026-02-16T13:37:43","modified_gmt":"2026-02-16T11:37:43","slug":"ti-sento-ring-12350bl","status":"publish","type":"product","link":"https:\/\/glamuur.ee\/et\/product\/ti-sento-ring-12350bl\/","title":{"rendered":"TI SENTO Ring 12350BL"},"content":{"rendered":"<p>Nautige ajatut elegantsi selle TI SENTO kullatud h\u00f5bedast s\u00f5rmusega 12350BL. See 925 h\u00f5bedast valmistatud ja s\u00e4rava kollase kullaga kaetud s\u00f5rmus kujutab endast geomeetriliste kujundite paeluvat koosm\u00f5ju. Mustad intarsiakivid ja pisikesed s\u00e4ravad valged tsirkooniumkivid loovad rikkaliku ehte. See s\u00f5rmus t\u00e4histab moodsat luksust, meenutades m\u00f6\u00f6dunud ajastute k\u00fclluslikkust ja rafineeritust. Julge disain ja luksuslikud materjalid teevad sellest t\u00f5eliselt erakordse teose. Lisage oma igap\u00e4evasele v\u00e4limusele ekstra vunki selle ajatu aksessuaariga. Kandke seda \u00fcksi, et teha julge avaldus, v\u00f5i \u00fchendage see teiste TI SENTO s\u00f5rmustega, et luua enesekindlust ja elegantsust kiirgav komplekt. Tundliku naha eest hoolitsedes valmistatud niklivaba ja h\u00fcpoallergeenne s\u00f5rmus tagab kestva mugavuse ja kvaliteedi.<\/p>","protected":false},"excerpt":{"rendered":"<ul>\n<li>Kujundatud ja k\u00e4sitsi valmistatud<\/li>\n<li>Valmistatud kvaliteetsest h\u00f5bedast ja 18K kullastamisest.<\/li>\n<li>Ajatu disain, mis on valmistatud kombineerimiseks ja sobitamiseks<\/li>\n<\/ul>","protected":false},"featured_media":265912,"comment_status":"open","ping_status":"closed","template":"","meta":{"jetpack_post_was_ever_published":false},"product_brand":[],"product_cat":[979,599,730,939,964,72,145],"product_tag":[],"giftcard-category":[],"class_list":{"0":"post-265911","1":"product","2":"type-product","3":"status-publish","4":"has-post-thumbnail","6":"product_cat-graduation-2025","7":"product_cat-sale","8":"product_cat-rings","9":"product_cat-ti-sento-sale-europe","10":"product_cat-summer-sale-ti-sento","11":"product_cat-ti-sento-milano","12":"product_cat-ti-sento-milano-rings","13":"pa_material-silver","14":"pa_metal-color-yellow-gold","15":"pa_product-brand-ti-sento-milano","16":"pa_size-48-1550","17":"pa_size-50-1600","18":"pa_size-52-1650","19":"pa_size-54-1725","20":"pa_size-56-1775","21":"pa_size-58-1850","22":"pa_size-60-1900","23":"pa_size-62-1950","24":"pa_stone-color-black","25":"pa_type-category-rings","27":"first","28":"instock","29":"taxable","30":"shipping-taxable","31":"purchasable","32":"product-type-variable"},"bundled_by":[],"bundle_stock_status":"instock","bundle_stock_quantity":null,"bundle_virtual":false,"bundle_layout":"","bundle_add_to_cart_form_location":"","bundle_editable_in_cart":false,"bundle_sold_individually_context":"","bundle_item_grouping":"","bundle_min_size":"","bundle_max_size":"","bundle_price":[],"bundled_items":[],"bundle_sell_ids":[],"etheme_brands":{"errors":{"invalid_taxonomy":["Lubamatu taksonoomia."]},"error_data":[]},"_links":{"self":[{"href":"https:\/\/glamuur.ee\/et\/wp-json\/wp\/v2\/product\/265911","targetHints":{"allow":["GET"]}}],"collection":[{"href":"https:\/\/glamuur.ee\/et\/wp-json\/wp\/v2\/product"}],"about":[{"href":"https:\/\/glamuur.ee\/et\/wp-json\/wp\/v2\/types\/product"}],"replies":[{"embeddable":true,"href":"https:\/\/glamuur.ee\/et\/wp-json\/wp\/v2\/comments?post=265911"}],"wp:featuredmedia":[{"embeddable":true,"href":"https:\/\/glamuur.ee\/et\/wp-json\/wp\/v2\/media\/265912"}],"wp:attachment":[{"href":"https:\/\/glamuur.ee\/et\/wp-json\/wp\/v2\/media?parent=265911"}],"wp:term":[{"taxonomy":"product_brand","embeddable":true,"href":"https:\/\/glamuur.ee\/et\/wp-json\/wp\/v2\/product_brand?post=265911"},{"taxonomy":"product_cat","embeddable":true,"href":"https:\/\/glamuur.ee\/et\/wp-json\/wp\/v2\/product_cat?post=265911"},{"taxonomy":"product_tag","embeddable":true,"href":"https:\/\/glamuur.ee\/et\/wp-json\/wp\/v2\/product_tag?post=265911"},{"taxonomy":"giftcard-category","embeddable":true,"href":"https:\/\/glamuur.ee\/et\/wp-json\/wp\/v2\/giftcard-category?post=265911"}],"curies":[{"name":"wp","href":"https:\/\/api.w.org\/{rel}","templated":true}]}}