{"id":265815,"date":"2024-09-26T18:14:27","date_gmt":"2024-09-26T15:14:27","guid":{"rendered":"https:\/\/glamuur.ee\/product\/ti-sento-ring-12344zi\/"},"modified":"2026-02-16T13:37:23","modified_gmt":"2026-02-16T11:37:23","slug":"ti-sento-ring-12344zi","status":"publish","type":"product","link":"https:\/\/glamuur.ee\/et\/product\/ti-sento-ring-12344zi\/","title":{"rendered":"TI SENTO Ring 12344ZI"},"content":{"rendered":"<p>Armastage minimalistlikku luksust selle TI SENTO h\u00f5bedast s\u00f5rmusega 12344ZI. See s\u00f5rmus on valmistatud 925 sterlingh\u00f5bedast ja kaetud v\u00e4\u00e4rtusliku plaatinaga, mis tagab p\u00fcsiva s\u00e4ra, ning seda kaunistavad kolm \u00f5rna riba, mida kaunistavad s\u00e4ravad kuubiliste tsirkooniumide paveeringud. Plaatina jahe, helendav viimistlus lisab kaasaegset elegantsust, samas kui minimalistlik disain on inspireeritud ajatust esteetikast. See s\u00f5rmus on rohkem kui lihtsalt aksessuaar, see s\u00fcmboliseerib rafineeritud maitset ja vaevata stiili. Selle \u00f5rnad rihmad ja s\u00e4delevad kivid loovad harmoonilise segu traditsioonidest ja modernsusest. Kogege selle lummava s\u00f5rmuse v\u00f5lu. Kandke seda \u00fcksi, et anda minimalistlik avaldus, v\u00f5i pange see kokku teiste s\u00f5rmustega, et anda isikup\u00e4rane ilme. Tundliku naha eest hoolitsedes valmistatud niklivaba ja h\u00fcpoallergeenne s\u00f5rmus tagab kestva mugavuse ja kvaliteedi.<\/p>","protected":false},"excerpt":{"rendered":"<ul>\n<li>Kujundatud ja k\u00e4sitsi valmistatud<\/li>\n<li>Valmistatud kvaliteetsest h\u00f5bedast ja plaatinaga kaetud h\u00f5bedast.<\/li>\n<li>Ajatu disain, mis on valmistatud kombineerimiseks ja sobitamiseks<\/li>\n<\/ul>","protected":false},"featured_media":265816,"comment_status":"open","ping_status":"closed","template":"","meta":{"jetpack_post_was_ever_published":false},"product_brand":[],"product_cat":[979,599,730,939,964,72,145],"product_tag":[],"giftcard-category":[],"class_list":{"0":"post-265815","1":"product","2":"type-product","3":"status-publish","4":"has-post-thumbnail","6":"product_cat-graduation-2025","7":"product_cat-sale","8":"product_cat-rings","9":"product_cat-ti-sento-sale-europe","10":"product_cat-summer-sale-ti-sento","11":"product_cat-ti-sento-milano","12":"product_cat-ti-sento-milano-rings","13":"pa_material-silver","14":"pa_metal-color-silver","15":"pa_product-brand-ti-sento-milano","16":"pa_size-48-1550","17":"pa_size-50-1600","18":"pa_size-52-1650","19":"pa_size-54-1725","20":"pa_size-56-1775","21":"pa_size-58-1850","22":"pa_size-60-1900","23":"pa_size-62-1950","24":"pa_stone-color-white","25":"pa_type-category-rings","27":"first","28":"instock","29":"taxable","30":"shipping-taxable","31":"purchasable","32":"product-type-variable"},"bundled_by":[],"bundle_stock_status":"instock","bundle_stock_quantity":null,"bundle_virtual":false,"bundle_layout":"","bundle_add_to_cart_form_location":"","bundle_editable_in_cart":false,"bundle_sold_individually_context":"","bundle_item_grouping":"","bundle_min_size":"","bundle_max_size":"","bundle_price":[],"bundled_items":[],"bundle_sell_ids":[],"etheme_brands":{"errors":{"invalid_taxonomy":["Lubamatu taksonoomia."]},"error_data":[]},"_links":{"self":[{"href":"https:\/\/glamuur.ee\/et\/wp-json\/wp\/v2\/product\/265815","targetHints":{"allow":["GET"]}}],"collection":[{"href":"https:\/\/glamuur.ee\/et\/wp-json\/wp\/v2\/product"}],"about":[{"href":"https:\/\/glamuur.ee\/et\/wp-json\/wp\/v2\/types\/product"}],"replies":[{"embeddable":true,"href":"https:\/\/glamuur.ee\/et\/wp-json\/wp\/v2\/comments?post=265815"}],"wp:featuredmedia":[{"embeddable":true,"href":"https:\/\/glamuur.ee\/et\/wp-json\/wp\/v2\/media\/265816"}],"wp:attachment":[{"href":"https:\/\/glamuur.ee\/et\/wp-json\/wp\/v2\/media?parent=265815"}],"wp:term":[{"taxonomy":"product_brand","embeddable":true,"href":"https:\/\/glamuur.ee\/et\/wp-json\/wp\/v2\/product_brand?post=265815"},{"taxonomy":"product_cat","embeddable":true,"href":"https:\/\/glamuur.ee\/et\/wp-json\/wp\/v2\/product_cat?post=265815"},{"taxonomy":"product_tag","embeddable":true,"href":"https:\/\/glamuur.ee\/et\/wp-json\/wp\/v2\/product_tag?post=265815"},{"taxonomy":"giftcard-category","embeddable":true,"href":"https:\/\/glamuur.ee\/et\/wp-json\/wp\/v2\/giftcard-category?post=265815"}],"curies":[{"name":"wp","href":"https:\/\/api.w.org\/{rel}","templated":true}]}}