{"id":265791,"date":"2024-09-26T18:14:35","date_gmt":"2024-09-26T15:14:35","guid":{"rendered":"https:\/\/glamuur.ee\/product\/ti-sento-ring-12342zi\/"},"modified":"2026-03-16T18:30:14","modified_gmt":"2026-03-16T16:30:14","slug":"ti-sento-ring-12342zi","status":"publish","type":"product","link":"https:\/\/glamuur.ee\/et\/product\/ti-sento-ring-12342zi\/","title":{"rendered":"TI SENTO Ring 12342ZI"},"content":{"rendered":"<p>TI SENTO s\u00f5rmus 12342ZI on valmistatud h\u00f5bedast plaatinaga kaetud musta oks\u00fcdeeritud viimistlusega. Selle s\u00f5rmuse v\u00e4rvus on tsirkooniatega valge. K\u00f5ik TI SENTO ehted on kinkekaubana pakitud l\u00f5pmatu armastuse ja hoolega. Maagia on meie h\u00f5bedas.<\/p>","protected":false},"excerpt":{"rendered":"<p>TI SENTO s\u00f5rmus 12342ZI on valmistatud h\u00f5bedast plaatinaga kaetud musta oks\u00fcdeeritud viimistlusega. Selle s\u00f5rmuse v\u00e4rvus on tsirkooniatega valge. K\u00f5ik TI SENTO ehted on kinkekaubana pakitud l\u00f5pmatu armastuse ja hoolega. Maagia on meie h\u00f5bedas.<\/p>","protected":false},"featured_media":265792,"comment_status":"open","ping_status":"closed","template":"","meta":{"jetpack_post_was_ever_published":false},"product_brand":[],"product_cat":[979,730,939,964,72,145],"product_tag":[],"giftcard-category":[],"class_list":{"0":"post-265791","1":"product","2":"type-product","3":"status-publish","4":"has-post-thumbnail","6":"product_cat-graduation-2025","7":"product_cat-rings","8":"product_cat-ti-sento-sale-europe","9":"product_cat-summer-sale-ti-sento","10":"product_cat-ti-sento-milano","11":"product_cat-ti-sento-milano-rings","12":"pa_material-silver","13":"pa_metal-color-silver","14":"pa_product-brand-ti-sento-milano","15":"pa_size-48-1550","16":"pa_size-50-1600","17":"pa_size-52-1650","18":"pa_size-54-1725","19":"pa_size-56-1775","20":"pa_size-58-1850","21":"pa_size-60-1900","22":"pa_size-62-1950","23":"pa_stone-color-white","24":"pa_type-category-rings","26":"first","27":"instock","28":"taxable","29":"shipping-taxable","30":"purchasable","31":"product-type-variable"},"bundled_by":[],"bundle_stock_status":"instock","bundle_stock_quantity":null,"bundle_virtual":false,"bundle_layout":"","bundle_add_to_cart_form_location":"","bundle_editable_in_cart":false,"bundle_sold_individually_context":"","bundle_item_grouping":"","bundle_min_size":"","bundle_max_size":"","bundle_price":[],"bundled_items":[],"bundle_sell_ids":[],"etheme_brands":{"errors":{"invalid_taxonomy":["Lubamatu taksonoomia."]},"error_data":[]},"_links":{"self":[{"href":"https:\/\/glamuur.ee\/et\/wp-json\/wp\/v2\/product\/265791","targetHints":{"allow":["GET"]}}],"collection":[{"href":"https:\/\/glamuur.ee\/et\/wp-json\/wp\/v2\/product"}],"about":[{"href":"https:\/\/glamuur.ee\/et\/wp-json\/wp\/v2\/types\/product"}],"replies":[{"embeddable":true,"href":"https:\/\/glamuur.ee\/et\/wp-json\/wp\/v2\/comments?post=265791"}],"wp:featuredmedia":[{"embeddable":true,"href":"https:\/\/glamuur.ee\/et\/wp-json\/wp\/v2\/media\/265792"}],"wp:attachment":[{"href":"https:\/\/glamuur.ee\/et\/wp-json\/wp\/v2\/media?parent=265791"}],"wp:term":[{"taxonomy":"product_brand","embeddable":true,"href":"https:\/\/glamuur.ee\/et\/wp-json\/wp\/v2\/product_brand?post=265791"},{"taxonomy":"product_cat","embeddable":true,"href":"https:\/\/glamuur.ee\/et\/wp-json\/wp\/v2\/product_cat?post=265791"},{"taxonomy":"product_tag","embeddable":true,"href":"https:\/\/glamuur.ee\/et\/wp-json\/wp\/v2\/product_tag?post=265791"},{"taxonomy":"giftcard-category","embeddable":true,"href":"https:\/\/glamuur.ee\/et\/wp-json\/wp\/v2\/giftcard-category?post=265791"}],"curies":[{"name":"wp","href":"https:\/\/api.w.org\/{rel}","templated":true}]}}