{"id":265716,"date":"2024-09-26T18:22:44","date_gmt":"2024-09-26T15:22:44","guid":{"rendered":"https:\/\/glamuur.ee\/product\/ti-sento-ring-12337zy\/"},"modified":"2026-02-16T13:35:39","modified_gmt":"2026-02-16T11:35:39","slug":"ti-sento-ring-12337zy","status":"publish","type":"product","link":"https:\/\/glamuur.ee\/et\/product\/ti-sento-ring-12337zy\/","title":{"rendered":"TI SENTO Ring 12337ZY"},"content":{"rendered":"<p>See TI SENTO kullatud h\u00f5bedast s\u00f5rmus 12337ZY on ajatu elegantsi ja kaasaegse v\u00e4\u00e4ndega. Selles ainulaadses disainis on rida smaragdl\u00f5ikega valgeid kuubikujulisi tsirkooniumikive, mis on asetatud metallide lummavasse koosm\u00e4ngu. 925 sterlingh\u00f5bedast valmistatud s\u00f5rmus on kaetud helendava plaatinaga, mis vaheldub kollase kulla sooja s\u00e4raga, luues t\u00f5eliselt pilkup\u00fc\u00fcdva kollektsiooni. Smaragdl\u00f5ikega kuubi tsirkoonia suurendab selle s\u00e4ra, samal ajal kui kontrastsed metallid lisavad disainile s\u00fcgavust ja m\u00f5\u00f5det, muutes selle eseme t\u00f5eliseks vestluse alustajaks. Olenemata sellest, kas riietute ametlikuks \u00fcrituseks v\u00f5i lisate oma igap\u00e4evasele v\u00e4limusele elegantsi, see s\u00f5rmus t\u00f5stab teie stiili vaevata graatsia. Kandke seda \u00fcksi, et v\u00e4ljendada moodsat elegantsi, v\u00f5i \u00fchendage see teiste h\u00f5bedase v\u00f5i kuldse TI SENTO s\u00f5rmustega, et luua unustamatu v\u00e4limus. Kogege smaragdl\u00f5ikega briljantsuse ajatut v\u00f5lu, mis on \u00fcmber kujundatud kaasaegse elegantsiga. See niklivaba ja h\u00fcpoallergeenne s\u00f5rmus on valmistatud tundlikku nahka s\u00e4\u00e4stvalt, tagades p\u00fcsiva mugavuse ja kvaliteedi.<\/p>","protected":false},"excerpt":{"rendered":"<ul>\n<li>Kujundatud ja k\u00e4sitsi valmistatud<\/li>\n<li>Valmistatud kvaliteetsest h\u00f5bedast ja 18K kullastamisest.<\/li>\n<li>Ajatu disain, mis on valmistatud kombineerimiseks ja sobitamiseks<\/li>\n<\/ul>","protected":false},"featured_media":273382,"comment_status":"open","ping_status":"closed","template":"","meta":{"jetpack_post_was_ever_published":false},"product_brand":[],"product_cat":[979,599,730,939,964,72,145,976],"product_tag":[],"giftcard-category":[],"class_list":{"0":"post-265716","1":"product","2":"type-product","3":"status-publish","4":"has-post-thumbnail","6":"product_cat-graduation-2025","7":"product_cat-sale","8":"product_cat-rings","9":"product_cat-ti-sento-sale-europe","10":"product_cat-summer-sale-ti-sento","11":"product_cat-ti-sento-milano","12":"product_cat-ti-sento-milano-rings","13":"product_cat-wedding-season","14":"pa_material-silver","15":"pa_metal-color-yellow-gold","16":"pa_product-brand-ti-sento-milano","17":"pa_size-48-1550","18":"pa_size-50-1600","19":"pa_size-52-1650","20":"pa_size-54-1725","21":"pa_size-56-1775","22":"pa_size-58-1850","23":"pa_size-60-1900","24":"pa_size-62-1950","25":"pa_stone-color-white","26":"pa_type-category-rings","28":"first","29":"instock","30":"taxable","31":"shipping-taxable","32":"purchasable","33":"product-type-variable"},"bundled_by":[],"bundle_stock_status":"instock","bundle_stock_quantity":null,"bundle_virtual":false,"bundle_layout":"","bundle_add_to_cart_form_location":"","bundle_editable_in_cart":false,"bundle_sold_individually_context":"","bundle_item_grouping":"","bundle_min_size":"","bundle_max_size":"","bundle_price":[],"bundled_items":[],"bundle_sell_ids":[],"etheme_brands":{"errors":{"invalid_taxonomy":["Lubamatu taksonoomia."]},"error_data":[]},"_links":{"self":[{"href":"https:\/\/glamuur.ee\/et\/wp-json\/wp\/v2\/product\/265716","targetHints":{"allow":["GET"]}}],"collection":[{"href":"https:\/\/glamuur.ee\/et\/wp-json\/wp\/v2\/product"}],"about":[{"href":"https:\/\/glamuur.ee\/et\/wp-json\/wp\/v2\/types\/product"}],"replies":[{"embeddable":true,"href":"https:\/\/glamuur.ee\/et\/wp-json\/wp\/v2\/comments?post=265716"}],"wp:featuredmedia":[{"embeddable":true,"href":"https:\/\/glamuur.ee\/et\/wp-json\/wp\/v2\/media\/273382"}],"wp:attachment":[{"href":"https:\/\/glamuur.ee\/et\/wp-json\/wp\/v2\/media?parent=265716"}],"wp:term":[{"taxonomy":"product_brand","embeddable":true,"href":"https:\/\/glamuur.ee\/et\/wp-json\/wp\/v2\/product_brand?post=265716"},{"taxonomy":"product_cat","embeddable":true,"href":"https:\/\/glamuur.ee\/et\/wp-json\/wp\/v2\/product_cat?post=265716"},{"taxonomy":"product_tag","embeddable":true,"href":"https:\/\/glamuur.ee\/et\/wp-json\/wp\/v2\/product_tag?post=265716"},{"taxonomy":"giftcard-category","embeddable":true,"href":"https:\/\/glamuur.ee\/et\/wp-json\/wp\/v2\/giftcard-category?post=265716"}],"curies":[{"name":"wp","href":"https:\/\/api.w.org\/{rel}","templated":true}]}}