{"id":265587,"date":"2024-09-26T18:19:37","date_gmt":"2024-09-26T15:19:37","guid":{"rendered":"https:\/\/glamuur.ee\/product\/ti-sento-pendant-6840zy_v\/"},"modified":"2026-04-15T17:17:34","modified_gmt":"2026-04-15T14:17:34","slug":"ti-sento-riputusvahendi-6840zy_v","status":"publish","type":"product","link":"https:\/\/glamuur.ee\/et\/product\/ti-sento-pendant-6840zy_v\/","title":{"rendered":"TI SENTO rippvalgusti 6840ZY_V"},"content":{"rendered":"<p>TI SENTO ripats 6840ZY_V on valmistatud h\u00f5bedase kullatud. Selle ripatsi v\u00e4rvus on tsirkooniatega valge kollane kullatud. K\u00f5ik TI SENTO tooted tarnitakse kaunis kinkekarbis. Maagia on meie h\u00f5bedas.<\/p>","protected":false},"excerpt":{"rendered":"<p>TI SENTO ripats 6840ZY_V on valmistatud h\u00f5bedase kullatud. Selle ripatsi v\u00e4rvus on tsirkooniatega valge kollane kullatud. K\u00f5ik TI SENTO tooted tarnitakse kaunis kinkekarbis. Maagia on meie h\u00f5bedas.<\/p>","protected":false},"featured_media":271064,"comment_status":"open","ping_status":"closed","template":"","meta":{"jetpack_post_was_ever_published":false},"product_brand":[],"product_cat":[968,599,729,939,72,149,813,842],"product_tag":[935],"giftcard-category":[],"class_list":{"0":"post-265587","1":"product","2":"type-product","3":"status-publish","4":"has-post-thumbnail","6":"product_cat-mothers-day-2025-ti-sento","7":"product_cat-sale","8":"product_cat-pendants","9":"product_cat-ti-sento-sale-europe","10":"product_cat-ti-sento-milano","11":"product_cat-ti-sento-milano-pendants","12":"product_cat-womens-day","13":"product_cat-zodiacs","14":"product_tag-special-collections","15":"pa_material-silver","16":"pa_metal-color-yellow-gold","17":"pa_product-brand-ti-sento-milano","18":"pa_stone-color-white","19":"pa_type-category-pendants","21":"first","22":"instock","23":"taxable","24":"shipping-taxable","25":"purchasable","26":"product-type-simple"},"bundled_by":[],"bundle_stock_status":"instock","bundle_stock_quantity":1,"bundle_virtual":false,"bundle_layout":"","bundle_add_to_cart_form_location":"","bundle_editable_in_cart":false,"bundle_sold_individually_context":"","bundle_item_grouping":"","bundle_min_size":"","bundle_max_size":"","bundle_price":[],"bundled_items":[],"bundle_sell_ids":[],"etheme_brands":{"errors":{"invalid_taxonomy":["Lubamatu taksonoomia."]},"error_data":[]},"_links":{"self":[{"href":"https:\/\/glamuur.ee\/et\/wp-json\/wp\/v2\/product\/265587","targetHints":{"allow":["GET"]}}],"collection":[{"href":"https:\/\/glamuur.ee\/et\/wp-json\/wp\/v2\/product"}],"about":[{"href":"https:\/\/glamuur.ee\/et\/wp-json\/wp\/v2\/types\/product"}],"replies":[{"embeddable":true,"href":"https:\/\/glamuur.ee\/et\/wp-json\/wp\/v2\/comments?post=265587"}],"wp:featuredmedia":[{"embeddable":true,"href":"https:\/\/glamuur.ee\/et\/wp-json\/wp\/v2\/media\/271064"}],"wp:attachment":[{"href":"https:\/\/glamuur.ee\/et\/wp-json\/wp\/v2\/media?parent=265587"}],"wp:term":[{"taxonomy":"product_brand","embeddable":true,"href":"https:\/\/glamuur.ee\/et\/wp-json\/wp\/v2\/product_brand?post=265587"},{"taxonomy":"product_cat","embeddable":true,"href":"https:\/\/glamuur.ee\/et\/wp-json\/wp\/v2\/product_cat?post=265587"},{"taxonomy":"product_tag","embeddable":true,"href":"https:\/\/glamuur.ee\/et\/wp-json\/wp\/v2\/product_tag?post=265587"},{"taxonomy":"giftcard-category","embeddable":true,"href":"https:\/\/glamuur.ee\/et\/wp-json\/wp\/v2\/giftcard-category?post=265587"}],"curies":[{"name":"wp","href":"https:\/\/api.w.org\/{rel}","templated":true}]}}