{"id":265584,"date":"2024-09-26T18:19:39","date_gmt":"2024-09-26T15:19:39","guid":{"rendered":"https:\/\/glamuur.ee\/product\/ti-sento-pendant-6840zy_s\/"},"modified":"2026-04-15T17:17:34","modified_gmt":"2026-04-15T14:17:34","slug":"ti-sento-ripats-6840zy_s","status":"publish","type":"product","link":"https:\/\/glamuur.ee\/et\/product\/ti-sento-pendant-6840zy_s\/","title":{"rendered":"TI SENTO rippmudel 6840ZY_S"},"content":{"rendered":"<p>TI SENTO Ripats 6840ZY_S on valmistatud h\u00f5bedase kullatud pinnakattega. Selle ripatsi v\u00e4rvus on tsirkooniatega valge kollane kullatud. K\u00f5ik TI SENTO tooted tarnitakse kaunis kinkekarbis. Maagia on meie h\u00f5bedas.<\/p>","protected":false},"excerpt":{"rendered":"<p>TI SENTO Ripats 6840ZY_S on valmistatud h\u00f5bedase kullatud pinnakattega. Selle ripatsi v\u00e4rvus on tsirkooniatega valge kollane kullatud. K\u00f5ik TI SENTO tooted tarnitakse kaunis kinkekarbis. Maagia on meie h\u00f5bedas.<\/p>","protected":false},"featured_media":271055,"comment_status":"open","ping_status":"closed","template":"","meta":{"jetpack_post_was_ever_published":false},"product_brand":[],"product_cat":[979,968,599,729,939,964,72,149,976,813,842],"product_tag":[],"giftcard-category":[],"class_list":{"0":"post-265584","1":"product","2":"type-product","3":"status-publish","4":"has-post-thumbnail","6":"product_cat-graduation-2025","7":"product_cat-mothers-day-2025-ti-sento","8":"product_cat-sale","9":"product_cat-pendants","10":"product_cat-ti-sento-sale-europe","11":"product_cat-summer-sale-ti-sento","12":"product_cat-ti-sento-milano","13":"product_cat-ti-sento-milano-pendants","14":"product_cat-wedding-season","15":"product_cat-womens-day","16":"product_cat-zodiacs","17":"pa_material-silver","18":"pa_metal-color-yellow-gold","19":"pa_product-brand-ti-sento-milano","20":"pa_stone-color-white","21":"pa_type-category-pendants","23":"first","24":"instock","25":"sale","26":"taxable","27":"shipping-taxable","28":"purchasable","29":"product-type-simple"},"bundled_by":[],"bundle_stock_status":"instock","bundle_stock_quantity":4,"bundle_virtual":false,"bundle_layout":"","bundle_add_to_cart_form_location":"","bundle_editable_in_cart":false,"bundle_sold_individually_context":"","bundle_item_grouping":"","bundle_min_size":"","bundle_max_size":"","bundle_price":[],"bundled_items":[],"bundle_sell_ids":[],"etheme_brands":{"errors":{"invalid_taxonomy":["Lubamatu taksonoomia."]},"error_data":[]},"_links":{"self":[{"href":"https:\/\/glamuur.ee\/et\/wp-json\/wp\/v2\/product\/265584","targetHints":{"allow":["GET"]}}],"collection":[{"href":"https:\/\/glamuur.ee\/et\/wp-json\/wp\/v2\/product"}],"about":[{"href":"https:\/\/glamuur.ee\/et\/wp-json\/wp\/v2\/types\/product"}],"replies":[{"embeddable":true,"href":"https:\/\/glamuur.ee\/et\/wp-json\/wp\/v2\/comments?post=265584"}],"wp:featuredmedia":[{"embeddable":true,"href":"https:\/\/glamuur.ee\/et\/wp-json\/wp\/v2\/media\/271055"}],"wp:attachment":[{"href":"https:\/\/glamuur.ee\/et\/wp-json\/wp\/v2\/media?parent=265584"}],"wp:term":[{"taxonomy":"product_brand","embeddable":true,"href":"https:\/\/glamuur.ee\/et\/wp-json\/wp\/v2\/product_brand?post=265584"},{"taxonomy":"product_cat","embeddable":true,"href":"https:\/\/glamuur.ee\/et\/wp-json\/wp\/v2\/product_cat?post=265584"},{"taxonomy":"product_tag","embeddable":true,"href":"https:\/\/glamuur.ee\/et\/wp-json\/wp\/v2\/product_tag?post=265584"},{"taxonomy":"giftcard-category","embeddable":true,"href":"https:\/\/glamuur.ee\/et\/wp-json\/wp\/v2\/giftcard-category?post=265584"}],"curies":[{"name":"wp","href":"https:\/\/api.w.org\/{rel}","templated":true}]}}