{"id":265527,"date":"2024-09-26T18:25:17","date_gmt":"2024-09-26T15:25:17","guid":{"rendered":"https:\/\/glamuur.ee\/product\/ti-sento-earrings-7994zy\/"},"modified":"2026-04-09T20:00:08","modified_gmt":"2026-04-09T17:00:08","slug":"ti-sento-korvarongad-7994zy","status":"publish","type":"product","link":"https:\/\/glamuur.ee\/et\/product\/ti-sento-earrings-7994zy\/","title":{"rendered":"TI SENTO k\u00f5rvar\u00f5ngad 7994ZY"},"content":{"rendered":"<p>Need TI SENTO Snake Drop Silver k\u00f5rvar\u00f5ngad 7994ZY on ajatult elegantsed ja v\u00f5luva intriigiga. Need lummavad madu k\u00f5rvar\u00f5ngad on valmistatud esmaklassilisest 925 h\u00f5bedast. Iga k\u00f5rvar\u00f5ngas s\u00e4rab pimestavate kuubiliste tsirkooniumidega, mis on hoolikalt asetatud ja annavad tagasihoidliku luksuse. Peenelt detailne, kollase kullaga kaetud madu laseb neil luksuslikel k\u00f5rvar\u00f5ngastel graatsiliselt k\u00f5rvadest rippuda. Selle kuubilise tsirkooniumiga silmad s\u00e4ravad lummavalt, t\u00f5mbavad pilku ja lisavad ootamatut v\u00f5lu. Need suurep\u00e4rased k\u00f5rvar\u00f5ngad on vestluse alustajad, ainulaadne segu ajatust elegantsist ja ootamatust s\u00fcmboolikast. S\u00e4ravad kuubiliste tsirkooniumide read lisavad tagasihoidlikku luksust, samal ajal kui kullatud madu \u00f5hkab intriige ja salap\u00e4rast v\u00f5lu. Kandke neid k\u00e4\u00e4rmek\u00f5rvar\u00f5ngaid \u00fcksinda, et anda efektne dramaatilisus, v\u00f5i \u00fchendage need teiste TI SENTO k\u00f5rvar\u00f5ngastega, et luua isikup\u00e4rane ja lummav v\u00e4limus, mis peegeldab teie individuaalsust. V\u00f5tke omaks k\u00f5rvar\u00f5ngaste ajatu v\u00f5lu koos ootamatu lummusega. Need niklivabad ja h\u00fcpoallergeensed k\u00f5rvar\u00f5ngad on valmistatud tundlikku nahka s\u00e4\u00e4stvalt ning tagavad p\u00fcsiva mugavuse ja kvaliteedi.<\/p>","protected":false},"excerpt":{"rendered":"<p>Embrace timeless elegance with a touch of captivating intrigue in these TI SENTO Snake Drop Silver Earrings 7994ZY. These captivating snake drop earrings are crafted from premium 925 sterling silver. Each earring shimmers with a dazzling line of cubic zirconia, meticulously set for a touch&#8230;<\/p>","protected":false},"featured_media":268874,"comment_status":"open","ping_status":"closed","template":"","meta":{"jetpack_post_was_ever_published":false},"product_brand":[],"product_cat":[725,979,599,939,932,964,72,143,813],"product_tag":[],"giftcard-category":[],"class_list":{"0":"post-265527","1":"product","2":"type-product","3":"status-publish","4":"has-post-thumbnail","6":"product_cat-earrings","7":"product_cat-graduation-2025","8":"product_cat-sale","9":"product_cat-ti-sento-sale-europe","10":"product_cat-snakes","11":"product_cat-summer-sale-ti-sento","12":"product_cat-ti-sento-milano","13":"product_cat-ti-sento-milano-earrings","14":"product_cat-womens-day","15":"pa_material-silver","16":"pa_metal-color-yellow-gold","17":"pa_product-brand-ti-sento-milano","18":"pa_stone-color-white","19":"pa_type-category-earrings","21":"first","22":"instock","23":"taxable","24":"shipping-taxable","25":"purchasable","26":"product-type-simple"},"bundled_by":[],"bundle_stock_status":"instock","bundle_stock_quantity":6,"bundle_virtual":false,"bundle_layout":"","bundle_add_to_cart_form_location":"","bundle_editable_in_cart":false,"bundle_sold_individually_context":"","bundle_item_grouping":"","bundle_min_size":"","bundle_max_size":"","bundle_price":[],"bundled_items":[],"bundle_sell_ids":[],"etheme_brands":{"errors":{"invalid_taxonomy":["Lubamatu taksonoomia."]},"error_data":[]},"_links":{"self":[{"href":"https:\/\/glamuur.ee\/et\/wp-json\/wp\/v2\/product\/265527","targetHints":{"allow":["GET"]}}],"collection":[{"href":"https:\/\/glamuur.ee\/et\/wp-json\/wp\/v2\/product"}],"about":[{"href":"https:\/\/glamuur.ee\/et\/wp-json\/wp\/v2\/types\/product"}],"replies":[{"embeddable":true,"href":"https:\/\/glamuur.ee\/et\/wp-json\/wp\/v2\/comments?post=265527"}],"wp:featuredmedia":[{"embeddable":true,"href":"https:\/\/glamuur.ee\/et\/wp-json\/wp\/v2\/media\/268874"}],"wp:attachment":[{"href":"https:\/\/glamuur.ee\/et\/wp-json\/wp\/v2\/media?parent=265527"}],"wp:term":[{"taxonomy":"product_brand","embeddable":true,"href":"https:\/\/glamuur.ee\/et\/wp-json\/wp\/v2\/product_brand?post=265527"},{"taxonomy":"product_cat","embeddable":true,"href":"https:\/\/glamuur.ee\/et\/wp-json\/wp\/v2\/product_cat?post=265527"},{"taxonomy":"product_tag","embeddable":true,"href":"https:\/\/glamuur.ee\/et\/wp-json\/wp\/v2\/product_tag?post=265527"},{"taxonomy":"giftcard-category","embeddable":true,"href":"https:\/\/glamuur.ee\/et\/wp-json\/wp\/v2\/giftcard-category?post=265527"}],"curies":[{"name":"wp","href":"https:\/\/api.w.org\/{rel}","templated":true}]}}