{"id":26545,"date":"2023-01-10T13:46:17","date_gmt":"2023-01-10T13:46:17","guid":{"rendered":"https:\/\/dev.glamuur.ee\/product\/engelsrufer-bracelet-heb-id-angeli-heart\/"},"modified":"2026-05-01T13:41:03","modified_gmt":"2026-05-01T10:41:03","slug":"engelsrufer-kaevoru-heb-id-angeli-suda","status":"publish","type":"product","link":"https:\/\/glamuur.ee\/et\/product\/engelsrufer-bracelet-heb-id-angeli-heart\/","title":{"rendered":"Engelsrufer K\u00e4ekett"},"content":{"rendered":"<p>H\u00f5bedast k\u00e4ev\u00f5ru lastele!!!<\/p>","protected":false},"excerpt":{"rendered":"<p>H\u00f5bedast k\u00e4ev\u00f5ru lastele!!!<\/p>","protected":false},"featured_media":52953,"comment_status":"open","ping_status":"closed","template":"","meta":{"jetpack_post_was_ever_published":false},"product_brand":[],"product_cat":[726,210,217,793,1626,941],"product_tag":[942],"giftcard-category":[],"class_list":{"0":"post-26545","1":"product","2":"type-product","3":"status-publish","4":"has-post-thumbnail","6":"product_cat-bracelets","7":"product_cat-engelsrufer","8":"product_cat-engelsrufer-bracelets","9":"product_cat-gift-ideas-up-to-50e","10":"product_cat-under-40","11":"product_cat-valentines-day","12":"product_tag-valentines-day","13":"pa_material-silver","14":"pa_metal-color-silver","15":"pa_product-brand-engelsrufer","16":"pa_stone-color-multicolor","17":"pa_stone-color-without-stones","18":"pa_type-category-bracelets","20":"first","21":"instock","22":"sale","23":"featured","24":"taxable","25":"shipping-taxable","26":"purchasable","27":"product-type-simple"},"bundled_by":[],"bundle_stock_status":"instock","bundle_stock_quantity":5,"bundle_virtual":false,"bundle_layout":"","bundle_add_to_cart_form_location":"","bundle_editable_in_cart":false,"bundle_sold_individually_context":"","bundle_item_grouping":"","bundle_min_size":"","bundle_max_size":"","bundle_price":[],"bundled_items":[],"bundle_sell_ids":[],"etheme_brands":{"errors":{"invalid_taxonomy":["Lubamatu taksonoomia."]},"error_data":[]},"_links":{"self":[{"href":"https:\/\/glamuur.ee\/et\/wp-json\/wp\/v2\/product\/26545","targetHints":{"allow":["GET"]}}],"collection":[{"href":"https:\/\/glamuur.ee\/et\/wp-json\/wp\/v2\/product"}],"about":[{"href":"https:\/\/glamuur.ee\/et\/wp-json\/wp\/v2\/types\/product"}],"replies":[{"embeddable":true,"href":"https:\/\/glamuur.ee\/et\/wp-json\/wp\/v2\/comments?post=26545"}],"wp:featuredmedia":[{"embeddable":true,"href":"https:\/\/glamuur.ee\/et\/wp-json\/wp\/v2\/media\/52953"}],"wp:attachment":[{"href":"https:\/\/glamuur.ee\/et\/wp-json\/wp\/v2\/media?parent=26545"}],"wp:term":[{"taxonomy":"product_brand","embeddable":true,"href":"https:\/\/glamuur.ee\/et\/wp-json\/wp\/v2\/product_brand?post=26545"},{"taxonomy":"product_cat","embeddable":true,"href":"https:\/\/glamuur.ee\/et\/wp-json\/wp\/v2\/product_cat?post=26545"},{"taxonomy":"product_tag","embeddable":true,"href":"https:\/\/glamuur.ee\/et\/wp-json\/wp\/v2\/product_tag?post=26545"},{"taxonomy":"giftcard-category","embeddable":true,"href":"https:\/\/glamuur.ee\/et\/wp-json\/wp\/v2\/giftcard-category?post=26545"}],"curies":[{"name":"wp","href":"https:\/\/api.w.org\/{rel}","templated":true}]}}