{"id":265443,"date":"2024-09-26T18:08:24","date_gmt":"2024-09-26T15:08:24","guid":{"rendered":"https:\/\/glamuur.ee\/product\/ti-sento-earrings-7958mb\/"},"modified":"2026-04-10T19:00:14","modified_gmt":"2026-04-10T16:00:14","slug":"ti-sento-korvarongad-7958mb","status":"publish","type":"product","link":"https:\/\/glamuur.ee\/et\/product\/ti-sento-earrings-7958mb\/","title":{"rendered":"TI SENTO k\u00f5rvar\u00f5ngad 7958MB"},"content":{"rendered":"<p>Need TI SENTO k\u00f5rvar\u00f5ngad 7958MB on valmistatud plaatinaga kaetud h\u00f5bedast. Nende k\u00f5rvar\u00f5ngaste v\u00e4rvus on Multi sinine. K\u00f5ik TI SENTO ehted on kinkekaubana pakitud l\u00f5pmatu armastuse ja hoolega. Maagia on meie h\u00f5bedas.<\/p>","protected":false},"excerpt":{"rendered":"<p>Need TI SENTO k\u00f5rvar\u00f5ngad 7958MB on valmistatud plaatinaga kaetud h\u00f5bedast. Nende k\u00f5rvar\u00f5ngaste v\u00e4rvus on Multi sinine. K\u00f5ik TI SENTO ehted on kinkekaubana pakitud l\u00f5pmatu armastuse ja hoolega. Maagia on meie h\u00f5bedas.<\/p>","protected":false},"featured_media":275789,"comment_status":"open","ping_status":"closed","template":"","meta":{"jetpack_post_was_ever_published":false},"product_brand":[],"product_cat":[725,979,939,964,72,150,813],"product_tag":[],"giftcard-category":[],"class_list":{"0":"post-265443","1":"product","2":"type-product","3":"status-publish","4":"has-post-thumbnail","6":"product_cat-earrings","7":"product_cat-graduation-2025","8":"product_cat-ti-sento-sale-europe","9":"product_cat-summer-sale-ti-sento","10":"product_cat-ti-sento-milano","11":"product_cat-ti-sento-milano-basic-earrings","12":"product_cat-womens-day","13":"pa_material-silver","14":"pa_metal-color-silver","15":"pa_product-brand-ti-sento-milano","16":"pa_stone-color-blue","17":"pa_type-category-earrings","19":"first","20":"instock","21":"taxable","22":"shipping-taxable","23":"purchasable","24":"product-type-simple"},"bundled_by":[],"bundle_stock_status":"instock","bundle_stock_quantity":1,"bundle_virtual":false,"bundle_layout":"","bundle_add_to_cart_form_location":"","bundle_editable_in_cart":false,"bundle_sold_individually_context":"","bundle_item_grouping":"","bundle_min_size":"","bundle_max_size":"","bundle_price":[],"bundled_items":[],"bundle_sell_ids":[],"etheme_brands":{"errors":{"invalid_taxonomy":["Lubamatu taksonoomia."]},"error_data":[]},"_links":{"self":[{"href":"https:\/\/glamuur.ee\/et\/wp-json\/wp\/v2\/product\/265443","targetHints":{"allow":["GET"]}}],"collection":[{"href":"https:\/\/glamuur.ee\/et\/wp-json\/wp\/v2\/product"}],"about":[{"href":"https:\/\/glamuur.ee\/et\/wp-json\/wp\/v2\/types\/product"}],"replies":[{"embeddable":true,"href":"https:\/\/glamuur.ee\/et\/wp-json\/wp\/v2\/comments?post=265443"}],"wp:featuredmedia":[{"embeddable":true,"href":"https:\/\/glamuur.ee\/et\/wp-json\/wp\/v2\/media\/275789"}],"wp:attachment":[{"href":"https:\/\/glamuur.ee\/et\/wp-json\/wp\/v2\/media?parent=265443"}],"wp:term":[{"taxonomy":"product_brand","embeddable":true,"href":"https:\/\/glamuur.ee\/et\/wp-json\/wp\/v2\/product_brand?post=265443"},{"taxonomy":"product_cat","embeddable":true,"href":"https:\/\/glamuur.ee\/et\/wp-json\/wp\/v2\/product_cat?post=265443"},{"taxonomy":"product_tag","embeddable":true,"href":"https:\/\/glamuur.ee\/et\/wp-json\/wp\/v2\/product_tag?post=265443"},{"taxonomy":"giftcard-category","embeddable":true,"href":"https:\/\/glamuur.ee\/et\/wp-json\/wp\/v2\/giftcard-category?post=265443"}],"curies":[{"name":"wp","href":"https:\/\/api.w.org\/{rel}","templated":true}]}}