{"id":265405,"date":"2024-09-26T18:25:23","date_gmt":"2024-09-26T15:25:23","guid":{"rendered":"https:\/\/glamuur.ee\/product\/ti-sento-pendant-6829bl\/"},"modified":"2026-04-20T13:35:34","modified_gmt":"2026-04-20T10:35:34","slug":"ti-sento-ripats-6829bl","status":"publish","type":"product","link":"https:\/\/glamuur.ee\/et\/product\/ti-sento-pendant-6829bl\/","title":{"rendered":"TI SENTO riputusvahendi 6829BL"},"content":{"rendered":"<p>TI SENTO ripats 6829BL on valmistatud h\u00f5bedase kullatud pinnaga. Selle ripatsi v\u00e4rvus on must. K\u00f5ik TI SENTO tooted tarnitakse kaunis kinkekarbis. Maagia on meie h\u00f5bedas.<\/p>","protected":false},"excerpt":{"rendered":"<p>TI SENTO ripats 6829BL on valmistatud h\u00f5bedase kullatud pinnaga. Selle ripatsi v\u00e4rvus on must. K\u00f5ik TI SENTO tooted tarnitakse kaunis kinkekarbis. Maagia on meie h\u00f5bedas.<\/p>","protected":false},"featured_media":265406,"comment_status":"open","ping_status":"closed","template":"","meta":{"jetpack_post_was_ever_published":false},"product_brand":[],"product_cat":[979,599,729,939,964,72,149,813],"product_tag":[],"giftcard-category":[],"class_list":{"0":"post-265405","1":"product","2":"type-product","3":"status-publish","4":"has-post-thumbnail","6":"product_cat-graduation-2025","7":"product_cat-sale","8":"product_cat-pendants","9":"product_cat-ti-sento-sale-europe","10":"product_cat-summer-sale-ti-sento","11":"product_cat-ti-sento-milano","12":"product_cat-ti-sento-milano-pendants","13":"product_cat-womens-day","14":"pa_material-silver","15":"pa_metal-color-yellow-gold","16":"pa_product-brand-ti-sento-milano","17":"pa_stone-color-black","18":"pa_type-category-pendants","20":"first","21":"instock","22":"sale","23":"taxable","24":"shipping-taxable","25":"purchasable","26":"product-type-simple"},"bundled_by":[],"bundle_stock_status":"instock","bundle_stock_quantity":2,"bundle_virtual":false,"bundle_layout":"","bundle_add_to_cart_form_location":"","bundle_editable_in_cart":false,"bundle_sold_individually_context":"","bundle_item_grouping":"","bundle_min_size":"","bundle_max_size":"","bundle_price":[],"bundled_items":[],"bundle_sell_ids":[],"etheme_brands":{"errors":{"invalid_taxonomy":["Lubamatu taksonoomia."]},"error_data":[]},"_links":{"self":[{"href":"https:\/\/glamuur.ee\/et\/wp-json\/wp\/v2\/product\/265405","targetHints":{"allow":["GET"]}}],"collection":[{"href":"https:\/\/glamuur.ee\/et\/wp-json\/wp\/v2\/product"}],"about":[{"href":"https:\/\/glamuur.ee\/et\/wp-json\/wp\/v2\/types\/product"}],"replies":[{"embeddable":true,"href":"https:\/\/glamuur.ee\/et\/wp-json\/wp\/v2\/comments?post=265405"}],"wp:featuredmedia":[{"embeddable":true,"href":"https:\/\/glamuur.ee\/et\/wp-json\/wp\/v2\/media\/265406"}],"wp:attachment":[{"href":"https:\/\/glamuur.ee\/et\/wp-json\/wp\/v2\/media?parent=265405"}],"wp:term":[{"taxonomy":"product_brand","embeddable":true,"href":"https:\/\/glamuur.ee\/et\/wp-json\/wp\/v2\/product_brand?post=265405"},{"taxonomy":"product_cat","embeddable":true,"href":"https:\/\/glamuur.ee\/et\/wp-json\/wp\/v2\/product_cat?post=265405"},{"taxonomy":"product_tag","embeddable":true,"href":"https:\/\/glamuur.ee\/et\/wp-json\/wp\/v2\/product_tag?post=265405"},{"taxonomy":"giftcard-category","embeddable":true,"href":"https:\/\/glamuur.ee\/et\/wp-json\/wp\/v2\/giftcard-category?post=265405"}],"curies":[{"name":"wp","href":"https:\/\/api.w.org\/{rel}","templated":true}]}}