{"id":265397,"date":"2024-09-26T18:22:50","date_gmt":"2024-09-26T15:22:50","guid":{"rendered":"https:\/\/glamuur.ee\/product\/ti-sento-necklace-34071sy-42\/"},"modified":"2026-02-16T13:54:50","modified_gmt":"2026-02-16T11:54:50","slug":"ti-sento-kaelakee-34071sy-42","status":"publish","type":"product","link":"https:\/\/glamuur.ee\/et\/product\/ti-sento-necklace-34071sy-42\/","title":{"rendered":"TI SENTO kaelakee 34071SY\/42"},"content":{"rendered":"<p>Hellita ajatut elegantsi selle TI SENTO kullatud h\u00f5bedast k\u00e4\u00e4rmekaelakee 34071SY\/42 abil. See 925 h\u00f5bedast valmistatud ja l\u00e4ikiva kollase kullaga kaetud eheteos on lummava ringikujulise disainiga, millel on m\u00e4hitud madu. Madu silmad, mis on kaunistatud s\u00e4ravate tsirkooniumkividega, on lummava intensiivsusega. K\u00e4\u00e4rmeehete kandmine on rohkem kui moeavaldus; see on rikkaliku kultuurip\u00e4randi omaksv\u00f5tmine ja individuaalse stiili deklareerimine. See ese \u00f5hkab salap\u00e4ra ja v\u00f5lu, mist\u00f5ttu sobib see ideaalselt neile, kes soovivad silma paista v\u00f5imsa elegantsiga. Madu, mis on tarkuse ja v\u00f5imu aegumatu s\u00fcmbol, lisab igale riietusele intriigi ja rafineeritust. Tehke selle erakordse aksessuaariga p\u00fcsiv mulje. Kandke seda \u00fcksinda, et teha julge avaldus, v\u00f5i kihiliselt koos teiste TI SENTO kaelakeedega, et luua isikup\u00e4rane, enesekindlust ja veetlust kiirgav efekt. Tundliku naha eest hoolitsedes valmistatud niklivaba ja h\u00fcpoallergeenne k\u00e4ev\u00f5ru tagab p\u00fcsiva mugavuse ja kvaliteedi.<\/p>\n<p>Kaelakee standardpikkus on 38 cm. Sellel on 10 cm pikkune pikendust\u00fckk, mis v\u00f5imaldab kanda seda 5 erinevas pikkuses: 38 cm, 40 cm, 42 cm, 45 cm ja 48 cm.<\/p>","protected":false},"excerpt":{"rendered":"<ul>\n<li>Kujundatud ja k\u00e4sitsi valmistatud<\/li>\n<li>Valmistatud kvaliteetsest h\u00f5bedast ja 18K kullastamisest.<\/li>\n<li>Ajatu disain, mis on valmistatud kombineerimiseks ja sobitamiseks<\/li>\n<\/ul>","protected":false},"featured_media":265398,"comment_status":"open","ping_status":"closed","template":"","meta":{"jetpack_post_was_ever_published":false},"product_brand":[],"product_cat":[979,727,599,939,932,964,72,146],"product_tag":[935],"giftcard-category":[],"class_list":{"0":"post-265397","1":"product","2":"type-product","3":"status-publish","4":"has-post-thumbnail","6":"product_cat-graduation-2025","7":"product_cat-necklaces","8":"product_cat-sale","9":"product_cat-ti-sento-sale-europe","10":"product_cat-snakes","11":"product_cat-summer-sale-ti-sento","12":"product_cat-ti-sento-milano","13":"product_cat-ti-sento-milano-necklaces","14":"product_tag-special-collections","15":"pa_material-silver","16":"pa_metal-color-yellow-gold","17":"pa_product-brand-ti-sento-milano","18":"pa_stone-color-without-stones","19":"pa_type-category-necklaces","21":"first","22":"instock","23":"taxable","24":"shipping-taxable","25":"purchasable","26":"product-type-simple"},"bundled_by":[],"bundle_stock_status":"instock","bundle_stock_quantity":8,"bundle_virtual":false,"bundle_layout":"","bundle_add_to_cart_form_location":"","bundle_editable_in_cart":false,"bundle_sold_individually_context":"","bundle_item_grouping":"","bundle_min_size":"","bundle_max_size":"","bundle_price":[],"bundled_items":[],"bundle_sell_ids":[],"etheme_brands":{"errors":{"invalid_taxonomy":["Lubamatu taksonoomia."]},"error_data":[]},"_links":{"self":[{"href":"https:\/\/glamuur.ee\/et\/wp-json\/wp\/v2\/product\/265397","targetHints":{"allow":["GET"]}}],"collection":[{"href":"https:\/\/glamuur.ee\/et\/wp-json\/wp\/v2\/product"}],"about":[{"href":"https:\/\/glamuur.ee\/et\/wp-json\/wp\/v2\/types\/product"}],"replies":[{"embeddable":true,"href":"https:\/\/glamuur.ee\/et\/wp-json\/wp\/v2\/comments?post=265397"}],"wp:featuredmedia":[{"embeddable":true,"href":"https:\/\/glamuur.ee\/et\/wp-json\/wp\/v2\/media\/265398"}],"wp:attachment":[{"href":"https:\/\/glamuur.ee\/et\/wp-json\/wp\/v2\/media?parent=265397"}],"wp:term":[{"taxonomy":"product_brand","embeddable":true,"href":"https:\/\/glamuur.ee\/et\/wp-json\/wp\/v2\/product_brand?post=265397"},{"taxonomy":"product_cat","embeddable":true,"href":"https:\/\/glamuur.ee\/et\/wp-json\/wp\/v2\/product_cat?post=265397"},{"taxonomy":"product_tag","embeddable":true,"href":"https:\/\/glamuur.ee\/et\/wp-json\/wp\/v2\/product_tag?post=265397"},{"taxonomy":"giftcard-category","embeddable":true,"href":"https:\/\/glamuur.ee\/et\/wp-json\/wp\/v2\/giftcard-category?post=265397"}],"curies":[{"name":"wp","href":"https:\/\/api.w.org\/{rel}","templated":true}]}}