{"id":265345,"date":"2024-09-26T18:25:26","date_gmt":"2024-09-26T15:25:26","guid":{"rendered":"https:\/\/glamuur.ee\/product\/ti-sento-bracelet-2995mb\/"},"modified":"2026-02-16T13:53:39","modified_gmt":"2026-02-16T11:53:39","slug":"ti-sento-kaevoru-2995mb","status":"publish","type":"product","link":"https:\/\/glamuur.ee\/et\/product\/ti-sento-bracelet-2995mb\/","title":{"rendered":"TI SENTO k\u00e4ev\u00f5ru 2995MB"},"content":{"rendered":"<p>H\u00f5lma sinise mere v\u00f5lu selle TI SENTO tumesinise h\u00f5bedase tennise k\u00e4ev\u00f5ruga 2995MB. See 925 sterlingh\u00f5bedast valmistatud ja p\u00fcsiva s\u00e4ra tagamiseks plaatinaga kaetud k\u00e4ev\u00f5ru on kaunistatud tumesiniste kuubiliste tsirkooniumkivide paeluvas reas, mis ulatuvad s\u00fcgavast indigost heledamate siniste toonideni. Astmeline efekt meenutab ookeani lummavat s\u00fcgavust. Selle tennise k\u00e4ev\u00f5ru ajatu disain koos paeluvate siniste toonidega on t\u00e4iuslik segu klassikast, milles on ka pisut moodsat elegantsust. Sinine, mis on rahulikkuse ja tarkuse s\u00fcmbol, lisab sellele k\u00e4ev\u00f5rule rahulikkust ja rafineeritust. Las see k\u00e4ev\u00f5ru on teie igap\u00e4evane p\u00f5genemine, meeldetuletus ookeani avarusest ja ilust. T\u00f5sta oma igap\u00e4evast v\u00e4limust selle uimastava aksessuaariga. Kandke seda \u00fcksi, et anda minimalistlik avaldus, v\u00f5i \u00fchendage see teiste TI SENTO k\u00e4ev\u00f5rudega, et saavutada isikup\u00e4rane m\u00f5ju, mis annab enesekindlust ja veetlust. Tundliku naha eest hoolitsedes valmistatud niklivaba ja h\u00fcpoallergeenne k\u00e4ev\u00f5ru tagab kestva mugavuse ja kvaliteedi.<\/p>\n<h3><\/h3>","protected":false},"excerpt":{"rendered":"<h2>See k\u00e4ev\u00f5ru on suurus M ja sobib randmetele m\u00f5\u00f5tudega 15.6cm - 17.4cm.<\/h2>","protected":false},"featured_media":273471,"comment_status":"open","ping_status":"closed","template":"","meta":{"jetpack_post_was_ever_published":false},"product_brand":[],"product_cat":[726,979,939,964,72,147],"product_tag":[],"giftcard-category":[],"class_list":{"0":"post-265345","1":"product","2":"type-product","3":"status-publish","4":"has-post-thumbnail","6":"product_cat-bracelets","7":"product_cat-graduation-2025","8":"product_cat-ti-sento-sale-europe","9":"product_cat-summer-sale-ti-sento","10":"product_cat-ti-sento-milano","11":"product_cat-ti-sento-milano-bracelets","12":"pa_material-silver","13":"pa_metal-color-silver","14":"pa_product-brand-ti-sento-milano","15":"pa_stone-color-blue","16":"pa_type-category-bracelets","18":"first","19":"instock","20":"taxable","21":"shipping-taxable","22":"purchasable","23":"product-type-simple"},"bundled_by":[],"bundle_stock_status":"instock","bundle_stock_quantity":4,"bundle_virtual":false,"bundle_layout":"","bundle_add_to_cart_form_location":"","bundle_editable_in_cart":false,"bundle_sold_individually_context":"","bundle_item_grouping":"","bundle_min_size":"","bundle_max_size":"","bundle_price":[],"bundled_items":[],"bundle_sell_ids":[],"etheme_brands":{"errors":{"invalid_taxonomy":["Lubamatu taksonoomia."]},"error_data":[]},"_links":{"self":[{"href":"https:\/\/glamuur.ee\/et\/wp-json\/wp\/v2\/product\/265345","targetHints":{"allow":["GET"]}}],"collection":[{"href":"https:\/\/glamuur.ee\/et\/wp-json\/wp\/v2\/product"}],"about":[{"href":"https:\/\/glamuur.ee\/et\/wp-json\/wp\/v2\/types\/product"}],"replies":[{"embeddable":true,"href":"https:\/\/glamuur.ee\/et\/wp-json\/wp\/v2\/comments?post=265345"}],"wp:featuredmedia":[{"embeddable":true,"href":"https:\/\/glamuur.ee\/et\/wp-json\/wp\/v2\/media\/273471"}],"wp:attachment":[{"href":"https:\/\/glamuur.ee\/et\/wp-json\/wp\/v2\/media?parent=265345"}],"wp:term":[{"taxonomy":"product_brand","embeddable":true,"href":"https:\/\/glamuur.ee\/et\/wp-json\/wp\/v2\/product_brand?post=265345"},{"taxonomy":"product_cat","embeddable":true,"href":"https:\/\/glamuur.ee\/et\/wp-json\/wp\/v2\/product_cat?post=265345"},{"taxonomy":"product_tag","embeddable":true,"href":"https:\/\/glamuur.ee\/et\/wp-json\/wp\/v2\/product_tag?post=265345"},{"taxonomy":"giftcard-category","embeddable":true,"href":"https:\/\/glamuur.ee\/et\/wp-json\/wp\/v2\/giftcard-category?post=265345"}],"curies":[{"name":"wp","href":"https:\/\/api.w.org\/{rel}","templated":true}]}}