{"id":264287,"date":"2024-08-14T13:20:21","date_gmt":"2024-08-14T10:20:21","guid":{"rendered":"https:\/\/glamuur.ee\/?post_type=product&#038;p=264287"},"modified":"2026-03-17T11:10:03","modified_gmt":"2026-03-17T09:10:03","slug":"ti-sento-milano-ear-charms-33","status":"publish","type":"product","link":"https:\/\/glamuur.ee\/et\/product\/ti-sento-milano-ear-charms-33\/","title":{"rendered":"TI SENTO - Milano k\u00f5rvam\u00e4rgid"},"content":{"rendered":"<p>Need TI SENTO - Milano k\u00f5rvar\u00f5ngad on loodud valge p\u00e4rli ja tsirkooniatega. Keskmine kivi koosneb kahest kihist: p\u00e4rlmutterkiht ja s\u00fcnteetilise kristalli pealmine kiht. See kristall on paigutatud meie sisemise disainimeeskonna poolt karbisesse kinnitusse, mis on omakorda kaetud pav\u00e9-kattega tsirkooniumidega. Ripats on valmistatud roodiumist sterlingh\u00f5bedast, mis annab k\u00f5rvar\u00f5ngale t\u00e4iendava l\u00e4ike ja pikendab selle eluiga. TI SENTO kollektsioonis on ka teisi esemeid, mida saab koos nende k\u00f5rvam\u00e4rkidega kokku panna, et luua elegantne komplekt.<\/p>\n<p>K\u00f5ik TI SENTO - Milano ehted on kingituseks pakitud l\u00f5pmatu armastuse ja hoolega.<\/p>\n<p>Suurus \u00d8 11mm<\/p>","protected":false},"excerpt":{"rendered":"<p>These TI SENTO &#8211; Milano ear charms have been created with white pearl and zirconias. The central stone consists of two layers: a base layer of nacre and a top layer of synthetic crystal. This crystal has been placed by our in-house design team in&#8230;<\/p>","protected":false},"featured_media":264288,"comment_status":"open","ping_status":"closed","template":"","meta":{"jetpack_post_was_ever_published":false},"product_brand":[],"product_cat":[728,968,945,152],"product_tag":[],"giftcard-category":[],"class_list":{"0":"post-264287","1":"product","2":"type-product","3":"status-publish","4":"has-post-thumbnail","6":"product_cat-ear-charms","7":"product_cat-mothers-day-2025-ti-sento","8":"product_cat-pearls","9":"product_cat-ti-sento-milano-estonian-design","10":"pa_material-silver","11":"pa_metal-color-rose-gold","12":"pa_product-brand-ti-sento-milano","13":"pa_stone-color-pearl","14":"pa_type-category-ear-charms","16":"first","17":"instock","18":"featured","19":"taxable","20":"shipping-taxable","21":"purchasable","22":"product-type-simple"},"bundled_by":[],"bundle_stock_status":"instock","bundle_stock_quantity":6,"bundle_virtual":false,"bundle_layout":"","bundle_add_to_cart_form_location":"","bundle_editable_in_cart":false,"bundle_sold_individually_context":"","bundle_item_grouping":"","bundle_min_size":"","bundle_max_size":"","bundle_price":[],"bundled_items":[],"bundle_sell_ids":[],"etheme_brands":{"errors":{"invalid_taxonomy":["Lubamatu taksonoomia."]},"error_data":[]},"_links":{"self":[{"href":"https:\/\/glamuur.ee\/et\/wp-json\/wp\/v2\/product\/264287","targetHints":{"allow":["GET"]}}],"collection":[{"href":"https:\/\/glamuur.ee\/et\/wp-json\/wp\/v2\/product"}],"about":[{"href":"https:\/\/glamuur.ee\/et\/wp-json\/wp\/v2\/types\/product"}],"replies":[{"embeddable":true,"href":"https:\/\/glamuur.ee\/et\/wp-json\/wp\/v2\/comments?post=264287"}],"wp:featuredmedia":[{"embeddable":true,"href":"https:\/\/glamuur.ee\/et\/wp-json\/wp\/v2\/media\/264288"}],"wp:attachment":[{"href":"https:\/\/glamuur.ee\/et\/wp-json\/wp\/v2\/media?parent=264287"}],"wp:term":[{"taxonomy":"product_brand","embeddable":true,"href":"https:\/\/glamuur.ee\/et\/wp-json\/wp\/v2\/product_brand?post=264287"},{"taxonomy":"product_cat","embeddable":true,"href":"https:\/\/glamuur.ee\/et\/wp-json\/wp\/v2\/product_cat?post=264287"},{"taxonomy":"product_tag","embeddable":true,"href":"https:\/\/glamuur.ee\/et\/wp-json\/wp\/v2\/product_tag?post=264287"},{"taxonomy":"giftcard-category","embeddable":true,"href":"https:\/\/glamuur.ee\/et\/wp-json\/wp\/v2\/giftcard-category?post=264287"}],"curies":[{"name":"wp","href":"https:\/\/api.w.org\/{rel}","templated":true}]}}