{"id":261954,"date":"2024-07-08T14:00:06","date_gmt":"2024-07-08T11:00:06","guid":{"rendered":"https:\/\/glamuur.ee\/?post_type=product&#038;p=261954"},"modified":"2026-04-20T13:30:11","modified_gmt":"2026-04-20T10:30:11","slug":"ti-sento-milano-korvarongad-12","status":"publish","type":"product","link":"https:\/\/glamuur.ee\/et\/product\/ti-sento-milano-earrings-12\/","title":{"rendered":"TI SENTO - Milano k\u00f5rvar\u00f5ngad"},"content":{"rendered":"<p>Need v\u00f5luvad k\u00f5rvar\u00f5ngad on osa TI SENTO tootesarjast ja sobivad ideaalselt kaunite k\u00f5rvaehete partneriks. Disaini alus on loodud kvaliteetsest roodiumiga kaetud h\u00f5bedast ja roosakuldse pinnakattega. Huvitavust ja tekstuuri lisavad piimjas valge p\u00e4rlmutter, mille vahele on asetatud v\u00e4ikesed briljantl\u00f5ikega kuubilised tsirkoonid, mis annavad s\u00e4rava viimistluse. Need k\u00f5rvar\u00f5ngad, mis sobivad h\u00e4sti nii vabaaja p\u00e4evar\u00f5ivaste kui ka ametlikumate kokteilide juurde, sobivad TI SENTO Mix &amp; Match ehte kontseptsiooni.<\/p>","protected":false},"excerpt":{"rendered":"<p>These charming hoop earrings are part of the TI SENTO range and are ideal for partnering with pretty ear charms. The base of the design is created from high-quality rhodium-plated sterling silver and rose gold plated. Interest and texture are added with slivers of milky&#8230;<\/p>","protected":false},"featured_media":261957,"comment_status":"open","ping_status":"closed","template":"","meta":{"jetpack_post_was_ever_published":false},"product_brand":[],"product_cat":[725,968,945,150,152],"product_tag":[],"giftcard-category":[],"class_list":{"0":"post-261954","1":"product","2":"type-product","3":"status-publish","4":"has-post-thumbnail","6":"product_cat-earrings","7":"product_cat-mothers-day-2025-ti-sento","8":"product_cat-pearls","9":"product_cat-ti-sento-milano-basic-earrings","10":"product_cat-ti-sento-milano-estonian-design","11":"pa_material-silver","12":"pa_metal-color-rose-gold","13":"pa_product-brand-ti-sento-milano","14":"pa_stone-color-pearl","15":"pa_type-category-earrings","17":"first","18":"instock","19":"taxable","20":"shipping-taxable","21":"purchasable","22":"product-type-simple"},"bundled_by":[],"bundle_stock_status":"instock","bundle_stock_quantity":4,"bundle_virtual":false,"bundle_layout":"","bundle_add_to_cart_form_location":"","bundle_editable_in_cart":false,"bundle_sold_individually_context":"","bundle_item_grouping":"","bundle_min_size":"","bundle_max_size":"","bundle_price":[],"bundled_items":[],"bundle_sell_ids":[],"etheme_brands":{"errors":{"invalid_taxonomy":["Lubamatu taksonoomia."]},"error_data":[]},"_links":{"self":[{"href":"https:\/\/glamuur.ee\/et\/wp-json\/wp\/v2\/product\/261954","targetHints":{"allow":["GET"]}}],"collection":[{"href":"https:\/\/glamuur.ee\/et\/wp-json\/wp\/v2\/product"}],"about":[{"href":"https:\/\/glamuur.ee\/et\/wp-json\/wp\/v2\/types\/product"}],"replies":[{"embeddable":true,"href":"https:\/\/glamuur.ee\/et\/wp-json\/wp\/v2\/comments?post=261954"}],"wp:featuredmedia":[{"embeddable":true,"href":"https:\/\/glamuur.ee\/et\/wp-json\/wp\/v2\/media\/261957"}],"wp:attachment":[{"href":"https:\/\/glamuur.ee\/et\/wp-json\/wp\/v2\/media?parent=261954"}],"wp:term":[{"taxonomy":"product_brand","embeddable":true,"href":"https:\/\/glamuur.ee\/et\/wp-json\/wp\/v2\/product_brand?post=261954"},{"taxonomy":"product_cat","embeddable":true,"href":"https:\/\/glamuur.ee\/et\/wp-json\/wp\/v2\/product_cat?post=261954"},{"taxonomy":"product_tag","embeddable":true,"href":"https:\/\/glamuur.ee\/et\/wp-json\/wp\/v2\/product_tag?post=261954"},{"taxonomy":"giftcard-category","embeddable":true,"href":"https:\/\/glamuur.ee\/et\/wp-json\/wp\/v2\/giftcard-category?post=261954"}],"curies":[{"name":"wp","href":"https:\/\/api.w.org\/{rel}","templated":true}]}}