{"id":261494,"date":"2024-06-25T11:37:28","date_gmt":"2024-06-25T08:37:28","guid":{"rendered":"https:\/\/glamuur.ee\/?post_type=product&#038;p=261494"},"modified":"2026-04-15T17:05:09","modified_gmt":"2026-04-15T14:05:09","slug":"ti-sento-milano-korvarongad-2","status":"publish","type":"product","link":"https:\/\/glamuur.ee\/et\/product\/ti-sento-milano-earrings-2\/","title":{"rendered":"TI SENTO - Milano k\u00f5rvar\u00f5ngad"},"content":{"rendered":"<p>Need TI SENTO kollektsiooni k\u00f5rvar\u00f5ngad koosnevad kahest komponendist. M\u00f5lemad komponendid on lihvitud \u00fcmmargused tsirkoonid. \u00dclemine osa on veidi v\u00e4iksem tsirkooniumiga kui alumine osa. M\u00f5lemad on paigaldatud roodiumiga kaetud h\u00f5bedasse, mis tagab kauakestva s\u00e4ra ja kaitse.<\/p>","protected":false},"excerpt":{"rendered":"<p>Need TI SENTO kollektsiooni k\u00f5rvar\u00f5ngad koosnevad kahest komponendist. M\u00f5lemad komponendid on lihvitud \u00fcmmargused tsirkoonid. \u00dclemine osa on veidi v\u00e4iksem tsirkooniumiga kui alumine osa. M\u00f5lemad on paigaldatud roodiumiga kaetud h\u00f5bedasse, mis tagab kauakestva s\u00e4ra ja kaitse.<\/p>","protected":false},"featured_media":261497,"comment_status":"open","ping_status":"closed","template":"","meta":{"jetpack_post_was_ever_published":false},"product_brand":[],"product_cat":[725,793,599,72,143],"product_tag":[],"giftcard-category":[],"class_list":{"0":"post-261494","1":"product","2":"type-product","3":"status-publish","4":"has-post-thumbnail","6":"product_cat-earrings","7":"product_cat-gift-ideas-up-to-50e","8":"product_cat-sale","9":"product_cat-ti-sento-milano","10":"product_cat-ti-sento-milano-earrings","11":"pa_material-silver","12":"pa_metal-color-silver","13":"pa_product-brand-ti-sento-milano","14":"pa_stone-color-white","15":"pa_type-category-earrings","17":"first","18":"instock","19":"featured","20":"taxable","21":"shipping-taxable","22":"purchasable","23":"product-type-simple"},"bundled_by":[],"bundle_stock_status":"instock","bundle_stock_quantity":2,"bundle_virtual":false,"bundle_layout":"","bundle_add_to_cart_form_location":"","bundle_editable_in_cart":false,"bundle_sold_individually_context":"","bundle_item_grouping":"","bundle_min_size":"","bundle_max_size":"","bundle_price":[],"bundled_items":[],"bundle_sell_ids":[],"etheme_brands":{"errors":{"invalid_taxonomy":["Lubamatu taksonoomia."]},"error_data":[]},"_links":{"self":[{"href":"https:\/\/glamuur.ee\/et\/wp-json\/wp\/v2\/product\/261494","targetHints":{"allow":["GET"]}}],"collection":[{"href":"https:\/\/glamuur.ee\/et\/wp-json\/wp\/v2\/product"}],"about":[{"href":"https:\/\/glamuur.ee\/et\/wp-json\/wp\/v2\/types\/product"}],"replies":[{"embeddable":true,"href":"https:\/\/glamuur.ee\/et\/wp-json\/wp\/v2\/comments?post=261494"}],"wp:featuredmedia":[{"embeddable":true,"href":"https:\/\/glamuur.ee\/et\/wp-json\/wp\/v2\/media\/261497"}],"wp:attachment":[{"href":"https:\/\/glamuur.ee\/et\/wp-json\/wp\/v2\/media?parent=261494"}],"wp:term":[{"taxonomy":"product_brand","embeddable":true,"href":"https:\/\/glamuur.ee\/et\/wp-json\/wp\/v2\/product_brand?post=261494"},{"taxonomy":"product_cat","embeddable":true,"href":"https:\/\/glamuur.ee\/et\/wp-json\/wp\/v2\/product_cat?post=261494"},{"taxonomy":"product_tag","embeddable":true,"href":"https:\/\/glamuur.ee\/et\/wp-json\/wp\/v2\/product_tag?post=261494"},{"taxonomy":"giftcard-category","embeddable":true,"href":"https:\/\/glamuur.ee\/et\/wp-json\/wp\/v2\/giftcard-category?post=261494"}],"curies":[{"name":"wp","href":"https:\/\/api.w.org\/{rel}","templated":true}]}}