{"id":261218,"date":"2024-05-31T14:05:03","date_gmt":"2024-05-31T11:05:03","guid":{"rendered":"https:\/\/glamuur.ee\/?post_type=product&#038;p=261218"},"modified":"2026-04-10T15:02:03","modified_gmt":"2026-04-10T12:02:03","slug":"engelsrufer-korvarongad","status":"publish","type":"product","link":"https:\/\/glamuur.ee\/et\/product\/engelsrufer-earrings\/","title":{"rendered":"Engelsrufer K\u00f5rvar\u00f5ngad"},"content":{"rendered":"<p>Engelsrufer h\u00f5bedast k\u00f5rvar\u00f5ngad<\/p>\n<table class=\"er-product-data-table\">\n<tbody>\n<tr>\n<td><span id=\"Sku-template--21941107589424__main\" class=\"product__sku no-js-hidden\" role=\"status\">HEE-TEDDYLOVE<\/span><\/td>\n<\/tr>\n<\/tbody>\n<\/table>","protected":false},"excerpt":{"rendered":"<p>Engelsrufer h\u00f5bedast k\u00f5rvar\u00f5ngad HEE-TEDDYLOVE<\/p>","protected":false},"featured_media":261220,"comment_status":"open","ping_status":"closed","template":"","meta":{"jetpack_post_was_ever_published":false},"product_brand":[],"product_cat":[210,841,215,793,729,1626],"product_tag":[],"giftcard-category":[],"class_list":{"0":"post-261218","1":"product","2":"type-product","3":"status-publish","4":"has-post-thumbnail","6":"product_cat-engelsrufer","7":"product_cat-engelsrufer-kids","8":"product_cat-engelsrufer-pendants-necklaces","9":"product_cat-gift-ideas-up-to-50e","10":"product_cat-pendants","11":"product_cat-under-40","12":"pa_material-silver","13":"pa_metal-color-silver","14":"pa_product-brand-engelsrufer","15":"pa_stone-color-red","16":"pa_type-category-necklaces","18":"first","19":"instock","20":"featured","21":"taxable","22":"shipping-taxable","23":"purchasable","24":"product-type-simple"},"bundled_by":[],"bundle_stock_status":"instock","bundle_stock_quantity":1,"bundle_virtual":false,"bundle_layout":"","bundle_add_to_cart_form_location":"","bundle_editable_in_cart":false,"bundle_sold_individually_context":"","bundle_item_grouping":"","bundle_min_size":"","bundle_max_size":"","bundle_price":[],"bundled_items":[],"bundle_sell_ids":[],"etheme_brands":{"errors":{"invalid_taxonomy":["Lubamatu taksonoomia."]},"error_data":[]},"_links":{"self":[{"href":"https:\/\/glamuur.ee\/et\/wp-json\/wp\/v2\/product\/261218","targetHints":{"allow":["GET"]}}],"collection":[{"href":"https:\/\/glamuur.ee\/et\/wp-json\/wp\/v2\/product"}],"about":[{"href":"https:\/\/glamuur.ee\/et\/wp-json\/wp\/v2\/types\/product"}],"replies":[{"embeddable":true,"href":"https:\/\/glamuur.ee\/et\/wp-json\/wp\/v2\/comments?post=261218"}],"wp:featuredmedia":[{"embeddable":true,"href":"https:\/\/glamuur.ee\/et\/wp-json\/wp\/v2\/media\/261220"}],"wp:attachment":[{"href":"https:\/\/glamuur.ee\/et\/wp-json\/wp\/v2\/media?parent=261218"}],"wp:term":[{"taxonomy":"product_brand","embeddable":true,"href":"https:\/\/glamuur.ee\/et\/wp-json\/wp\/v2\/product_brand?post=261218"},{"taxonomy":"product_cat","embeddable":true,"href":"https:\/\/glamuur.ee\/et\/wp-json\/wp\/v2\/product_cat?post=261218"},{"taxonomy":"product_tag","embeddable":true,"href":"https:\/\/glamuur.ee\/et\/wp-json\/wp\/v2\/product_tag?post=261218"},{"taxonomy":"giftcard-category","embeddable":true,"href":"https:\/\/glamuur.ee\/et\/wp-json\/wp\/v2\/giftcard-category?post=261218"}],"curies":[{"name":"wp","href":"https:\/\/api.w.org\/{rel}","templated":true}]}}