{"id":261126,"date":"2024-05-23T18:31:36","date_gmt":"2024-05-23T15:31:36","guid":{"rendered":"https:\/\/glamuur.ee\/?post_type=product&#038;p=261126"},"modified":"2026-04-16T18:20:05","modified_gmt":"2026-04-16T15:20:05","slug":"ti-sento-milano-ring-14","status":"publish","type":"product","link":"https:\/\/glamuur.ee\/et\/product\/ti-sento-milano-ring-14\/","title":{"rendered":"TI SENTO \u2013 Milano S\u00f5rmus"},"content":{"rendered":"<p>See TI SENTO - Milano s\u00f5rmus on valmistatud roosakullatud h\u00f5bedast. Mustad tsirkooniumid on paveeritud siledas raamistuses. Kanda seda s\u00f5rmust koos mitmete TI SENTO Mix Match sarja s\u00f5rmustega samal s\u00f5rmel. Loo oma t\u00fckkide kombinatsioon!<\/p>","protected":false},"excerpt":{"rendered":"<p>This TI SENTO &#8211; Milano ring is made of rose gold plated sterling silver. The black zirconias are pav\u00e9-set in a smooth setting. Wear this ring in combination with a number of rings from the TI SENTO Mix Match series on the same finger. Create&#8230;<\/p>","protected":false},"featured_media":261088,"comment_status":"open","ping_status":"closed","template":"","meta":{"jetpack_post_was_ever_published":false},"product_brand":[],"product_cat":[979,730,939,964,152,145],"product_tag":[],"giftcard-category":[],"class_list":{"0":"post-261126","1":"product","2":"type-product","3":"status-publish","4":"has-post-thumbnail","6":"product_cat-graduation-2025","7":"product_cat-rings","8":"product_cat-ti-sento-sale-europe","9":"product_cat-summer-sale-ti-sento","10":"product_cat-ti-sento-milano-estonian-design","11":"product_cat-ti-sento-milano-rings","12":"pa_material-silver","13":"pa_metal-color-rose-gold","14":"pa_product-brand-ti-sento-milano","15":"pa_size-50-1600","16":"pa_size-52-1650","17":"pa_size-54-1725","18":"pa_size-56-1775","19":"pa_size-58-1850","20":"pa_size-60-1900","21":"pa_stone-color-black","22":"pa_type-category-rings","24":"first","25":"instock","26":"featured","27":"taxable","28":"shipping-taxable","29":"purchasable","30":"product-type-variable"},"bundled_by":[],"bundle_stock_status":"instock","bundle_stock_quantity":null,"bundle_virtual":false,"bundle_layout":"","bundle_add_to_cart_form_location":"","bundle_editable_in_cart":false,"bundle_sold_individually_context":"","bundle_item_grouping":"","bundle_min_size":"","bundle_max_size":"","bundle_price":[],"bundled_items":[],"bundle_sell_ids":[],"etheme_brands":{"errors":{"invalid_taxonomy":["Lubamatu taksonoomia."]},"error_data":[]},"_links":{"self":[{"href":"https:\/\/glamuur.ee\/et\/wp-json\/wp\/v2\/product\/261126","targetHints":{"allow":["GET"]}}],"collection":[{"href":"https:\/\/glamuur.ee\/et\/wp-json\/wp\/v2\/product"}],"about":[{"href":"https:\/\/glamuur.ee\/et\/wp-json\/wp\/v2\/types\/product"}],"replies":[{"embeddable":true,"href":"https:\/\/glamuur.ee\/et\/wp-json\/wp\/v2\/comments?post=261126"}],"wp:featuredmedia":[{"embeddable":true,"href":"https:\/\/glamuur.ee\/et\/wp-json\/wp\/v2\/media\/261088"}],"wp:attachment":[{"href":"https:\/\/glamuur.ee\/et\/wp-json\/wp\/v2\/media?parent=261126"}],"wp:term":[{"taxonomy":"product_brand","embeddable":true,"href":"https:\/\/glamuur.ee\/et\/wp-json\/wp\/v2\/product_brand?post=261126"},{"taxonomy":"product_cat","embeddable":true,"href":"https:\/\/glamuur.ee\/et\/wp-json\/wp\/v2\/product_cat?post=261126"},{"taxonomy":"product_tag","embeddable":true,"href":"https:\/\/glamuur.ee\/et\/wp-json\/wp\/v2\/product_tag?post=261126"},{"taxonomy":"giftcard-category","embeddable":true,"href":"https:\/\/glamuur.ee\/et\/wp-json\/wp\/v2\/giftcard-category?post=261126"}],"curies":[{"name":"wp","href":"https:\/\/api.w.org\/{rel}","templated":true}]}}