{"id":261094,"date":"2024-05-23T17:56:22","date_gmt":"2024-05-23T14:56:22","guid":{"rendered":"https:\/\/glamuur.ee\/?post_type=product&#038;p=261094"},"modified":"2026-04-16T18:00:06","modified_gmt":"2026-04-16T15:00:06","slug":"ti-sento-korvarongad-7","status":"publish","type":"product","link":"https:\/\/glamuur.ee\/et\/product\/ti-sento-earrings-7\/","title":{"rendered":"TI SENTO \u2013 Milano K\u00f5rvar\u00f5ngad"},"content":{"rendered":"<p>Need TI SENTO k\u00f5rvar\u00f5ngad 7962RP on meisterdatud h\u00f5bedast roosakullatud. Nende k\u00f5rvar\u00f5ngaste v\u00e4rvus on Helme kollase kullaga kaetud. K\u00f5ik TI SENTO ehted on kinkekaubana pakitud l\u00f5pmatu armastuse ja hoolega. Maagia on meie h\u00f5bedas.<\/p>","protected":false},"excerpt":{"rendered":"<p>Need TI SENTO k\u00f5rvar\u00f5ngad 7962RP on meisterdatud h\u00f5bedast roosakullatud. Nende k\u00f5rvar\u00f5ngaste v\u00e4rvus on Helme kollase kullaga kaetud. K\u00f5ik TI SENTO ehted on kinkekaubana pakitud l\u00f5pmatu armastuse ja hoolega. Maagia on meie h\u00f5bedas.<\/p>","protected":false},"featured_media":261083,"comment_status":"open","ping_status":"closed","template":"","meta":{"jetpack_post_was_ever_published":false},"product_brand":[],"product_cat":[725,979,968,945,939,964,72,152],"product_tag":[],"giftcard-category":[],"class_list":{"0":"post-261094","1":"product","2":"type-product","3":"status-publish","4":"has-post-thumbnail","6":"product_cat-earrings","7":"product_cat-graduation-2025","8":"product_cat-mothers-day-2025-ti-sento","9":"product_cat-pearls","10":"product_cat-ti-sento-sale-europe","11":"product_cat-summer-sale-ti-sento","12":"product_cat-ti-sento-milano","13":"product_cat-ti-sento-milano-estonian-design","14":"pa_material-silver","15":"pa_metal-color-rose-gold","16":"pa_product-brand-ti-sento-milano","17":"pa_stone-color-pearl","18":"pa_type-category-earrings","20":"first","21":"instock","22":"taxable","23":"shipping-taxable","24":"purchasable","25":"product-type-simple"},"bundled_by":[],"bundle_stock_status":"instock","bundle_stock_quantity":5,"bundle_virtual":false,"bundle_layout":"","bundle_add_to_cart_form_location":"","bundle_editable_in_cart":false,"bundle_sold_individually_context":"","bundle_item_grouping":"","bundle_min_size":"","bundle_max_size":"","bundle_price":[],"bundled_items":[],"bundle_sell_ids":[],"etheme_brands":{"errors":{"invalid_taxonomy":["Lubamatu taksonoomia."]},"error_data":[]},"_links":{"self":[{"href":"https:\/\/glamuur.ee\/et\/wp-json\/wp\/v2\/product\/261094","targetHints":{"allow":["GET"]}}],"collection":[{"href":"https:\/\/glamuur.ee\/et\/wp-json\/wp\/v2\/product"}],"about":[{"href":"https:\/\/glamuur.ee\/et\/wp-json\/wp\/v2\/types\/product"}],"replies":[{"embeddable":true,"href":"https:\/\/glamuur.ee\/et\/wp-json\/wp\/v2\/comments?post=261094"}],"wp:featuredmedia":[{"embeddable":true,"href":"https:\/\/glamuur.ee\/et\/wp-json\/wp\/v2\/media\/261083"}],"wp:attachment":[{"href":"https:\/\/glamuur.ee\/et\/wp-json\/wp\/v2\/media?parent=261094"}],"wp:term":[{"taxonomy":"product_brand","embeddable":true,"href":"https:\/\/glamuur.ee\/et\/wp-json\/wp\/v2\/product_brand?post=261094"},{"taxonomy":"product_cat","embeddable":true,"href":"https:\/\/glamuur.ee\/et\/wp-json\/wp\/v2\/product_cat?post=261094"},{"taxonomy":"product_tag","embeddable":true,"href":"https:\/\/glamuur.ee\/et\/wp-json\/wp\/v2\/product_tag?post=261094"},{"taxonomy":"giftcard-category","embeddable":true,"href":"https:\/\/glamuur.ee\/et\/wp-json\/wp\/v2\/giftcard-category?post=261094"}],"curies":[{"name":"wp","href":"https:\/\/api.w.org\/{rel}","templated":true}]}}