{"id":260983,"date":"2024-05-21T20:52:42","date_gmt":"2024-05-21T17:52:42","guid":{"rendered":"https:\/\/glamuur.ee\/product\/ania-haie-earrings-e053-05g\/"},"modified":"2026-02-05T22:29:16","modified_gmt":"2026-02-05T20:29:16","slug":"ania-haie-korvarongad-e053-05g","status":"publish","type":"product","link":"https:\/\/glamuur.ee\/et\/product\/ania-haie-earrings-e053-05g\/","title":{"rendered":"Ania Haie k\u00f5rvar\u00f5ngad E053-05G"},"content":{"rendered":"<p>K\u00f5rvar\u00f5nga pikkus = 20mm<br \/>\n K\u00f5rvar\u00f5nga laius = 10.4mm<br \/>\n Kuubilise tsirkooniumi suurus = 1.1mm, kogus = 2<br \/>\n Kuubilise tsirkooniumi suurus = 1.2mm, kogus = 2<br \/>\n Kuubilise tsirkooniumi suurus = 2*4mm, kogus = 2<br \/>\n Liblikas ja posti kinnitus<\/p>","protected":false},"excerpt":{"rendered":"<p>K\u00f5rvar\u00f5nga pikkus = 20mm K\u00f5rvar\u00f5nga laius = 10.4mm Kuubilise tsirkooniumi suurus = 1.1mm, kogus = 2 Kuubilise tsirkooniumi suurus = 1.2mm, kogus = 2 Kuubilise tsirkooniumi suurus = 2*4mm, kogus = 2 Butterfly ja post kinnitus.<\/p>","protected":false},"featured_media":260984,"comment_status":"open","ping_status":"closed","template":"","meta":{"jetpack_post_was_ever_published":false},"product_brand":[],"product_cat":[200,201,725],"product_tag":[],"giftcard-category":[],"class_list":{"0":"post-260983","1":"product","2":"type-product","3":"status-publish","4":"has-post-thumbnail","6":"product_cat-ania-haie","7":"product_cat-ania-haie-earrings","8":"product_cat-earrings","9":"pa_material-silver","10":"pa_metal-color-yellow-gold","11":"pa_product-brand-ania-haie","12":"pa_stone-color-white","13":"pa_type-category-earrings","15":"first","16":"instock","17":"taxable","18":"shipping-taxable","19":"purchasable","20":"product-type-simple"},"bundled_by":[],"bundle_stock_status":"instock","bundle_stock_quantity":1,"bundle_virtual":false,"bundle_layout":"","bundle_add_to_cart_form_location":"","bundle_editable_in_cart":false,"bundle_sold_individually_context":"","bundle_item_grouping":"","bundle_min_size":"","bundle_max_size":"","bundle_price":[],"bundled_items":[],"bundle_sell_ids":[],"etheme_brands":{"errors":{"invalid_taxonomy":["Lubamatu taksonoomia."]},"error_data":[]},"_links":{"self":[{"href":"https:\/\/glamuur.ee\/et\/wp-json\/wp\/v2\/product\/260983","targetHints":{"allow":["GET"]}}],"collection":[{"href":"https:\/\/glamuur.ee\/et\/wp-json\/wp\/v2\/product"}],"about":[{"href":"https:\/\/glamuur.ee\/et\/wp-json\/wp\/v2\/types\/product"}],"replies":[{"embeddable":true,"href":"https:\/\/glamuur.ee\/et\/wp-json\/wp\/v2\/comments?post=260983"}],"wp:featuredmedia":[{"embeddable":true,"href":"https:\/\/glamuur.ee\/et\/wp-json\/wp\/v2\/media\/260984"}],"wp:attachment":[{"href":"https:\/\/glamuur.ee\/et\/wp-json\/wp\/v2\/media?parent=260983"}],"wp:term":[{"taxonomy":"product_brand","embeddable":true,"href":"https:\/\/glamuur.ee\/et\/wp-json\/wp\/v2\/product_brand?post=260983"},{"taxonomy":"product_cat","embeddable":true,"href":"https:\/\/glamuur.ee\/et\/wp-json\/wp\/v2\/product_cat?post=260983"},{"taxonomy":"product_tag","embeddable":true,"href":"https:\/\/glamuur.ee\/et\/wp-json\/wp\/v2\/product_tag?post=260983"},{"taxonomy":"giftcard-category","embeddable":true,"href":"https:\/\/glamuur.ee\/et\/wp-json\/wp\/v2\/giftcard-category?post=260983"}],"curies":[{"name":"wp","href":"https:\/\/api.w.org\/{rel}","templated":true}]}}