{"id":26098,"date":"2023-01-10T13:43:40","date_gmt":"2023-01-10T13:43:40","guid":{"rendered":"https:\/\/dev.glamuur.ee\/product\/engelsrufer-bracelet-erb-heartwing-pe\/"},"modified":"2026-01-26T15:50:23","modified_gmt":"2026-01-26T13:50:23","slug":"engelsrufer-kaevoru-erb-heartwing-pe","status":"publish","type":"product","link":"https:\/\/glamuur.ee\/et\/product\/engelsrufer-bracelet-erb-heartwing-pe\/","title":{"rendered":"Engelsrufer K\u00e4ekett"},"content":{"rendered":"<p>Stretch k\u00e4ev\u00f5ru mageda vee p\u00e4rlitega ja Heartwing charmiga | 925 Sterling h\u00f5be roodiumiga | pikkus 17 cm<\/p>","protected":false},"excerpt":{"rendered":"<p>Stretch k\u00e4ev\u00f5ru mageda vee p\u00e4rlitega ja Heartwing charmiga | 925 Sterling h\u00f5be roodiumiga | pikkus 17 cm<\/p>","protected":false},"featured_media":77036,"comment_status":"open","ping_status":"closed","template":"","meta":{"jetpack_post_was_ever_published":false},"product_brand":[],"product_cat":[726,210,217,793,968,945,941],"product_tag":[942],"giftcard-category":[],"class_list":{"0":"post-26098","1":"product","2":"type-product","3":"status-publish","4":"has-post-thumbnail","6":"product_cat-bracelets","7":"product_cat-engelsrufer","8":"product_cat-engelsrufer-bracelets","9":"product_cat-gift-ideas-up-to-50e","10":"product_cat-mothers-day-2025-ti-sento","11":"product_cat-pearls","12":"product_cat-valentines-day","13":"product_tag-valentines-day","14":"pa_material-silver","15":"pa_metal-color-silver","16":"pa_product-brand-engelsrufer","17":"pa_stone-color-pearl","18":"pa_type-category-bracelets","20":"first","21":"instock","22":"featured","23":"taxable","24":"shipping-taxable","25":"purchasable","26":"product-type-simple"},"bundled_by":[],"bundle_stock_status":"instock","bundle_stock_quantity":3,"bundle_virtual":false,"bundle_layout":"","bundle_add_to_cart_form_location":"","bundle_editable_in_cart":false,"bundle_sold_individually_context":"","bundle_item_grouping":"","bundle_min_size":"","bundle_max_size":"","bundle_price":[],"bundled_items":[],"bundle_sell_ids":[],"etheme_brands":{"errors":{"invalid_taxonomy":["Lubamatu taksonoomia."]},"error_data":[]},"_links":{"self":[{"href":"https:\/\/glamuur.ee\/et\/wp-json\/wp\/v2\/product\/26098","targetHints":{"allow":["GET"]}}],"collection":[{"href":"https:\/\/glamuur.ee\/et\/wp-json\/wp\/v2\/product"}],"about":[{"href":"https:\/\/glamuur.ee\/et\/wp-json\/wp\/v2\/types\/product"}],"replies":[{"embeddable":true,"href":"https:\/\/glamuur.ee\/et\/wp-json\/wp\/v2\/comments?post=26098"}],"wp:featuredmedia":[{"embeddable":true,"href":"https:\/\/glamuur.ee\/et\/wp-json\/wp\/v2\/media\/77036"}],"wp:attachment":[{"href":"https:\/\/glamuur.ee\/et\/wp-json\/wp\/v2\/media?parent=26098"}],"wp:term":[{"taxonomy":"product_brand","embeddable":true,"href":"https:\/\/glamuur.ee\/et\/wp-json\/wp\/v2\/product_brand?post=26098"},{"taxonomy":"product_cat","embeddable":true,"href":"https:\/\/glamuur.ee\/et\/wp-json\/wp\/v2\/product_cat?post=26098"},{"taxonomy":"product_tag","embeddable":true,"href":"https:\/\/glamuur.ee\/et\/wp-json\/wp\/v2\/product_tag?post=26098"},{"taxonomy":"giftcard-category","embeddable":true,"href":"https:\/\/glamuur.ee\/et\/wp-json\/wp\/v2\/giftcard-category?post=26098"}],"curies":[{"name":"wp","href":"https:\/\/api.w.org\/{rel}","templated":true}]}}