{"id":260919,"date":"2024-05-21T17:49:40","date_gmt":"2024-05-21T14:49:40","guid":{"rendered":"https:\/\/glamuur.ee\/product\/ania-haie-earrings-e056-05h\/"},"modified":"2026-02-05T22:29:21","modified_gmt":"2026-02-05T20:29:21","slug":"ania-haie-earrings-e056-05h","status":"publish","type":"product","link":"https:\/\/glamuur.ee\/et\/product\/ania-haie-earrings-e056-05h\/","title":{"rendered":"Ania Haie Earrings E056-05H"},"content":{"rendered":"<p>V\u00e4lisl\u00e4bim\u00f5\u00f5t = 16mm<br \/>\n Sisemine l\u00e4bim\u00f5\u00f5t = 13mm<br \/>\n K\u00f5rvar\u00f5nga laius = 3.8~6.5mm<br \/>\n Kuubilise tsirkooniumi suurus = 1.7mm, kogus = 20<\/p>","protected":false},"excerpt":{"rendered":"<p>V\u00e4lisl\u00e4bim\u00f5\u00f5t = 16mm Sisemine l\u00e4bim\u00f5\u00f5t = 13mm K\u00f5rvar\u00f5nga laius = 3.8~6.5mm Kuubilise tsirkooniumi suurus = 1.7mm, kogus = 20<\/p>","protected":false},"featured_media":260920,"comment_status":"open","ping_status":"closed","template":"","meta":{"jetpack_post_was_ever_published":false},"product_brand":[],"product_cat":[200,201,725],"product_tag":[],"giftcard-category":[],"class_list":{"0":"post-260919","1":"product","2":"type-product","3":"status-publish","4":"has-post-thumbnail","6":"product_cat-ania-haie","7":"product_cat-ania-haie-earrings","8":"product_cat-earrings","9":"pa_material-silver","10":"pa_metal-color-silver","11":"pa_product-brand-ania-haie","12":"pa_stone-color-white","13":"pa_type-category-earrings","15":"first","16":"instock","17":"taxable","18":"shipping-taxable","19":"purchasable","20":"product-type-simple"},"bundled_by":[],"bundle_stock_status":"instock","bundle_stock_quantity":5,"bundle_virtual":false,"bundle_layout":"","bundle_add_to_cart_form_location":"","bundle_editable_in_cart":false,"bundle_sold_individually_context":"","bundle_item_grouping":"","bundle_min_size":"","bundle_max_size":"","bundle_price":[],"bundled_items":[],"bundle_sell_ids":[],"etheme_brands":{"errors":{"invalid_taxonomy":["Lubamatu taksonoomia."]},"error_data":[]},"_links":{"self":[{"href":"https:\/\/glamuur.ee\/et\/wp-json\/wp\/v2\/product\/260919","targetHints":{"allow":["GET"]}}],"collection":[{"href":"https:\/\/glamuur.ee\/et\/wp-json\/wp\/v2\/product"}],"about":[{"href":"https:\/\/glamuur.ee\/et\/wp-json\/wp\/v2\/types\/product"}],"replies":[{"embeddable":true,"href":"https:\/\/glamuur.ee\/et\/wp-json\/wp\/v2\/comments?post=260919"}],"wp:featuredmedia":[{"embeddable":true,"href":"https:\/\/glamuur.ee\/et\/wp-json\/wp\/v2\/media\/260920"}],"wp:attachment":[{"href":"https:\/\/glamuur.ee\/et\/wp-json\/wp\/v2\/media?parent=260919"}],"wp:term":[{"taxonomy":"product_brand","embeddable":true,"href":"https:\/\/glamuur.ee\/et\/wp-json\/wp\/v2\/product_brand?post=260919"},{"taxonomy":"product_cat","embeddable":true,"href":"https:\/\/glamuur.ee\/et\/wp-json\/wp\/v2\/product_cat?post=260919"},{"taxonomy":"product_tag","embeddable":true,"href":"https:\/\/glamuur.ee\/et\/wp-json\/wp\/v2\/product_tag?post=260919"},{"taxonomy":"giftcard-category","embeddable":true,"href":"https:\/\/glamuur.ee\/et\/wp-json\/wp\/v2\/giftcard-category?post=260919"}],"curies":[{"name":"wp","href":"https:\/\/api.w.org\/{rel}","templated":true}]}}