{"id":260792,"date":"2024-05-15T14:41:27","date_gmt":"2024-05-15T11:41:27","guid":{"rendered":"https:\/\/glamuur.ee\/?post_type=product&#038;p=260792"},"modified":"2025-09-11T17:50:29","modified_gmt":"2025-09-11T14:50:29","slug":"pronkssoormus","status":"publish","type":"product","link":"https:\/\/glamuur.ee\/et\/product\/bronzallure-ring\/","title":{"rendered":"Bronzallure s\u00f5rmus"},"content":{"rendered":"<p>18 kt roosakullaga kaetud kulds\u00f5rmus, mis on kaunistatud mosaiikl\u00f5ikega \u00fcmmarguse prismakiviga (10 mm).<\/p>\n<ul>\n<li>Patenteeritud kuldne roosa sulam<\/li>\n<li>Disainitud ja valmistatud Itaalias<\/li>\n<li>nikli- ja kaadmiumivaba<\/li>\n<li>H\u00fcpoallergeenne<\/li>\n<\/ul>\n<p>Materjal: Kuldne roos<br \/>\nKaal (g): 2.8<\/p>","protected":false},"excerpt":{"rendered":"<p>Cocktail ring made of Golden Ros\u00e9 alloy, 18kt rose gold plated, embellished with a round gem prism stone (10 mm) with a mosaic cut. Patented Golden Ros\u00e9 alloy Designed and made in Italy Nickel free, cadmium free Hypoallergenic Material: Golden rose Weight (g): 2.8<\/p>","protected":false},"featured_media":260807,"comment_status":"open","ping_status":"closed","template":"","meta":{"jetpack_post_was_ever_published":false},"product_brand":[],"product_cat":[193,197,980,730,939,964],"product_tag":[],"giftcard-category":[],"class_list":{"0":"post-260792","1":"product","2":"type-product","3":"status-publish","4":"has-post-thumbnail","6":"product_cat-bronzallure","7":"product_cat-bronzallure-rings","8":"product_cat-ready-for-vacation","9":"product_cat-rings","10":"product_cat-ti-sento-sale-europe","11":"product_cat-summer-sale-ti-sento","12":"pa_material-silver","13":"pa_metal-color-rose-gold","14":"pa_size-10-1600","15":"pa_size-12-1650","16":"pa_size-14-1700","17":"pa_size-16-1750","18":"pa_size-18-1800","19":"pa_size-20-1850","20":"pa_stone-color-blue","21":"pa_type-category-rings","23":"first","24":"instock","25":"taxable","26":"shipping-taxable","27":"purchasable","28":"product-type-variable"},"bundled_by":[],"bundle_stock_status":"instock","bundle_stock_quantity":null,"bundle_virtual":false,"bundle_layout":"","bundle_add_to_cart_form_location":"","bundle_editable_in_cart":false,"bundle_sold_individually_context":"","bundle_item_grouping":"","bundle_min_size":"","bundle_max_size":"","bundle_price":[],"bundled_items":[],"bundle_sell_ids":[],"etheme_brands":{"errors":{"invalid_taxonomy":["Lubamatu taksonoomia."]},"error_data":[]},"_links":{"self":[{"href":"https:\/\/glamuur.ee\/et\/wp-json\/wp\/v2\/product\/260792","targetHints":{"allow":["GET"]}}],"collection":[{"href":"https:\/\/glamuur.ee\/et\/wp-json\/wp\/v2\/product"}],"about":[{"href":"https:\/\/glamuur.ee\/et\/wp-json\/wp\/v2\/types\/product"}],"replies":[{"embeddable":true,"href":"https:\/\/glamuur.ee\/et\/wp-json\/wp\/v2\/comments?post=260792"}],"wp:featuredmedia":[{"embeddable":true,"href":"https:\/\/glamuur.ee\/et\/wp-json\/wp\/v2\/media\/260807"}],"wp:attachment":[{"href":"https:\/\/glamuur.ee\/et\/wp-json\/wp\/v2\/media?parent=260792"}],"wp:term":[{"taxonomy":"product_brand","embeddable":true,"href":"https:\/\/glamuur.ee\/et\/wp-json\/wp\/v2\/product_brand?post=260792"},{"taxonomy":"product_cat","embeddable":true,"href":"https:\/\/glamuur.ee\/et\/wp-json\/wp\/v2\/product_cat?post=260792"},{"taxonomy":"product_tag","embeddable":true,"href":"https:\/\/glamuur.ee\/et\/wp-json\/wp\/v2\/product_tag?post=260792"},{"taxonomy":"giftcard-category","embeddable":true,"href":"https:\/\/glamuur.ee\/et\/wp-json\/wp\/v2\/giftcard-category?post=260792"}],"curies":[{"name":"wp","href":"https:\/\/api.w.org\/{rel}","templated":true}]}}