{"id":260768,"date":"2024-05-15T14:22:36","date_gmt":"2024-05-15T11:22:36","guid":{"rendered":"https:\/\/glamuur.ee\/?post_type=product&#038;p=260768"},"modified":"2025-06-24T21:49:30","modified_gmt":"2025-06-24T18:49:30","slug":"bronzallure-earrings-10","status":"publish","type":"product","link":"https:\/\/glamuur.ee\/et\/product\/bronzallure-earrings-10\/","title":{"rendered":"Bronzallure K\u00f5rvar\u00f5ngad"},"content":{"rendered":"<p>K\u00f5rvar\u00f5ngad on valmistatud 18 kt roosakuldsest sulamist, kaunistatud kahe \u00fcmmarguse prismakiviga (10 mm), mis on mosaiiklihviga. Sulgemisn\u00f6\u00f6p ja liblikas.<\/p>\n<ul>\n<li>Patenteeritud kuldne roosa sulam<\/li>\n<li>Disainitud ja valmistatud Itaalias<\/li>\n<li>nikli- ja kaadmiumivaba<\/li>\n<li>H\u00fcpoallergeenne<\/li>\n<\/ul>\n<p>Materjal: Kuldne roos<br \/>\nKaal (g): 2.5<\/p>","protected":false},"excerpt":{"rendered":"<p>Lobe earrings made of Golden Ros\u00e9 alloy, 18kt rose gold plated, embellished with two round gem prism stones (10 mm) with a mosaic cut. Pin and butterfly closure. Patented Golden Ros\u00e9 alloy Designed and made in Italy Nickel free, cadmium free Hypoallergenic Material: Golden rose&#8230;<\/p>","protected":false},"featured_media":260755,"comment_status":"open","ping_status":"closed","template":"","meta":{"jetpack_post_was_ever_published":false},"product_brand":[],"product_cat":[194,725],"product_tag":[],"giftcard-category":[],"class_list":{"0":"post-260768","1":"product","2":"type-product","3":"status-publish","4":"has-post-thumbnail","6":"product_cat-bronzallure-earrings","7":"product_cat-earrings","8":"pa_material-golden-rose","9":"pa_metal-color-rose-gold","10":"pa_product-brand-bronzallure","11":"pa_stone-color-pink","12":"pa_type-category-earrings","14":"first","15":"outofstock","16":"taxable","17":"shipping-taxable","18":"purchasable","19":"product-type-simple"},"bundled_by":[],"bundle_stock_status":"outofstock","bundle_stock_quantity":0,"bundle_virtual":false,"bundle_layout":"","bundle_add_to_cart_form_location":"","bundle_editable_in_cart":false,"bundle_sold_individually_context":"","bundle_item_grouping":"","bundle_min_size":"","bundle_max_size":"","bundle_price":[],"bundled_items":[],"bundle_sell_ids":[],"etheme_brands":{"errors":{"invalid_taxonomy":["Lubamatu taksonoomia."]},"error_data":[]},"_links":{"self":[{"href":"https:\/\/glamuur.ee\/et\/wp-json\/wp\/v2\/product\/260768","targetHints":{"allow":["GET"]}}],"collection":[{"href":"https:\/\/glamuur.ee\/et\/wp-json\/wp\/v2\/product"}],"about":[{"href":"https:\/\/glamuur.ee\/et\/wp-json\/wp\/v2\/types\/product"}],"replies":[{"embeddable":true,"href":"https:\/\/glamuur.ee\/et\/wp-json\/wp\/v2\/comments?post=260768"}],"wp:featuredmedia":[{"embeddable":true,"href":"https:\/\/glamuur.ee\/et\/wp-json\/wp\/v2\/media\/260755"}],"wp:attachment":[{"href":"https:\/\/glamuur.ee\/et\/wp-json\/wp\/v2\/media?parent=260768"}],"wp:term":[{"taxonomy":"product_brand","embeddable":true,"href":"https:\/\/glamuur.ee\/et\/wp-json\/wp\/v2\/product_brand?post=260768"},{"taxonomy":"product_cat","embeddable":true,"href":"https:\/\/glamuur.ee\/et\/wp-json\/wp\/v2\/product_cat?post=260768"},{"taxonomy":"product_tag","embeddable":true,"href":"https:\/\/glamuur.ee\/et\/wp-json\/wp\/v2\/product_tag?post=260768"},{"taxonomy":"giftcard-category","embeddable":true,"href":"https:\/\/glamuur.ee\/et\/wp-json\/wp\/v2\/giftcard-category?post=260768"}],"curies":[{"name":"wp","href":"https:\/\/api.w.org\/{rel}","templated":true}]}}