{"id":260439,"date":"2024-04-30T10:40:26","date_gmt":"2024-04-30T07:40:26","guid":{"rendered":"https:\/\/glamuur.ee\/?post_type=product&#038;p=260439"},"modified":"2026-03-16T18:30:12","modified_gmt":"2026-03-16T16:30:12","slug":"ti-sento-milano-korva-volusid-14","status":"publish","type":"product","link":"https:\/\/glamuur.ee\/et\/product\/ti-sento-milano-ear-charms-14\/","title":{"rendered":"TI SENTO \u2013 Milano K\u00f5rvar\u00f5nga ripatsid"},"content":{"rendered":"<p>See paar TI SENTO k\u00f5rvamuldajaid on teie ehtekarbis kohustuslikus korras olemas. K\u00f5rvakaunistused on \u00fcmbritsetud kollase kullatud h\u00f5bedaga ja kaetud briljantselt lihvitud valge tsirkooniumkristalliga. Need k\u00f5rvamullid on t\u00e4iuslik t\u00e4iendus TI SENTO r\u00f5ngastele ja lisavad igale riietusele ainulaadse tooni.<\/p>","protected":false},"excerpt":{"rendered":"<p>This pair of TI SENTO ear charms are a must-have in your jewellery box. The ear charms are encased in yellow gold plated sterling silver and are topped with a brilliant cut white cubic zirconia crystal. These ear charms are the perfect addition to a&#8230;<\/p>","protected":false},"featured_media":260440,"comment_status":"open","ping_status":"closed","template":"","meta":{"jetpack_post_was_ever_published":false},"product_brand":[],"product_cat":[728,979,939,964,72,144,152],"product_tag":[],"giftcard-category":[],"class_list":{"0":"post-260439","1":"product","2":"type-product","3":"status-publish","4":"has-post-thumbnail","6":"product_cat-ear-charms","7":"product_cat-graduation-2025","8":"product_cat-ti-sento-sale-europe","9":"product_cat-summer-sale-ti-sento","10":"product_cat-ti-sento-milano","11":"product_cat-ti-sento-milano-ear-charms","12":"product_cat-ti-sento-milano-estonian-design","13":"pa_material-silver","14":"pa_metal-color-yellow-gold","15":"pa_product-brand-ti-sento-milano","16":"pa_stone-color-white","17":"pa_type-category-ear-charms","19":"first","20":"instock","21":"featured","22":"taxable","23":"shipping-taxable","24":"purchasable","25":"product-type-simple"},"bundled_by":[],"bundle_stock_status":"instock","bundle_stock_quantity":11,"bundle_virtual":false,"bundle_layout":"","bundle_add_to_cart_form_location":"","bundle_editable_in_cart":false,"bundle_sold_individually_context":"","bundle_item_grouping":"","bundle_min_size":"","bundle_max_size":"","bundle_price":[],"bundled_items":[],"bundle_sell_ids":[],"etheme_brands":{"errors":{"invalid_taxonomy":["Lubamatu taksonoomia."]},"error_data":[]},"_links":{"self":[{"href":"https:\/\/glamuur.ee\/et\/wp-json\/wp\/v2\/product\/260439","targetHints":{"allow":["GET"]}}],"collection":[{"href":"https:\/\/glamuur.ee\/et\/wp-json\/wp\/v2\/product"}],"about":[{"href":"https:\/\/glamuur.ee\/et\/wp-json\/wp\/v2\/types\/product"}],"replies":[{"embeddable":true,"href":"https:\/\/glamuur.ee\/et\/wp-json\/wp\/v2\/comments?post=260439"}],"wp:featuredmedia":[{"embeddable":true,"href":"https:\/\/glamuur.ee\/et\/wp-json\/wp\/v2\/media\/260440"}],"wp:attachment":[{"href":"https:\/\/glamuur.ee\/et\/wp-json\/wp\/v2\/media?parent=260439"}],"wp:term":[{"taxonomy":"product_brand","embeddable":true,"href":"https:\/\/glamuur.ee\/et\/wp-json\/wp\/v2\/product_brand?post=260439"},{"taxonomy":"product_cat","embeddable":true,"href":"https:\/\/glamuur.ee\/et\/wp-json\/wp\/v2\/product_cat?post=260439"},{"taxonomy":"product_tag","embeddable":true,"href":"https:\/\/glamuur.ee\/et\/wp-json\/wp\/v2\/product_tag?post=260439"},{"taxonomy":"giftcard-category","embeddable":true,"href":"https:\/\/glamuur.ee\/et\/wp-json\/wp\/v2\/giftcard-category?post=260439"}],"curies":[{"name":"wp","href":"https:\/\/api.w.org\/{rel}","templated":true}]}}