{"id":26030,"date":"2023-01-10T13:43:10","date_gmt":"2023-01-10T13:43:10","guid":{"rendered":"https:\/\/dev.glamuur.ee\/product\/engelsrufer-bracelet-erb-hand-g-mo\/"},"modified":"2026-03-23T11:05:29","modified_gmt":"2026-03-23T09:05:29","slug":"engelsrufer-kaevoru-erb-kasi-g-mo","status":"publish","type":"product","link":"https:\/\/glamuur.ee\/et\/product\/engelsrufer-bracelet-erb-hand-g-mo\/","title":{"rendered":"Engelsrufer K\u00e4ekett"},"content":{"rendered":"<p>Engelsrufer kollane kullatud h\u00f5bedast k\u00e4ev\u00f5ru ERB-HAND-G-MO koos kuukiviga<\/p>\n<p>MOONSTONE<br \/>\nOma maagilise hiilguse t\u00f5ttu ergutab kuukivi kujutlusv\u00f5imet. See on absoluutne \u00f5nne-, emotsiooni- ja armastuskivi, mis kaitseb haiguste eest, tugevdab ps\u00fc\u00fchikat ja annab nooruslikku s\u00e4ra.<\/p>","protected":false},"excerpt":{"rendered":"<p>Engelsrufer Yellow Gold plated Silver Bracelet ERB-HAND-G-MO with the Moonstone MOONSTONE Because of its magical splendour, the moonstone stimulates the imagination. It is the absolute lucky, emotional and love stone that protects against diseases, strengthens the psyche and gives youthful radiance.<\/p>","protected":false},"featured_media":42098,"comment_status":"open","ping_status":"closed","template":"","meta":{"jetpack_post_was_ever_published":false},"product_brand":[],"product_cat":[726,210,217],"product_tag":[],"giftcard-category":[],"class_list":{"0":"post-26030","1":"product","2":"type-product","3":"status-publish","4":"has-post-thumbnail","6":"product_cat-bracelets","7":"product_cat-engelsrufer","8":"product_cat-engelsrufer-bracelets","9":"pa_material-silver","10":"pa_metal-color-yellow-gold","11":"pa_product-brand-engelsrufer","12":"pa_stone-color-white","13":"pa_type-category-bracelets","15":"first","16":"instock","17":"featured","18":"taxable","19":"shipping-taxable","20":"purchasable","21":"product-type-simple"},"bundled_by":[],"bundle_stock_status":"instock","bundle_stock_quantity":4,"bundle_virtual":false,"bundle_layout":"","bundle_add_to_cart_form_location":"","bundle_editable_in_cart":false,"bundle_sold_individually_context":"","bundle_item_grouping":"","bundle_min_size":"","bundle_max_size":"","bundle_price":[],"bundled_items":[],"bundle_sell_ids":[],"etheme_brands":{"errors":{"invalid_taxonomy":["Lubamatu taksonoomia."]},"error_data":[]},"_links":{"self":[{"href":"https:\/\/glamuur.ee\/et\/wp-json\/wp\/v2\/product\/26030","targetHints":{"allow":["GET"]}}],"collection":[{"href":"https:\/\/glamuur.ee\/et\/wp-json\/wp\/v2\/product"}],"about":[{"href":"https:\/\/glamuur.ee\/et\/wp-json\/wp\/v2\/types\/product"}],"replies":[{"embeddable":true,"href":"https:\/\/glamuur.ee\/et\/wp-json\/wp\/v2\/comments?post=26030"}],"wp:featuredmedia":[{"embeddable":true,"href":"https:\/\/glamuur.ee\/et\/wp-json\/wp\/v2\/media\/42098"}],"wp:attachment":[{"href":"https:\/\/glamuur.ee\/et\/wp-json\/wp\/v2\/media?parent=26030"}],"wp:term":[{"taxonomy":"product_brand","embeddable":true,"href":"https:\/\/glamuur.ee\/et\/wp-json\/wp\/v2\/product_brand?post=26030"},{"taxonomy":"product_cat","embeddable":true,"href":"https:\/\/glamuur.ee\/et\/wp-json\/wp\/v2\/product_cat?post=26030"},{"taxonomy":"product_tag","embeddable":true,"href":"https:\/\/glamuur.ee\/et\/wp-json\/wp\/v2\/product_tag?post=26030"},{"taxonomy":"giftcard-category","embeddable":true,"href":"https:\/\/glamuur.ee\/et\/wp-json\/wp\/v2\/giftcard-category?post=26030"}],"curies":[{"name":"wp","href":"https:\/\/api.w.org\/{rel}","templated":true}]}}