{"id":25958,"date":"2023-01-10T13:42:41","date_gmt":"2023-01-10T13:42:41","guid":{"rendered":"https:\/\/dev.glamuur.ee\/product\/engelsrufer-bracelet-erb-20-1bs\/"},"modified":"2026-04-10T15:02:38","modified_gmt":"2026-04-10T12:02:38","slug":"engelsrufer-kaevoru-erb-20-1bs","status":"publish","type":"product","link":"https:\/\/glamuur.ee\/et\/product\/engelsrufer-bracelet-erb-20-1bs\/","title":{"rendered":"Engelsrufer K\u00e4ekett"},"content":{"rendered":"<p>K\u00e4ev\u00f5ru must spinell I 925 Sterling h\u00f5be roodiumiga kaetud klamber I 18 + 2cm<\/p>","protected":false},"excerpt":{"rendered":"<p>K\u00e4ev\u00f5ru must spinell I 925 Sterling h\u00f5be roodiumiga kaetud klamber I 18 + 2cm<\/p>","protected":false},"featured_media":25959,"comment_status":"open","ping_status":"closed","template":"","meta":{"jetpack_post_was_ever_published":false},"product_brand":[],"product_cat":[726,210,217,793,1626],"product_tag":[],"giftcard-category":[],"class_list":{"0":"post-25958","1":"product","2":"type-product","3":"status-publish","4":"has-post-thumbnail","6":"product_cat-bracelets","7":"product_cat-engelsrufer","8":"product_cat-engelsrufer-bracelets","9":"product_cat-gift-ideas-up-to-50e","10":"product_cat-under-40","11":"pa_material-silver","12":"pa_metal-color-silver","13":"pa_product-brand-engelsrufer","14":"pa_stone-color-black","15":"pa_type-category-bracelets","17":"first","18":"instock","19":"featured","20":"taxable","21":"shipping-taxable","22":"purchasable","23":"product-type-simple"},"bundled_by":[],"bundle_stock_status":"instock","bundle_stock_quantity":1,"bundle_virtual":false,"bundle_layout":"","bundle_add_to_cart_form_location":"","bundle_editable_in_cart":false,"bundle_sold_individually_context":"","bundle_item_grouping":"","bundle_min_size":"","bundle_max_size":"","bundle_price":[],"bundled_items":[],"bundle_sell_ids":[],"etheme_brands":{"errors":{"invalid_taxonomy":["Lubamatu taksonoomia."]},"error_data":[]},"_links":{"self":[{"href":"https:\/\/glamuur.ee\/et\/wp-json\/wp\/v2\/product\/25958","targetHints":{"allow":["GET"]}}],"collection":[{"href":"https:\/\/glamuur.ee\/et\/wp-json\/wp\/v2\/product"}],"about":[{"href":"https:\/\/glamuur.ee\/et\/wp-json\/wp\/v2\/types\/product"}],"replies":[{"embeddable":true,"href":"https:\/\/glamuur.ee\/et\/wp-json\/wp\/v2\/comments?post=25958"}],"wp:featuredmedia":[{"embeddable":true,"href":"https:\/\/glamuur.ee\/et\/wp-json\/wp\/v2\/media\/25959"}],"wp:attachment":[{"href":"https:\/\/glamuur.ee\/et\/wp-json\/wp\/v2\/media?parent=25958"}],"wp:term":[{"taxonomy":"product_brand","embeddable":true,"href":"https:\/\/glamuur.ee\/et\/wp-json\/wp\/v2\/product_brand?post=25958"},{"taxonomy":"product_cat","embeddable":true,"href":"https:\/\/glamuur.ee\/et\/wp-json\/wp\/v2\/product_cat?post=25958"},{"taxonomy":"product_tag","embeddable":true,"href":"https:\/\/glamuur.ee\/et\/wp-json\/wp\/v2\/product_tag?post=25958"},{"taxonomy":"giftcard-category","embeddable":true,"href":"https:\/\/glamuur.ee\/et\/wp-json\/wp\/v2\/giftcard-category?post=25958"}],"curies":[{"name":"wp","href":"https:\/\/api.w.org\/{rel}","templated":true}]}}