{"id":258262,"date":"2024-01-01T14:39:18","date_gmt":"2024-01-01T12:39:18","guid":{"rendered":"https:\/\/glamuur.ee\/?post_type=product&#038;p=258262"},"modified":"2026-04-20T13:30:08","modified_gmt":"2026-04-20T10:30:08","slug":"ti-sento-milano-korva-volusid-13","status":"publish","type":"product","link":"https:\/\/glamuur.ee\/et\/product\/ti-sento-milano-ear-charms-13\/","title":{"rendered":"TI SENTO \u2013 Milano K\u00f5rvar\u00f5nga ripatsid"},"content":{"rendered":"<p>Need TI SENTO - Milano k\u00f5rvam\u00e4rgid annavad igale k\u00f5rvar\u00f5ngale romantilise v\u00e4limuse t\u00e4nu s\u00fcdamekujule. V\u00e4ikesed s\u00fcdamed on iga\u00fcks k\u00e4sitsi paigaldatud roosa tsirkooniumidega, mis annavad s\u00e4rava pinna. Ear Charms'e saab v\u00e4ga h\u00e4sti kanda \u00fcksikult roosakuldsetel TI SENTO k\u00f5rvar\u00f5ngastel, kuid neid saab ka v\u00e4ga h\u00e4sti kombineerida teiste Ear Charms'idega.<\/p>\n<p>&nbsp;<\/p>","protected":false},"excerpt":{"rendered":"<p>These TI SENTO \u2013 Milano Ear Charms give each earring a romantic apperance as a result of the heart shape. The little hearts are each set by hand with pink Zirconia, which give a shining surface. The Ear Charms can very well be worn singularly&#8230;<\/p>","protected":false},"featured_media":258273,"comment_status":"open","ping_status":"closed","template":"","meta":{"jetpack_post_was_ever_published":false},"product_brand":[],"product_cat":[728,794,979,980,939,964,72,144,152,941],"product_tag":[942],"giftcard-category":[],"class_list":{"0":"post-258262","1":"product","2":"type-product","3":"status-publish","4":"has-post-thumbnail","6":"product_cat-ear-charms","7":"product_cat-gift-ideas-up-to-100e","8":"product_cat-graduation-2025","9":"product_cat-ready-for-vacation","10":"product_cat-ti-sento-sale-europe","11":"product_cat-summer-sale-ti-sento","12":"product_cat-ti-sento-milano","13":"product_cat-ti-sento-milano-ear-charms","14":"product_cat-ti-sento-milano-estonian-design","15":"product_cat-valentines-day","16":"product_tag-valentines-day","17":"pa_material-silver","18":"pa_metal-color-rose-gold","19":"pa_product-brand-ti-sento-milano","20":"pa_stone-color-pink","21":"pa_type-category-ear-charms","23":"first","24":"instock","25":"featured","26":"taxable","27":"shipping-taxable","28":"purchasable","29":"product-type-simple"},"bundled_by":[],"bundle_stock_status":"instock","bundle_stock_quantity":15,"bundle_virtual":false,"bundle_layout":"","bundle_add_to_cart_form_location":"","bundle_editable_in_cart":false,"bundle_sold_individually_context":"","bundle_item_grouping":"","bundle_min_size":"","bundle_max_size":"","bundle_price":[],"bundled_items":[],"bundle_sell_ids":[],"etheme_brands":{"errors":{"invalid_taxonomy":["Lubamatu taksonoomia."]},"error_data":[]},"_links":{"self":[{"href":"https:\/\/glamuur.ee\/et\/wp-json\/wp\/v2\/product\/258262","targetHints":{"allow":["GET"]}}],"collection":[{"href":"https:\/\/glamuur.ee\/et\/wp-json\/wp\/v2\/product"}],"about":[{"href":"https:\/\/glamuur.ee\/et\/wp-json\/wp\/v2\/types\/product"}],"replies":[{"embeddable":true,"href":"https:\/\/glamuur.ee\/et\/wp-json\/wp\/v2\/comments?post=258262"}],"wp:featuredmedia":[{"embeddable":true,"href":"https:\/\/glamuur.ee\/et\/wp-json\/wp\/v2\/media\/258273"}],"wp:attachment":[{"href":"https:\/\/glamuur.ee\/et\/wp-json\/wp\/v2\/media?parent=258262"}],"wp:term":[{"taxonomy":"product_brand","embeddable":true,"href":"https:\/\/glamuur.ee\/et\/wp-json\/wp\/v2\/product_brand?post=258262"},{"taxonomy":"product_cat","embeddable":true,"href":"https:\/\/glamuur.ee\/et\/wp-json\/wp\/v2\/product_cat?post=258262"},{"taxonomy":"product_tag","embeddable":true,"href":"https:\/\/glamuur.ee\/et\/wp-json\/wp\/v2\/product_tag?post=258262"},{"taxonomy":"giftcard-category","embeddable":true,"href":"https:\/\/glamuur.ee\/et\/wp-json\/wp\/v2\/giftcard-category?post=258262"}],"curies":[{"name":"wp","href":"https:\/\/api.w.org\/{rel}","templated":true}]}}