{"id":258234,"date":"2024-03-08T17:21:48","date_gmt":"2024-03-08T15:21:48","guid":{"rendered":"https:\/\/glamuur.ee\/?post_type=product&#038;p=258234"},"modified":"2026-04-30T19:26:57","modified_gmt":"2026-04-30T16:26:57","slug":"ti-sento-milano-korva-volusid-10","status":"publish","type":"product","link":"https:\/\/glamuur.ee\/et\/product\/ti-sento-milano-ear-charms-10\/","title":{"rendered":"TI SENTO - Milano k\u00f5rvam\u00e4rgid"},"content":{"rendered":"<p>Keskne kivi koosneb kahest kihist: p\u00e4rlmutterkihist ja s\u00fcnteetilisest kristallist pealiskihist. See kristall on paigutatud meie disainimeeskonna poolt karbisesse kinnitusse, mis omakorda on kaetud pav\u00e9-kivisillutisega. Ripats on valmistatud roodiumist sterlingh\u00f5bedast, mis annab k\u00f5rvar\u00f5ngale t\u00e4iendava l\u00e4ike ja pikendab selle eluiga. TI SENTO kollektsioonis on ka teisi esemeid, mida saab koos nende k\u00f5rvam\u00e4rkidega kokku panna, et luua elegantne komplekt.<\/p>\n<p>K\u00f5ik TI SENTO - Milano ehted on kingituseks pakitud l\u00f5pmatu armastuse ja hoolega.<\/p>\n<p>Suurus \u00d8 11mm<\/p>","protected":false},"excerpt":{"rendered":"<p>The central stone consists of two layers: a base layer of nacre and a top layer of synthetic crystal. This crystal has been placed by our in-house design team in a box setting, which is itself covered with pav\u00e9 set cubic zirconia. The pendant is&#8230;<\/p>","protected":false},"featured_media":262170,"comment_status":"open","ping_status":"closed","template":"","meta":{"jetpack_post_was_ever_published":false},"product_brand":[],"product_cat":[728,152],"product_tag":[],"giftcard-category":[],"class_list":{"0":"post-258234","1":"product","2":"type-product","3":"status-publish","4":"has-post-thumbnail","6":"product_cat-ear-charms","7":"product_cat-ti-sento-milano-estonian-design","8":"pa_material-silver","9":"pa_metal-color-silver","10":"pa_product-brand-ti-sento-milano","11":"pa_stone-color-grey","12":"pa_type-category-ear-charms","14":"first","15":"instock","16":"sale","17":"featured","18":"taxable","19":"shipping-taxable","20":"purchasable","21":"product-type-simple"},"bundled_by":[],"bundle_stock_status":"instock","bundle_stock_quantity":4,"bundle_virtual":false,"bundle_layout":"","bundle_add_to_cart_form_location":"","bundle_editable_in_cart":false,"bundle_sold_individually_context":"","bundle_item_grouping":"","bundle_min_size":"","bundle_max_size":"","bundle_price":[],"bundled_items":[],"bundle_sell_ids":[],"etheme_brands":{"errors":{"invalid_taxonomy":["Lubamatu taksonoomia."]},"error_data":[]},"_links":{"self":[{"href":"https:\/\/glamuur.ee\/et\/wp-json\/wp\/v2\/product\/258234","targetHints":{"allow":["GET"]}}],"collection":[{"href":"https:\/\/glamuur.ee\/et\/wp-json\/wp\/v2\/product"}],"about":[{"href":"https:\/\/glamuur.ee\/et\/wp-json\/wp\/v2\/types\/product"}],"replies":[{"embeddable":true,"href":"https:\/\/glamuur.ee\/et\/wp-json\/wp\/v2\/comments?post=258234"}],"wp:featuredmedia":[{"embeddable":true,"href":"https:\/\/glamuur.ee\/et\/wp-json\/wp\/v2\/media\/262170"}],"wp:attachment":[{"href":"https:\/\/glamuur.ee\/et\/wp-json\/wp\/v2\/media?parent=258234"}],"wp:term":[{"taxonomy":"product_brand","embeddable":true,"href":"https:\/\/glamuur.ee\/et\/wp-json\/wp\/v2\/product_brand?post=258234"},{"taxonomy":"product_cat","embeddable":true,"href":"https:\/\/glamuur.ee\/et\/wp-json\/wp\/v2\/product_cat?post=258234"},{"taxonomy":"product_tag","embeddable":true,"href":"https:\/\/glamuur.ee\/et\/wp-json\/wp\/v2\/product_tag?post=258234"},{"taxonomy":"giftcard-category","embeddable":true,"href":"https:\/\/glamuur.ee\/et\/wp-json\/wp\/v2\/giftcard-category?post=258234"}],"curies":[{"name":"wp","href":"https:\/\/api.w.org\/{rel}","templated":true}]}}