{"id":254609,"date":"2022-08-04T11:53:43","date_gmt":"2022-08-04T08:53:43","guid":{"rendered":"https:\/\/glamuur.ee\/product\/bronzallure-earrings-wsbz01828-bo-2\/"},"modified":"2025-04-30T16:51:35","modified_gmt":"2025-04-30T13:51:35","slug":"pronkskorvarongad-wsbz01828-bo-2","status":"publish","type":"product","link":"https:\/\/glamuur.ee\/et\/product\/bronzallure-earrings-wsbz01828-bo-2\/","title":{"rendered":"Bronzallure K\u00f5rvar\u00f5ngad"},"content":{"rendered":"<p>S\u00fcdametsaga looduskivist k\u00f5rvar\u00f5ngad on passepartout ehteid igaks p\u00e4evaks. Lihtsad ja \u00f5rnad, need on valmistatud 18K roosakullaga kullatud Golden Rose'ist ja saadaval mitmes v\u00e4rvivariandis. Valik on sinu! \u00dchendage need k\u00f5rvar\u00f5ngad koosk\u00f5lastatud kaelakee v\u00f5i teiste Felicia kollektsiooni loomingutega.<\/p><\/div>\n<p> Golden Rose patenteeritud sulam 18k roosakuldne pinnakate Sertifitseeritud looduslikud kivid Disainitud Made in Italy Niklivaba, kaadmiumivaba, h\u00fcpoallergeenne Pikkus: 1,30 cm<\/p>","protected":false},"excerpt":{"rendered":"<p>Natural stone earrings with a heart bezel are the passepartout jewelry for every day. Simple and delicate, they are made of 18K rose gold plated Golden Rose and available in several color variations. The choice is yours! Pair these earrings with the coordinating necklace or&#8230;<\/p>","protected":false},"featured_media":121724,"comment_status":"open","ping_status":"closed","template":"","meta":{"jetpack_post_was_ever_published":false},"product_brand":[],"product_cat":[193,194,725,599,939,964,941],"product_tag":[942],"giftcard-category":[],"class_list":{"0":"post-254609","1":"product","2":"type-product","3":"status-publish","4":"has-post-thumbnail","6":"product_cat-bronzallure","7":"product_cat-bronzallure-earrings","8":"product_cat-earrings","9":"product_cat-sale","10":"product_cat-ti-sento-sale-europe","11":"product_cat-summer-sale-ti-sento","12":"product_cat-valentines-day","13":"product_tag-valentines-day","14":"pa_material-golden-rose","15":"pa_metal-color-rose-gold","16":"pa_product-brand-bronzallure","17":"pa_stone-color-black","18":"pa_type-category-earrings","20":"first","21":"instock","22":"taxable","23":"shipping-taxable","24":"purchasable","25":"product-type-simple"},"bundled_by":[],"bundle_stock_status":"instock","bundle_stock_quantity":2,"bundle_virtual":false,"bundle_layout":"","bundle_add_to_cart_form_location":"","bundle_editable_in_cart":false,"bundle_sold_individually_context":"","bundle_item_grouping":"","bundle_min_size":"","bundle_max_size":"","bundle_price":[],"bundled_items":[],"bundle_sell_ids":[],"etheme_brands":{"errors":{"invalid_taxonomy":["Lubamatu taksonoomia."]},"error_data":[]},"_links":{"self":[{"href":"https:\/\/glamuur.ee\/et\/wp-json\/wp\/v2\/product\/254609","targetHints":{"allow":["GET"]}}],"collection":[{"href":"https:\/\/glamuur.ee\/et\/wp-json\/wp\/v2\/product"}],"about":[{"href":"https:\/\/glamuur.ee\/et\/wp-json\/wp\/v2\/types\/product"}],"replies":[{"embeddable":true,"href":"https:\/\/glamuur.ee\/et\/wp-json\/wp\/v2\/comments?post=254609"}],"wp:featuredmedia":[{"embeddable":true,"href":"https:\/\/glamuur.ee\/et\/wp-json\/wp\/v2\/media\/121724"}],"wp:attachment":[{"href":"https:\/\/glamuur.ee\/et\/wp-json\/wp\/v2\/media?parent=254609"}],"wp:term":[{"taxonomy":"product_brand","embeddable":true,"href":"https:\/\/glamuur.ee\/et\/wp-json\/wp\/v2\/product_brand?post=254609"},{"taxonomy":"product_cat","embeddable":true,"href":"https:\/\/glamuur.ee\/et\/wp-json\/wp\/v2\/product_cat?post=254609"},{"taxonomy":"product_tag","embeddable":true,"href":"https:\/\/glamuur.ee\/et\/wp-json\/wp\/v2\/product_tag?post=254609"},{"taxonomy":"giftcard-category","embeddable":true,"href":"https:\/\/glamuur.ee\/et\/wp-json\/wp\/v2\/giftcard-category?post=254609"}],"curies":[{"name":"wp","href":"https:\/\/api.w.org\/{rel}","templated":true}]}}