{"id":254606,"date":"2024-02-08T20:55:11","date_gmt":"2024-02-08T18:55:11","guid":{"rendered":"https:\/\/glamuur.ee\/product\/bronzallure-necklace-wsbz01542-bo\/"},"modified":"2025-10-08T01:36:03","modified_gmt":"2025-10-07T22:36:03","slug":"pronksvalge-kaelakee-wsbz01542-bo","status":"publish","type":"product","link":"https:\/\/glamuur.ee\/et\/product\/bronzallure-necklace-wsbz01542-bo\/","title":{"rendered":"Bronzallure Kaelakee"},"content":{"rendered":"<p>Need Alba eemaldatavad rippuvad k\u00f5rvar\u00f5ngad sisaldavad loodusliku kiviketta 18 kt roosakullatud Golden Rose alusel. Elegantsus ja stiil \u00fches ehtes, mis sobib ideaalselt igap\u00e4evaseks kandmiseks. \u00dchendage need meie e-poes olevate kaelakee, s\u00f5rmuste ja k\u00f5rvar\u00f5ngastega.<br \/>\n- Golden Rose patenteeritud sulam <br \/>- 18KT roosa kuldkate <br \/>- Sertifitseeritud looduslikud kivid<br \/>- Disainitud Made in Italy <br \/>- nikli- ja kaadmiumivaba, h\u00fcpoallergeenne.<br \/>- Pikkus: 3 cm<br \/>- Kivi l\u00e4bim\u00f5\u00f5t: 1 cm<\/p>","protected":false},"excerpt":{"rendered":"<p>These Alba removable pendant earrings incorporate a natural stone disc on an 18kt rose gold plated Golden Rose base. Elegance and style in one piece of jewelry perfect for everyday wear. Pair them with the necklace, rings and earrings featured on our ecommerce store. \u2022&#8230;<\/p>","protected":false},"featured_media":121452,"comment_status":"open","ping_status":"closed","template":"","meta":{"jetpack_post_was_ever_published":false},"product_brand":[],"product_cat":[193,195,727],"product_tag":[],"giftcard-category":[],"class_list":{"0":"post-254606","1":"product","2":"type-product","3":"status-publish","4":"has-post-thumbnail","6":"product_cat-bronzallure","7":"product_cat-bronzallure-necklaces","8":"product_cat-necklaces","9":"pa_material-golden-rose","10":"pa_metal-color-rose-gold","11":"pa_product-brand-bronzallure","12":"pa_stone-color-black","13":"pa_type-category-necklaces","15":"first","16":"instock","17":"taxable","18":"shipping-taxable","19":"purchasable","20":"product-type-simple"},"bundled_by":[],"bundle_stock_status":"instock","bundle_stock_quantity":null,"bundle_virtual":false,"bundle_layout":"","bundle_add_to_cart_form_location":"","bundle_editable_in_cart":false,"bundle_sold_individually_context":"","bundle_item_grouping":"","bundle_min_size":"","bundle_max_size":"","bundle_price":[],"bundled_items":[],"bundle_sell_ids":[],"etheme_brands":{"errors":{"invalid_taxonomy":["Lubamatu taksonoomia."]},"error_data":[]},"_links":{"self":[{"href":"https:\/\/glamuur.ee\/et\/wp-json\/wp\/v2\/product\/254606","targetHints":{"allow":["GET"]}}],"collection":[{"href":"https:\/\/glamuur.ee\/et\/wp-json\/wp\/v2\/product"}],"about":[{"href":"https:\/\/glamuur.ee\/et\/wp-json\/wp\/v2\/types\/product"}],"replies":[{"embeddable":true,"href":"https:\/\/glamuur.ee\/et\/wp-json\/wp\/v2\/comments?post=254606"}],"wp:featuredmedia":[{"embeddable":true,"href":"https:\/\/glamuur.ee\/et\/wp-json\/wp\/v2\/media\/121452"}],"wp:attachment":[{"href":"https:\/\/glamuur.ee\/et\/wp-json\/wp\/v2\/media?parent=254606"}],"wp:term":[{"taxonomy":"product_brand","embeddable":true,"href":"https:\/\/glamuur.ee\/et\/wp-json\/wp\/v2\/product_brand?post=254606"},{"taxonomy":"product_cat","embeddable":true,"href":"https:\/\/glamuur.ee\/et\/wp-json\/wp\/v2\/product_cat?post=254606"},{"taxonomy":"product_tag","embeddable":true,"href":"https:\/\/glamuur.ee\/et\/wp-json\/wp\/v2\/product_tag?post=254606"},{"taxonomy":"giftcard-category","embeddable":true,"href":"https:\/\/glamuur.ee\/et\/wp-json\/wp\/v2\/giftcard-category?post=254606"}],"curies":[{"name":"wp","href":"https:\/\/api.w.org\/{rel}","templated":true}]}}