{"id":254602,"date":"2024-02-08T20:47:22","date_gmt":"2024-02-08T18:47:22","guid":{"rendered":"https:\/\/glamuur.ee\/product\/bronzallure-ring-wsbz02299y-yg\/"},"modified":"2026-01-13T11:25:24","modified_gmt":"2026-01-13T09:25:24","slug":"pronkskollane-rongas-wsbz02299y-yg","status":"publish","type":"product","link":"https:\/\/glamuur.ee\/et\/product\/bronzallure-ring-wsbz02299y-yg\/","title":{"rendered":"Bronzallure K\u00f5rvar\u00f5ngad"},"content":{"rendered":"<p>K\u00f5rvar\u00f5ngad on valmistatud 18 kt kollase kullaga kaetud kuldsest kullasulamist, kahekordse p\u00f5imitud s\u00fcdamekujulise elemendi ja ovaalse l\u00fcliga. M\u00f5lemad elemendid on kaunistatud v\u00e4ikeste kuubilise tsirkooniumiga valguspunktidega, helendava kvaliteediga.<br \/>\nKuldne roosa patenteeritud sulam<br \/>\nDisainitud ja valmistatud Itaalias<br \/>\nnikli- ja kaadmiumivaba<br \/>\nH\u00fcpoallergeenne<br \/>\nMaterjal: Kuldne roosa<br \/>\nKaal (g): 4.8<\/p>","protected":false},"excerpt":{"rendered":"<p>Earrings made of Golden Ros\u00e9 alloy, 18kt yellow gold plated, with double intertwined heart-shaped element and oval link. Both elements are embellished with small points of light in cubic zirconia, luminous quality. Golden Ros\u00e9 patented alloy Designed and made in Italy Nickel free, cadmium free&#8230;<\/p>","protected":false},"featured_media":254581,"comment_status":"open","ping_status":"closed","template":"","meta":{"jetpack_post_was_ever_published":false},"product_brand":[],"product_cat":[194,941],"product_tag":[942],"giftcard-category":[],"class_list":{"0":"post-254602","1":"product","2":"type-product","3":"status-publish","4":"has-post-thumbnail","6":"product_cat-bronzallure-earrings","7":"product_cat-valentines-day","8":"product_tag-valentines-day","9":"pa_metal-color-yellow-gold","10":"pa_stone-color-white","11":"pa_type-category-earrings","13":"first","14":"instock","15":"taxable","16":"shipping-taxable","17":"purchasable","18":"product-type-simple"},"bundled_by":[],"bundle_stock_status":"instock","bundle_stock_quantity":1,"bundle_virtual":false,"bundle_layout":"","bundle_add_to_cart_form_location":"","bundle_editable_in_cart":false,"bundle_sold_individually_context":"","bundle_item_grouping":"","bundle_min_size":"","bundle_max_size":"","bundle_price":[],"bundled_items":[],"bundle_sell_ids":[],"etheme_brands":{"errors":{"invalid_taxonomy":["Lubamatu taksonoomia."]},"error_data":[]},"_links":{"self":[{"href":"https:\/\/glamuur.ee\/et\/wp-json\/wp\/v2\/product\/254602","targetHints":{"allow":["GET"]}}],"collection":[{"href":"https:\/\/glamuur.ee\/et\/wp-json\/wp\/v2\/product"}],"about":[{"href":"https:\/\/glamuur.ee\/et\/wp-json\/wp\/v2\/types\/product"}],"replies":[{"embeddable":true,"href":"https:\/\/glamuur.ee\/et\/wp-json\/wp\/v2\/comments?post=254602"}],"wp:featuredmedia":[{"embeddable":true,"href":"https:\/\/glamuur.ee\/et\/wp-json\/wp\/v2\/media\/254581"}],"wp:attachment":[{"href":"https:\/\/glamuur.ee\/et\/wp-json\/wp\/v2\/media?parent=254602"}],"wp:term":[{"taxonomy":"product_brand","embeddable":true,"href":"https:\/\/glamuur.ee\/et\/wp-json\/wp\/v2\/product_brand?post=254602"},{"taxonomy":"product_cat","embeddable":true,"href":"https:\/\/glamuur.ee\/et\/wp-json\/wp\/v2\/product_cat?post=254602"},{"taxonomy":"product_tag","embeddable":true,"href":"https:\/\/glamuur.ee\/et\/wp-json\/wp\/v2\/product_tag?post=254602"},{"taxonomy":"giftcard-category","embeddable":true,"href":"https:\/\/glamuur.ee\/et\/wp-json\/wp\/v2\/giftcard-category?post=254602"}],"curies":[{"name":"wp","href":"https:\/\/api.w.org\/{rel}","templated":true}]}}