{"id":254591,"date":"2024-02-08T20:47:04","date_gmt":"2024-02-08T18:47:04","guid":{"rendered":"https:\/\/glamuur.ee\/product\/bronzallure-earrings-wsbz02159-white-2\/"},"modified":"2025-04-30T16:51:38","modified_gmt":"2025-04-30T13:51:38","slug":"pronkskorvarongad-wsbz02159-valge-2","status":"publish","type":"product","link":"https:\/\/glamuur.ee\/et\/product\/bronzallure-earrings-wsbz02159-white-2\/","title":{"rendered":"Bronzallure K\u00f5rvar\u00f5ngad"},"content":{"rendered":"<p>Bronzallure k\u00f5rvar\u00f5ngad, valmistatud kuldsest roosade sulamist, 18 kt roosakullaga kaetud, kaunistatud kuubiliste tsirkooniumidega, helendav kvaliteet; sulgemine lukustuva n\u00f6\u00f6pn\u00f5elaga. V\u00e4lisl\u00e4bim\u00f5\u00f5t 1 cm.<br \/>\nKuldne roosa patenteeritud sulam<br \/>\nDisainitud ja valmistatud Itaalias<br \/>\nnikli- ja kaadmiumivaba<br \/>\nH\u00fcpoallergeenne<br \/>\nMaterjal: Kuldne roosa<br \/>\nPikkus (cm): 1<br \/>\nKaal (g): 2<\/p>","protected":false},"excerpt":{"rendered":"<p>Bronzallure hoop earrings made of Golden Ros\u00e9 alloy, 18kt rose gold plated, embellished with cubic zirconia pav\u00e9, luminous quality; closure with interlocking pin. External diameter 1 cm. Golden Ros\u00e9 patented alloy Designed and made in Italy Nickel free, cadmium free Hypoallergenic Material: Golden Ros\u00e9 Length&#8230;<\/p>","protected":false},"featured_media":240026,"comment_status":"open","ping_status":"closed","template":"","meta":{"jetpack_post_was_ever_published":false},"product_brand":[],"product_cat":[193,194,725],"product_tag":[],"giftcard-category":[],"class_list":{"0":"post-254591","1":"product","2":"type-product","3":"status-publish","4":"has-post-thumbnail","6":"product_cat-bronzallure","7":"product_cat-bronzallure-earrings","8":"product_cat-earrings","9":"pa_material-golden-rose","10":"pa_metal-color-rose-gold","11":"pa_product-brand-bronzallure","12":"pa_stone-color-white","13":"pa_type-category-earrings","15":"first","16":"instock","17":"taxable","18":"shipping-taxable","19":"purchasable","20":"product-type-simple"},"bundled_by":[],"bundle_stock_status":"instock","bundle_stock_quantity":null,"bundle_virtual":false,"bundle_layout":"","bundle_add_to_cart_form_location":"","bundle_editable_in_cart":false,"bundle_sold_individually_context":"","bundle_item_grouping":"","bundle_min_size":"","bundle_max_size":"","bundle_price":[],"bundled_items":[],"bundle_sell_ids":[],"etheme_brands":{"errors":{"invalid_taxonomy":["Lubamatu taksonoomia."]},"error_data":[]},"_links":{"self":[{"href":"https:\/\/glamuur.ee\/et\/wp-json\/wp\/v2\/product\/254591","targetHints":{"allow":["GET"]}}],"collection":[{"href":"https:\/\/glamuur.ee\/et\/wp-json\/wp\/v2\/product"}],"about":[{"href":"https:\/\/glamuur.ee\/et\/wp-json\/wp\/v2\/types\/product"}],"replies":[{"embeddable":true,"href":"https:\/\/glamuur.ee\/et\/wp-json\/wp\/v2\/comments?post=254591"}],"wp:featuredmedia":[{"embeddable":true,"href":"https:\/\/glamuur.ee\/et\/wp-json\/wp\/v2\/media\/240026"}],"wp:attachment":[{"href":"https:\/\/glamuur.ee\/et\/wp-json\/wp\/v2\/media?parent=254591"}],"wp:term":[{"taxonomy":"product_brand","embeddable":true,"href":"https:\/\/glamuur.ee\/et\/wp-json\/wp\/v2\/product_brand?post=254591"},{"taxonomy":"product_cat","embeddable":true,"href":"https:\/\/glamuur.ee\/et\/wp-json\/wp\/v2\/product_cat?post=254591"},{"taxonomy":"product_tag","embeddable":true,"href":"https:\/\/glamuur.ee\/et\/wp-json\/wp\/v2\/product_tag?post=254591"},{"taxonomy":"giftcard-category","embeddable":true,"href":"https:\/\/glamuur.ee\/et\/wp-json\/wp\/v2\/giftcard-category?post=254591"}],"curies":[{"name":"wp","href":"https:\/\/api.w.org\/{rel}","templated":true}]}}