{"id":25435,"date":"2023-01-06T17:41:46","date_gmt":"2023-01-06T15:41:46","guid":{"rendered":"https:\/\/dev.glamuur.ee\/product\/ania-haie-ring-r040-01g-ng\/"},"modified":"2026-02-05T22:33:43","modified_gmt":"2026-02-05T20:33:43","slug":"ania-haie-ring-r040-01g-ng","status":"publish","type":"product","link":"https:\/\/glamuur.ee\/et\/product\/ania-haie-ring-r040-01g-ng\/","title":{"rendered":"Ania Haie Ring R040-01G-NG"},"content":{"rendered":"<p>R\u00f5nga laius = 1.6mm<br \/>\nCZ suurus = 1mm &amp; 0.9mm<br \/>\nKogus = 15 ja 10<br \/>\nRihma stiil = avatud\/ reguleeritav<br \/>\nUS 5.5 UK L EUR 50 - US 8.5 UK P EUR 58<br \/>\nSisemine l\u00e4bim\u00f5\u00f5t 1.61 - 1.86cm<\/p>","protected":false},"excerpt":{"rendered":"<p>Ring Width = 1.6mm CZ Size = 1mm &#038; 0.9mm Quantity = 15 &#038; 10 Band style = Open\/ Adjustable US 5.5 UK L EUR 50 \u2013 US 8.5 UK P EUR 58 Internal diameter 1.61 \u2013 1.86cm<\/p>","protected":false},"featured_media":46723,"comment_status":"open","ping_status":"closed","template":"","meta":{"jetpack_post_was_ever_published":false},"product_brand":[],"product_cat":[200,205,980,730,964],"product_tag":[],"giftcard-category":[],"class_list":{"0":"post-25435","1":"product","2":"type-product","3":"status-publish","4":"has-post-thumbnail","6":"product_cat-ania-haie","7":"product_cat-ania-haie-rings","8":"product_cat-ready-for-vacation","9":"product_cat-rings","10":"product_cat-summer-sale-ti-sento","11":"pa_material-silver","12":"pa_metal-color-yellow-gold","13":"pa_product-brand-ania-haie","14":"pa_stone-color-green","15":"pa_type-category-rings","17":"first","18":"instock","19":"featured","20":"taxable","21":"shipping-taxable","22":"purchasable","23":"product-type-simple"},"bundled_by":[],"bundle_stock_status":"instock","bundle_stock_quantity":3,"bundle_virtual":false,"bundle_layout":"","bundle_add_to_cart_form_location":"","bundle_editable_in_cart":false,"bundle_sold_individually_context":"","bundle_item_grouping":"","bundle_min_size":"","bundle_max_size":"","bundle_price":[],"bundled_items":[],"bundle_sell_ids":[],"etheme_brands":{"errors":{"invalid_taxonomy":["Lubamatu taksonoomia."]},"error_data":[]},"_links":{"self":[{"href":"https:\/\/glamuur.ee\/et\/wp-json\/wp\/v2\/product\/25435","targetHints":{"allow":["GET"]}}],"collection":[{"href":"https:\/\/glamuur.ee\/et\/wp-json\/wp\/v2\/product"}],"about":[{"href":"https:\/\/glamuur.ee\/et\/wp-json\/wp\/v2\/types\/product"}],"replies":[{"embeddable":true,"href":"https:\/\/glamuur.ee\/et\/wp-json\/wp\/v2\/comments?post=25435"}],"wp:featuredmedia":[{"embeddable":true,"href":"https:\/\/glamuur.ee\/et\/wp-json\/wp\/v2\/media\/46723"}],"wp:attachment":[{"href":"https:\/\/glamuur.ee\/et\/wp-json\/wp\/v2\/media?parent=25435"}],"wp:term":[{"taxonomy":"product_brand","embeddable":true,"href":"https:\/\/glamuur.ee\/et\/wp-json\/wp\/v2\/product_brand?post=25435"},{"taxonomy":"product_cat","embeddable":true,"href":"https:\/\/glamuur.ee\/et\/wp-json\/wp\/v2\/product_cat?post=25435"},{"taxonomy":"product_tag","embeddable":true,"href":"https:\/\/glamuur.ee\/et\/wp-json\/wp\/v2\/product_tag?post=25435"},{"taxonomy":"giftcard-category","embeddable":true,"href":"https:\/\/glamuur.ee\/et\/wp-json\/wp\/v2\/giftcard-category?post=25435"}],"curies":[{"name":"wp","href":"https:\/\/api.w.org\/{rel}","templated":true}]}}