{"id":254125,"date":"2024-09-26T18:32:30","date_gmt":"2024-09-26T15:32:30","guid":{"rendered":"https:\/\/glamuur.ee\/product\/ti-sento-ring-12330tq\/"},"modified":"2026-02-16T13:34:07","modified_gmt":"2026-02-16T11:34:07","slug":"ti-sento-ring-12330tq","status":"publish","type":"product","link":"https:\/\/glamuur.ee\/et\/product\/ti-sento-ring-12330tq\/","title":{"rendered":"TI SENTO ring"},"content":{"rendered":"<p>TI SENTO s\u00f5rmus 12330TQ on valmistatud h\u00f5bedase kuldkattega. Selle s\u00f5rmuse v\u00e4rvus on t\u00fcrkiis. K\u00f5ik TI SENTO ehted on kinkekaubana pakitud l\u00f5pmatu armastuse ja hoolega. Maagia on meie h\u00f5bedas.<\/p>","protected":false},"excerpt":{"rendered":"<p>TI SENTO s\u00f5rmus 12330TQ on valmistatud h\u00f5bedase kuldkattega. Selle s\u00f5rmuse v\u00e4rvus on t\u00fcrkiis. K\u00f5ik TI SENTO ehted on kinkekaubana pakitud l\u00f5pmatu armastuse ja hoolega. Maagia on meie h\u00f5bedas.<\/p>","protected":false},"featured_media":254126,"comment_status":"open","ping_status":"closed","template":"","meta":{"jetpack_post_was_ever_published":false},"product_brand":[],"product_cat":[979,808,968,980,730,939,964,811,72,145,806,976],"product_tag":[],"giftcard-category":[],"class_list":{"0":"post-254125","1":"product","2":"type-product","3":"status-publish","4":"has-post-thumbnail","6":"product_cat-graduation-2025","7":"product_cat-modern-classic","8":"product_cat-mothers-day-2025-ti-sento","9":"product_cat-ready-for-vacation","10":"product_cat-rings","11":"product_cat-ti-sento-sale-europe","12":"product_cat-summer-sale-ti-sento","13":"product_cat-the-statement-seeker","14":"product_cat-ti-sento-milano","15":"product_cat-ti-sento-milano-rings","16":"product_cat-ti-sento-milano-ss24","17":"product_cat-wedding-season","18":"pa_material-silver","19":"pa_metal-color-yellow-gold","20":"pa_product-brand-ti-sento-milano","21":"pa_size-48-1550","22":"pa_size-50-1600","23":"pa_size-52-1650","24":"pa_size-54-1725","25":"pa_size-56-1775","26":"pa_size-58-1850","27":"pa_size-60-1900","28":"pa_size-62-1950","29":"pa_stone-color-turquoise","30":"pa_type-category-rings","32":"first","33":"instock","34":"taxable","35":"shipping-taxable","36":"purchasable","37":"product-type-variable"},"bundled_by":[],"bundle_stock_status":"instock","bundle_stock_quantity":null,"bundle_virtual":false,"bundle_layout":"","bundle_add_to_cart_form_location":"","bundle_editable_in_cart":false,"bundle_sold_individually_context":"","bundle_item_grouping":"","bundle_min_size":"","bundle_max_size":"","bundle_price":[],"bundled_items":[],"bundle_sell_ids":[],"etheme_brands":{"errors":{"invalid_taxonomy":["Lubamatu taksonoomia."]},"error_data":[]},"_links":{"self":[{"href":"https:\/\/glamuur.ee\/et\/wp-json\/wp\/v2\/product\/254125","targetHints":{"allow":["GET"]}}],"collection":[{"href":"https:\/\/glamuur.ee\/et\/wp-json\/wp\/v2\/product"}],"about":[{"href":"https:\/\/glamuur.ee\/et\/wp-json\/wp\/v2\/types\/product"}],"replies":[{"embeddable":true,"href":"https:\/\/glamuur.ee\/et\/wp-json\/wp\/v2\/comments?post=254125"}],"wp:featuredmedia":[{"embeddable":true,"href":"https:\/\/glamuur.ee\/et\/wp-json\/wp\/v2\/media\/254126"}],"wp:attachment":[{"href":"https:\/\/glamuur.ee\/et\/wp-json\/wp\/v2\/media?parent=254125"}],"wp:term":[{"taxonomy":"product_brand","embeddable":true,"href":"https:\/\/glamuur.ee\/et\/wp-json\/wp\/v2\/product_brand?post=254125"},{"taxonomy":"product_cat","embeddable":true,"href":"https:\/\/glamuur.ee\/et\/wp-json\/wp\/v2\/product_cat?post=254125"},{"taxonomy":"product_tag","embeddable":true,"href":"https:\/\/glamuur.ee\/et\/wp-json\/wp\/v2\/product_tag?post=254125"},{"taxonomy":"giftcard-category","embeddable":true,"href":"https:\/\/glamuur.ee\/et\/wp-json\/wp\/v2\/giftcard-category?post=254125"}],"curies":[{"name":"wp","href":"https:\/\/api.w.org\/{rel}","templated":true}]}}