{"id":254069,"date":"2024-09-26T18:12:09","date_gmt":"2024-09-26T15:12:09","guid":{"rendered":"https:\/\/glamuur.ee\/product\/ti-sento-ring-12328zy\/"},"modified":"2026-02-16T13:33:37","modified_gmt":"2026-02-16T11:33:37","slug":"ti-sento-ring-12328zy","status":"publish","type":"product","link":"https:\/\/glamuur.ee\/et\/product\/ti-sento-ring-12328zy\/","title":{"rendered":"TI SENTO ring"},"content":{"rendered":"<p>TI SENTO s\u00f5rmus 12328ZY on valmistatud kullatud h\u00f5bedast. Selle s\u00f5rmuse v\u00e4rvus on tsirkooniatega valge kollane kullatud. K\u00f5ik TI SENTO ehted on kinkekaubana pakitud l\u00f5pmatu armastuse ja hoolega. Maagia on meie h\u00f5bedas.<\/p>","protected":false},"excerpt":{"rendered":"<p>TI SENTO s\u00f5rmus 12328ZY on valmistatud kullatud h\u00f5bedast. Selle s\u00f5rmuse v\u00e4rvus on tsirkooniatega valge kollane kullatud. K\u00f5ik TI SENTO ehted on kinkekaubana pakitud l\u00f5pmatu armastuse ja hoolega. Maagia on meie h\u00f5bedas.<\/p>","protected":false},"featured_media":254070,"comment_status":"open","ping_status":"closed","template":"","meta":{"jetpack_post_was_ever_published":false},"product_brand":[],"product_cat":[979,808,968,599,730,939,964,72,145,806,976],"product_tag":[],"giftcard-category":[],"class_list":{"0":"post-254069","1":"product","2":"type-product","3":"status-publish","4":"has-post-thumbnail","6":"product_cat-graduation-2025","7":"product_cat-modern-classic","8":"product_cat-mothers-day-2025-ti-sento","9":"product_cat-sale","10":"product_cat-rings","11":"product_cat-ti-sento-sale-europe","12":"product_cat-summer-sale-ti-sento","13":"product_cat-ti-sento-milano","14":"product_cat-ti-sento-milano-rings","15":"product_cat-ti-sento-milano-ss24","16":"product_cat-wedding-season","17":"pa_material-silver","18":"pa_metal-color-yellow-gold","19":"pa_product-brand-ti-sento-milano","20":"pa_size-48-1550","21":"pa_size-50-1600","22":"pa_size-52-1650","23":"pa_size-54-1725","24":"pa_size-56-1775","25":"pa_size-58-1850","26":"pa_size-60-1900","27":"pa_size-62-1950","28":"pa_stone-color-white","29":"pa_type-category-rings","31":"first","32":"instock","33":"taxable","34":"shipping-taxable","35":"purchasable","36":"product-type-variable"},"bundled_by":[],"bundle_stock_status":"instock","bundle_stock_quantity":null,"bundle_virtual":false,"bundle_layout":"","bundle_add_to_cart_form_location":"","bundle_editable_in_cart":false,"bundle_sold_individually_context":"","bundle_item_grouping":"","bundle_min_size":"","bundle_max_size":"","bundle_price":[],"bundled_items":[],"bundle_sell_ids":[],"etheme_brands":{"errors":{"invalid_taxonomy":["Lubamatu taksonoomia."]},"error_data":[]},"_links":{"self":[{"href":"https:\/\/glamuur.ee\/et\/wp-json\/wp\/v2\/product\/254069","targetHints":{"allow":["GET"]}}],"collection":[{"href":"https:\/\/glamuur.ee\/et\/wp-json\/wp\/v2\/product"}],"about":[{"href":"https:\/\/glamuur.ee\/et\/wp-json\/wp\/v2\/types\/product"}],"replies":[{"embeddable":true,"href":"https:\/\/glamuur.ee\/et\/wp-json\/wp\/v2\/comments?post=254069"}],"wp:featuredmedia":[{"embeddable":true,"href":"https:\/\/glamuur.ee\/et\/wp-json\/wp\/v2\/media\/254070"}],"wp:attachment":[{"href":"https:\/\/glamuur.ee\/et\/wp-json\/wp\/v2\/media?parent=254069"}],"wp:term":[{"taxonomy":"product_brand","embeddable":true,"href":"https:\/\/glamuur.ee\/et\/wp-json\/wp\/v2\/product_brand?post=254069"},{"taxonomy":"product_cat","embeddable":true,"href":"https:\/\/glamuur.ee\/et\/wp-json\/wp\/v2\/product_cat?post=254069"},{"taxonomy":"product_tag","embeddable":true,"href":"https:\/\/glamuur.ee\/et\/wp-json\/wp\/v2\/product_tag?post=254069"},{"taxonomy":"giftcard-category","embeddable":true,"href":"https:\/\/glamuur.ee\/et\/wp-json\/wp\/v2\/giftcard-category?post=254069"}],"curies":[{"name":"wp","href":"https:\/\/api.w.org\/{rel}","templated":true}]}}