{"id":25403,"date":"2023-01-06T17:41:04","date_gmt":"2023-01-06T15:41:04","guid":{"rendered":"https:\/\/dev.glamuur.ee\/product\/ania-haie-ring-r037-02g\/"},"modified":"2026-02-05T22:33:40","modified_gmt":"2026-02-05T20:33:40","slug":"ania-haie-ring-r037-02g","status":"publish","type":"product","link":"https:\/\/glamuur.ee\/et\/product\/ania-haie-ring-r037-02g\/","title":{"rendered":"Ania Haie Ring R037-02G"},"content":{"rendered":"<p>R\u00f5nga laius = 1.5~5mm<br \/>\nKuubilise tsirkooniumi suurus = 1mm, kogus = 18<br \/>\nKuubilise tsirkooniumi suurus = 1.1mm, kogus = 6<br \/>\nKuubilise tsirkooniumi suurus = 1.2mm, kogus = 4<br \/>\nRihma stiil = avatud\/ reguleeritav<br \/>\nUS 5.5 UK L EUR 50 - US 8.5 UK P EUR 58<br \/>\nSisemine l\u00e4bim\u00f5\u00f5t 1.61 - 1.86cm<\/p>","protected":false},"excerpt":{"rendered":"<p>Ring Width = 1.5~5mm Cubic Zirconia Size = 1mm, Quantity = 18 Cubic Zirconia Size = 1.1mm, Quantity = 6 Cubic Zirconia Size = 1.2mm, Quantity = 4 Band style = Open\/ Adjustable US 5.5 UK L EUR 50 \u2013 US 8.5 UK P EUR&#8230;<\/p>","protected":false},"featured_media":46050,"comment_status":"open","ping_status":"closed","template":"","meta":{"jetpack_post_was_ever_published":false},"product_brand":[],"product_cat":[200,205,730],"product_tag":[],"giftcard-category":[],"class_list":{"0":"post-25403","1":"product","2":"type-product","3":"status-publish","4":"has-post-thumbnail","6":"product_cat-ania-haie","7":"product_cat-ania-haie-rings","8":"product_cat-rings","9":"pa_material-silver","10":"pa_metal-color-yellow-gold","11":"pa_product-brand-ania-haie","12":"pa_stone-color-white","13":"pa_type-category-rings","15":"first","16":"instock","17":"featured","18":"taxable","19":"shipping-taxable","20":"purchasable","21":"product-type-simple"},"bundled_by":[],"bundle_stock_status":"instock","bundle_stock_quantity":6,"bundle_virtual":false,"bundle_layout":"","bundle_add_to_cart_form_location":"","bundle_editable_in_cart":false,"bundle_sold_individually_context":"","bundle_item_grouping":"","bundle_min_size":"","bundle_max_size":"","bundle_price":[],"bundled_items":[],"bundle_sell_ids":[],"etheme_brands":{"errors":{"invalid_taxonomy":["Lubamatu taksonoomia."]},"error_data":[]},"_links":{"self":[{"href":"https:\/\/glamuur.ee\/et\/wp-json\/wp\/v2\/product\/25403","targetHints":{"allow":["GET"]}}],"collection":[{"href":"https:\/\/glamuur.ee\/et\/wp-json\/wp\/v2\/product"}],"about":[{"href":"https:\/\/glamuur.ee\/et\/wp-json\/wp\/v2\/types\/product"}],"replies":[{"embeddable":true,"href":"https:\/\/glamuur.ee\/et\/wp-json\/wp\/v2\/comments?post=25403"}],"wp:featuredmedia":[{"embeddable":true,"href":"https:\/\/glamuur.ee\/et\/wp-json\/wp\/v2\/media\/46050"}],"wp:attachment":[{"href":"https:\/\/glamuur.ee\/et\/wp-json\/wp\/v2\/media?parent=25403"}],"wp:term":[{"taxonomy":"product_brand","embeddable":true,"href":"https:\/\/glamuur.ee\/et\/wp-json\/wp\/v2\/product_brand?post=25403"},{"taxonomy":"product_cat","embeddable":true,"href":"https:\/\/glamuur.ee\/et\/wp-json\/wp\/v2\/product_cat?post=25403"},{"taxonomy":"product_tag","embeddable":true,"href":"https:\/\/glamuur.ee\/et\/wp-json\/wp\/v2\/product_tag?post=25403"},{"taxonomy":"giftcard-category","embeddable":true,"href":"https:\/\/glamuur.ee\/et\/wp-json\/wp\/v2\/giftcard-category?post=25403"}],"curies":[{"name":"wp","href":"https:\/\/api.w.org\/{rel}","templated":true}]}}