{"id":253915,"date":"2024-09-26T18:28:37","date_gmt":"2024-09-26T15:28:37","guid":{"rendered":"https:\/\/glamuur.ee\/product\/ti-sento-ring-12320zy\/"},"modified":"2026-02-16T13:32:52","modified_gmt":"2026-02-16T11:32:52","slug":"ti-sento-ring-12320zy","status":"publish","type":"product","link":"https:\/\/glamuur.ee\/et\/product\/ti-sento-ring-12320zy\/","title":{"rendered":"TI SENTO ring"},"content":{"rendered":"<p>TI SENTO s\u00f5rmus 12320ZY on valmistatud kullatud h\u00f5bedast. Selle s\u00f5rmuse v\u00e4rvus on tsirkooniatega valge kollane kullatud. K\u00f5ik TI SENTO ehted on kinkekaubana pakitud l\u00f5pmatu armastuse ja hoolega. Maagia on meie h\u00f5bedas.<\/p>","protected":false},"excerpt":{"rendered":"<p>TI SENTO s\u00f5rmus 12320ZY on valmistatud kullatud h\u00f5bedast. Selle s\u00f5rmuse v\u00e4rvus on tsirkooniatega valge kollane kullatud. K\u00f5ik TI SENTO ehted on kinkekaubana pakitud l\u00f5pmatu armastuse ja hoolega. Maagia on meie h\u00f5bedas.<\/p>","protected":false},"featured_media":253916,"comment_status":"open","ping_status":"closed","template":"","meta":{"jetpack_post_was_ever_published":false},"product_brand":[],"product_cat":[979,968,599,730,939,964,811,72,145,806],"product_tag":[],"giftcard-category":[],"class_list":{"0":"post-253915","1":"product","2":"type-product","3":"status-publish","4":"has-post-thumbnail","6":"product_cat-graduation-2025","7":"product_cat-mothers-day-2025-ti-sento","8":"product_cat-sale","9":"product_cat-rings","10":"product_cat-ti-sento-sale-europe","11":"product_cat-summer-sale-ti-sento","12":"product_cat-the-statement-seeker","13":"product_cat-ti-sento-milano","14":"product_cat-ti-sento-milano-rings","15":"product_cat-ti-sento-milano-ss24","16":"pa_material-silver","17":"pa_metal-color-yellow-gold","18":"pa_product-brand-ti-sento-milano","19":"pa_size-48-1550","20":"pa_size-50-1600","21":"pa_size-52-1650","22":"pa_size-54-1725","23":"pa_size-56-1775","24":"pa_size-58-1850","25":"pa_size-60-1900","26":"pa_size-62-1950","27":"pa_stone-color-white","28":"pa_type-category-rings","30":"first","31":"instock","32":"taxable","33":"shipping-taxable","34":"purchasable","35":"product-type-variable"},"bundled_by":[],"bundle_stock_status":"instock","bundle_stock_quantity":null,"bundle_virtual":false,"bundle_layout":"","bundle_add_to_cart_form_location":"","bundle_editable_in_cart":false,"bundle_sold_individually_context":"","bundle_item_grouping":"","bundle_min_size":"","bundle_max_size":"","bundle_price":[],"bundled_items":[],"bundle_sell_ids":[],"etheme_brands":{"errors":{"invalid_taxonomy":["Lubamatu taksonoomia."]},"error_data":[]},"_links":{"self":[{"href":"https:\/\/glamuur.ee\/et\/wp-json\/wp\/v2\/product\/253915","targetHints":{"allow":["GET"]}}],"collection":[{"href":"https:\/\/glamuur.ee\/et\/wp-json\/wp\/v2\/product"}],"about":[{"href":"https:\/\/glamuur.ee\/et\/wp-json\/wp\/v2\/types\/product"}],"replies":[{"embeddable":true,"href":"https:\/\/glamuur.ee\/et\/wp-json\/wp\/v2\/comments?post=253915"}],"wp:featuredmedia":[{"embeddable":true,"href":"https:\/\/glamuur.ee\/et\/wp-json\/wp\/v2\/media\/253916"}],"wp:attachment":[{"href":"https:\/\/glamuur.ee\/et\/wp-json\/wp\/v2\/media?parent=253915"}],"wp:term":[{"taxonomy":"product_brand","embeddable":true,"href":"https:\/\/glamuur.ee\/et\/wp-json\/wp\/v2\/product_brand?post=253915"},{"taxonomy":"product_cat","embeddable":true,"href":"https:\/\/glamuur.ee\/et\/wp-json\/wp\/v2\/product_cat?post=253915"},{"taxonomy":"product_tag","embeddable":true,"href":"https:\/\/glamuur.ee\/et\/wp-json\/wp\/v2\/product_tag?post=253915"},{"taxonomy":"giftcard-category","embeddable":true,"href":"https:\/\/glamuur.ee\/et\/wp-json\/wp\/v2\/giftcard-category?post=253915"}],"curies":[{"name":"wp","href":"https:\/\/api.w.org\/{rel}","templated":true}]}}