{"id":253486,"date":"2024-01-19T17:22:42","date_gmt":"2024-01-19T15:22:42","guid":{"rendered":"https:\/\/glamuur.ee\/product\/ti-sento-earrings-7811ys\/"},"modified":"2026-04-14T16:38:05","modified_gmt":"2026-04-14T13:38:05","slug":"ti-sento-korvarongad-7811ys","status":"publish","type":"product","link":"https:\/\/glamuur.ee\/et\/product\/ti-sento-earrings-7811ys\/","title":{"rendered":"TI SENTO \u2013 Milano K\u00f5rvar\u00f5ngad"},"content":{"rendered":"<p>Need TI SENTO k\u00f5rvar\u00f5ngad 7811YS on valmistatud h\u00f5bedast kullatud. Nende k\u00f5rvar\u00f5ngaste v\u00e4rvus on h\u00f5bekuldne. K\u00f5ik TI SENTO ehted on kinkekaubana pakitud l\u00f5pmatu armastuse ja hoolega. Maagia peitub meie h\u00f5bedas.<\/p>","protected":false},"excerpt":{"rendered":"<p>Need TI SENTO k\u00f5rvar\u00f5ngad 7811YS on valmistatud h\u00f5bedast kullatud. Nende k\u00f5rvar\u00f5ngaste v\u00e4rvus on h\u00f5bekuldne. K\u00f5ik TI SENTO ehted on kinkekaubana pakitud l\u00f5pmatu armastuse ja hoolega. Maagia peitub meie h\u00f5bedas.<\/p>","protected":false},"featured_media":253487,"comment_status":"open","ping_status":"closed","template":"","meta":{"jetpack_post_was_ever_published":false},"product_brand":[],"product_cat":[725,150,976],"product_tag":[],"giftcard-category":[],"class_list":{"0":"post-253486","1":"product","2":"type-product","3":"status-publish","4":"has-post-thumbnail","6":"product_cat-earrings","7":"product_cat-ti-sento-milano-basic-earrings","8":"product_cat-wedding-season","9":"pa_material-silver","10":"pa_metal-color-yellow-gold","11":"pa_product-brand-ti-sento-milano","12":"pa_stone-color-without-stones","13":"pa_type-category-earrings","15":"first","16":"instock","17":"taxable","18":"shipping-taxable","19":"purchasable","20":"product-type-simple"},"bundled_by":[],"bundle_stock_status":"instock","bundle_stock_quantity":4,"bundle_virtual":false,"bundle_layout":"","bundle_add_to_cart_form_location":"","bundle_editable_in_cart":false,"bundle_sold_individually_context":"","bundle_item_grouping":"","bundle_min_size":"","bundle_max_size":"","bundle_price":[],"bundled_items":[],"bundle_sell_ids":[],"etheme_brands":{"errors":{"invalid_taxonomy":["Lubamatu taksonoomia."]},"error_data":[]},"_links":{"self":[{"href":"https:\/\/glamuur.ee\/et\/wp-json\/wp\/v2\/product\/253486","targetHints":{"allow":["GET"]}}],"collection":[{"href":"https:\/\/glamuur.ee\/et\/wp-json\/wp\/v2\/product"}],"about":[{"href":"https:\/\/glamuur.ee\/et\/wp-json\/wp\/v2\/types\/product"}],"replies":[{"embeddable":true,"href":"https:\/\/glamuur.ee\/et\/wp-json\/wp\/v2\/comments?post=253486"}],"wp:featuredmedia":[{"embeddable":true,"href":"https:\/\/glamuur.ee\/et\/wp-json\/wp\/v2\/media\/253487"}],"wp:attachment":[{"href":"https:\/\/glamuur.ee\/et\/wp-json\/wp\/v2\/media?parent=253486"}],"wp:term":[{"taxonomy":"product_brand","embeddable":true,"href":"https:\/\/glamuur.ee\/et\/wp-json\/wp\/v2\/product_brand?post=253486"},{"taxonomy":"product_cat","embeddable":true,"href":"https:\/\/glamuur.ee\/et\/wp-json\/wp\/v2\/product_cat?post=253486"},{"taxonomy":"product_tag","embeddable":true,"href":"https:\/\/glamuur.ee\/et\/wp-json\/wp\/v2\/product_tag?post=253486"},{"taxonomy":"giftcard-category","embeddable":true,"href":"https:\/\/glamuur.ee\/et\/wp-json\/wp\/v2\/giftcard-category?post=253486"}],"curies":[{"name":"wp","href":"https:\/\/api.w.org\/{rel}","templated":true}]}}