{"id":253409,"date":"2024-09-26T18:18:17","date_gmt":"2024-09-26T15:18:17","guid":{"rendered":"https:\/\/glamuur.ee\/product\/ti-sento-necklace-3899zy\/"},"modified":"2026-02-16T13:57:13","modified_gmt":"2026-02-16T11:57:13","slug":"ti-sento-kaelakee-3899zy","status":"publish","type":"product","link":"https:\/\/glamuur.ee\/et\/product\/ti-sento-necklace-3899zy\/","title":{"rendered":"TI SENTO kaelakee"},"content":{"rendered":"<p>See TI SENTO kullatud kaelakee 3899ZY on armastuse ja rafineerituse ajatu v\u00e4ljendus. See peen kaelakee sisaldab peenelt t\u00f6\u00f6deldud pave-s\u00fcdant, mis on hoolikalt asetatud s\u00e4ravasse kollase kullatud raamistusse. Disainitud rafineeritud elegantsi olemust j\u00e4\u00e4dvustama, sulandub pave-s\u00fcdame peen s\u00e4ra kollase kulla soojusega, luues teose, mis kehastab nii sentimenti kui ka stiili. Luksuslik viimistlus muudab selle kaelakee mitmek\u00fclgseks t\u00fckiks, mis sobib ideaalselt igaks juhuks. Kandke seda armastuse s\u00fcmbolina v\u00f5i rafineeritud glamuuri avaldusena. Kandke seda \u00fcksi, et saavutada \u0161ikk minimalistlik stiil, v\u00f5i \u00fchendage see teiste kaelakeedega, et luua lummav ja pilkup\u00fc\u00fcdev kaelakee. Nagu k\u00f5ik meie ehted, on ka see kaelakee niklivaba ja h\u00fcpoallergeenne, lubades mitte ainult stiili, vaid ka mugavust ja kvaliteeti, mis peab vastu. <\/p>\n<p>Kaelakee standardpikkus on 38 cm. Sellel on 10 cm pikkune pikendust\u00fckk, mis v\u00f5imaldab kanda seda 5 erinevas pikkuses: 38 cm, 40 cm, 42 cm, 45 cm ja 48 cm.<\/p>","protected":false},"excerpt":{"rendered":"<p>This TI SENTO gold-plated necklace 3899ZY is a timeless expression of love and sophistication. This exquisite necklace features a delicately crafted pave heart, meticulously handset in a radiant yellow gold-plated setting. Designed to capture the essence of refined elegance, the subtle brilliance of the pave&#8230;<\/p>","protected":false},"featured_media":252907,"comment_status":"open","ping_status":"closed","template":"","meta":{"jetpack_post_was_ever_published":false},"product_brand":[],"product_cat":[838,979,968,727,939,964,810,72,146,806,941],"product_tag":[],"giftcard-category":[],"class_list":{"0":"post-253409","1":"product","2":"type-product","3":"status-publish","4":"has-post-thumbnail","6":"product_cat-gift-ideas-for-graduates","7":"product_cat-graduation-2025","8":"product_cat-mothers-day-2025-ti-sento","9":"product_cat-necklaces","10":"product_cat-ti-sento-sale-europe","11":"product_cat-summer-sale-ti-sento","12":"product_cat-the-minimalist","13":"product_cat-ti-sento-milano","14":"product_cat-ti-sento-milano-necklaces","15":"product_cat-ti-sento-milano-ss24","16":"product_cat-valentines-day","17":"pa_material-silver","18":"pa_metal-color-yellow-gold","19":"pa_product-brand-ti-sento-milano","20":"pa_stone-color-white","21":"pa_type-category-necklaces","23":"first","24":"instock","25":"taxable","26":"shipping-taxable","27":"purchasable","28":"product-type-simple"},"bundled_by":[],"bundle_stock_status":"instock","bundle_stock_quantity":1,"bundle_virtual":false,"bundle_layout":"","bundle_add_to_cart_form_location":"","bundle_editable_in_cart":false,"bundle_sold_individually_context":"","bundle_item_grouping":"","bundle_min_size":"","bundle_max_size":"","bundle_price":[],"bundled_items":[],"bundle_sell_ids":[],"etheme_brands":{"errors":{"invalid_taxonomy":["Lubamatu taksonoomia."]},"error_data":[]},"_links":{"self":[{"href":"https:\/\/glamuur.ee\/et\/wp-json\/wp\/v2\/product\/253409","targetHints":{"allow":["GET"]}}],"collection":[{"href":"https:\/\/glamuur.ee\/et\/wp-json\/wp\/v2\/product"}],"about":[{"href":"https:\/\/glamuur.ee\/et\/wp-json\/wp\/v2\/types\/product"}],"replies":[{"embeddable":true,"href":"https:\/\/glamuur.ee\/et\/wp-json\/wp\/v2\/comments?post=253409"}],"wp:featuredmedia":[{"embeddable":true,"href":"https:\/\/glamuur.ee\/et\/wp-json\/wp\/v2\/media\/252907"}],"wp:attachment":[{"href":"https:\/\/glamuur.ee\/et\/wp-json\/wp\/v2\/media?parent=253409"}],"wp:term":[{"taxonomy":"product_brand","embeddable":true,"href":"https:\/\/glamuur.ee\/et\/wp-json\/wp\/v2\/product_brand?post=253409"},{"taxonomy":"product_cat","embeddable":true,"href":"https:\/\/glamuur.ee\/et\/wp-json\/wp\/v2\/product_cat?post=253409"},{"taxonomy":"product_tag","embeddable":true,"href":"https:\/\/glamuur.ee\/et\/wp-json\/wp\/v2\/product_tag?post=253409"},{"taxonomy":"giftcard-category","embeddable":true,"href":"https:\/\/glamuur.ee\/et\/wp-json\/wp\/v2\/giftcard-category?post=253409"}],"curies":[{"name":"wp","href":"https:\/\/api.w.org\/{rel}","templated":true}]}}