{"id":253337,"date":"2024-09-26T18:20:38","date_gmt":"2024-09-26T15:20:38","guid":{"rendered":"https:\/\/glamuur.ee\/product\/ti-sento-bracelet-2885zy\/"},"modified":"2026-04-02T14:51:08","modified_gmt":"2026-04-02T11:51:08","slug":"ti-sento-kaevoru-2885zy","status":"publish","type":"product","link":"https:\/\/glamuur.ee\/et\/product\/ti-sento-bracelet-2885zy\/","title":{"rendered":"TI SENTO k\u00e4ev\u00f5ru"},"content":{"rendered":"<p>This TI SENTO gold-plated bracelet 2885ZY showcases a dainty pave heart of dazzling cubic zirconia. Crafted from premium 925 sterling silver, its yellow gold plating gives the bracelet a luxurious and radiant appeal. Let this piece be a reminder to radiate your love wherever you are. Wear it on its own for a chic minimalist style or mingle it with other bracelets to create your own unique arm party. The bracelet features a delicate chain with an adjustable length, designed for comfortable wear and easy adjustability. Like all our jewellery, this bracelet is nickel-free and hypoallergenic, promising not just style, but also comfort and quality that stands the test of time. <\/p>\n<p>K\u00e4ev\u00f5ru standardpikkus on 16 cm. Sellel on 4 cm pikkune pikendust\u00fckk, mis v\u00f5imaldab kanda seda 3 erinevas pikkuses: 16 cm, 18 cm ja 20 cm.<\/p>","protected":false},"excerpt":{"rendered":"<h2>K\u00e4ev\u00f5ru standardpikkus on 16 cm. Sellel on 4 cm pikkune pikendust\u00fckk, mis v\u00f5imaldab kanda seda 3 erinevas pikkuses: 16 cm, 18 cm ja 20 cm.<\/h2>","protected":false},"featured_media":253338,"comment_status":"open","ping_status":"closed","template":"","meta":{"jetpack_post_was_ever_published":false},"product_brand":[],"product_cat":[838,979,968,939,964,810,72,147,806,941,976],"product_tag":[],"giftcard-category":[],"class_list":{"0":"post-253337","1":"product","2":"type-product","3":"status-publish","4":"has-post-thumbnail","6":"product_cat-gift-ideas-for-graduates","7":"product_cat-graduation-2025","8":"product_cat-mothers-day-2025-ti-sento","9":"product_cat-ti-sento-sale-europe","10":"product_cat-summer-sale-ti-sento","11":"product_cat-the-minimalist","12":"product_cat-ti-sento-milano","13":"product_cat-ti-sento-milano-bracelets","14":"product_cat-ti-sento-milano-ss24","15":"product_cat-valentines-day","16":"product_cat-wedding-season","17":"pa_material-silver","18":"pa_metal-color-yellow-gold","19":"pa_product-brand-ti-sento-milano","20":"pa_stone-color-white","21":"pa_type-category-bracelets","23":"first","24":"instock","25":"taxable","26":"shipping-taxable","27":"purchasable","28":"product-type-simple"},"bundled_by":[],"bundle_stock_status":"instock","bundle_stock_quantity":1,"bundle_virtual":false,"bundle_layout":"","bundle_add_to_cart_form_location":"","bundle_editable_in_cart":false,"bundle_sold_individually_context":"","bundle_item_grouping":"","bundle_min_size":"","bundle_max_size":"","bundle_price":[],"bundled_items":[],"bundle_sell_ids":[],"etheme_brands":{"errors":{"invalid_taxonomy":["Lubamatu taksonoomia."]},"error_data":[]},"_links":{"self":[{"href":"https:\/\/glamuur.ee\/et\/wp-json\/wp\/v2\/product\/253337","targetHints":{"allow":["GET"]}}],"collection":[{"href":"https:\/\/glamuur.ee\/et\/wp-json\/wp\/v2\/product"}],"about":[{"href":"https:\/\/glamuur.ee\/et\/wp-json\/wp\/v2\/types\/product"}],"replies":[{"embeddable":true,"href":"https:\/\/glamuur.ee\/et\/wp-json\/wp\/v2\/comments?post=253337"}],"wp:featuredmedia":[{"embeddable":true,"href":"https:\/\/glamuur.ee\/et\/wp-json\/wp\/v2\/media\/253338"}],"wp:attachment":[{"href":"https:\/\/glamuur.ee\/et\/wp-json\/wp\/v2\/media?parent=253337"}],"wp:term":[{"taxonomy":"product_brand","embeddable":true,"href":"https:\/\/glamuur.ee\/et\/wp-json\/wp\/v2\/product_brand?post=253337"},{"taxonomy":"product_cat","embeddable":true,"href":"https:\/\/glamuur.ee\/et\/wp-json\/wp\/v2\/product_cat?post=253337"},{"taxonomy":"product_tag","embeddable":true,"href":"https:\/\/glamuur.ee\/et\/wp-json\/wp\/v2\/product_tag?post=253337"},{"taxonomy":"giftcard-category","embeddable":true,"href":"https:\/\/glamuur.ee\/et\/wp-json\/wp\/v2\/giftcard-category?post=253337"}],"curies":[{"name":"wp","href":"https:\/\/api.w.org\/{rel}","templated":true}]}}