{"id":252140,"date":"2023-12-11T13:20:24","date_gmt":"2023-12-11T11:20:24","guid":{"rendered":"https:\/\/glamuur.ee\/?post_type=product&#038;p=252140"},"modified":"2025-04-30T16:51:41","modified_gmt":"2025-04-30T13:51:41","slug":"pronksvalge-kaevoru","status":"publish","type":"product","link":"https:\/\/glamuur.ee\/et\/product\/bronzallure-bracelet\/","title":{"rendered":"Bronzallure K\u00e4ev\u00f5ru"},"content":{"rendered":"<p>Bronzallure maxi tennise k\u00e4ev\u00f5ru, mis on valmistatud 18 kt roosakullaga kaetud sulamist Golden Ros\u00e9, kaunistatud \u00fcmmarguste kuubikuliste tsirkooniatega, helendav kvaliteet; kassettkinnitus.<\/p>\n<ul>\n<li>Kuldne roosa patenteeritud sulam<\/li>\n<li>Disainitud ja valmistatud Itaalias<\/li>\n<li>nikli- ja kaadmiumivaba<\/li>\n<li>H\u00fcpoallergeenne<\/li>\n<\/ul>","protected":false},"excerpt":{"rendered":"<p>Bronzallure maxi tennise k\u00e4ev\u00f5ru, mis on valmistatud 18 kt roosakullaga kaetud sulamist Golden Ros\u00e9, kaunistatud \u00fcmmarguste kuubikuliste tsirkooniatega, helendav kvaliteet; kassettkinnitus. Golden Ros\u00e9 patenteeritud sulam Disainitud ja valmistatud Itaalias Niklivaba, kaadmiumivaba H\u00fcpoallergeenne<\/p>","protected":false},"featured_media":252141,"comment_status":"open","ping_status":"closed","template":"","meta":{"jetpack_post_was_ever_published":false},"product_brand":[],"product_cat":[726,193,196,980,939,964],"product_tag":[],"giftcard-category":[],"class_list":{"0":"post-252140","1":"product","2":"type-product","3":"status-publish","4":"has-post-thumbnail","6":"product_cat-bracelets","7":"product_cat-bronzallure","8":"product_cat-bronzallure-bracelets","9":"product_cat-ready-for-vacation","10":"product_cat-ti-sento-sale-europe","11":"product_cat-summer-sale-ti-sento","12":"pa_material-golden-rose","13":"pa_metal-color-rose-gold","14":"pa_product-brand-bronzallure","15":"pa_stone-color-blue","16":"pa_type-category-bracelets","18":"first","19":"instock","20":"taxable","21":"shipping-taxable","22":"purchasable","23":"product-type-simple"},"bundled_by":[],"bundle_stock_status":"instock","bundle_stock_quantity":1,"bundle_virtual":false,"bundle_layout":"","bundle_add_to_cart_form_location":"","bundle_editable_in_cart":false,"bundle_sold_individually_context":"","bundle_item_grouping":"","bundle_min_size":"","bundle_max_size":"","bundle_price":[],"bundled_items":[],"bundle_sell_ids":[],"etheme_brands":{"errors":{"invalid_taxonomy":["Lubamatu taksonoomia."]},"error_data":[]},"_links":{"self":[{"href":"https:\/\/glamuur.ee\/et\/wp-json\/wp\/v2\/product\/252140","targetHints":{"allow":["GET"]}}],"collection":[{"href":"https:\/\/glamuur.ee\/et\/wp-json\/wp\/v2\/product"}],"about":[{"href":"https:\/\/glamuur.ee\/et\/wp-json\/wp\/v2\/types\/product"}],"replies":[{"embeddable":true,"href":"https:\/\/glamuur.ee\/et\/wp-json\/wp\/v2\/comments?post=252140"}],"wp:featuredmedia":[{"embeddable":true,"href":"https:\/\/glamuur.ee\/et\/wp-json\/wp\/v2\/media\/252141"}],"wp:attachment":[{"href":"https:\/\/glamuur.ee\/et\/wp-json\/wp\/v2\/media?parent=252140"}],"wp:term":[{"taxonomy":"product_brand","embeddable":true,"href":"https:\/\/glamuur.ee\/et\/wp-json\/wp\/v2\/product_brand?post=252140"},{"taxonomy":"product_cat","embeddable":true,"href":"https:\/\/glamuur.ee\/et\/wp-json\/wp\/v2\/product_cat?post=252140"},{"taxonomy":"product_tag","embeddable":true,"href":"https:\/\/glamuur.ee\/et\/wp-json\/wp\/v2\/product_tag?post=252140"},{"taxonomy":"giftcard-category","embeddable":true,"href":"https:\/\/glamuur.ee\/et\/wp-json\/wp\/v2\/giftcard-category?post=252140"}],"curies":[{"name":"wp","href":"https:\/\/api.w.org\/{rel}","templated":true}]}}