{"id":252137,"date":"2023-12-11T13:16:09","date_gmt":"2023-12-11T11:16:09","guid":{"rendered":"https:\/\/glamuur.ee\/?post_type=product&#038;p=252137"},"modified":"2026-02-23T14:31:06","modified_gmt":"2026-02-23T12:31:06","slug":"bronzallure-earrings-5","status":"publish","type":"product","link":"https:\/\/glamuur.ee\/et\/product\/bronzallure-earrings-5\/","title":{"rendered":"Bronzallure K\u00f5rvar\u00f5ngad"},"content":{"rendered":"<p>Bronzallure k\u00f5rvar\u00f5ngad, valmistatud Golden Ros\u00e9 sulamist, 18 kt roosakullatud, kaunistatud kuubiliste tsirkooniatega, r\u00f5\u00f5msate ja s\u00e4ravate v\u00e4rvidega, paigutatud v\u00e4ljastpoolt ette ja seestpoolt taha; n\u00f6\u00f6p ja liblikas sulgemine. Elegantne looming, t\u00e4iusliku disainiga, mis paneb teie v\u00e4limuse s\u00e4rama.<\/p>\n<ul>\n<li>Kuldne roosa patenteeritud sulam<\/li>\n<li>Disainitud ja valmistatud Itaalias<\/li>\n<li>nikli- ja kaadmiumivaba<\/li>\n<li>H\u00fcpoallergeenne<\/li>\n<\/ul>\n<p>Materjal: Kuldsed roosid<br \/>\nKaal (g): 6.8<\/p>","protected":false},"excerpt":{"rendered":"<p>Bronzallure hoop earrings made of Golden Ros\u00e9 alloy, 18kt rose gold plated, embellished with cubic zirconia, with joyful and radiant colors, placed externally on the front and internally on the back; stud and butterfly closure. Elegant creation, with a perfect design to make your look&#8230;<\/p>","protected":false},"featured_media":252278,"comment_status":"open","ping_status":"closed","template":"","meta":{"jetpack_post_was_ever_published":false},"product_brand":[],"product_cat":[193,194,725,980,964],"product_tag":[],"giftcard-category":[],"class_list":{"0":"post-252137","1":"product","2":"type-product","3":"status-publish","4":"has-post-thumbnail","6":"product_cat-bronzallure","7":"product_cat-bronzallure-earrings","8":"product_cat-earrings","9":"product_cat-ready-for-vacation","10":"product_cat-summer-sale-ti-sento","11":"pa_material-golden-rose","12":"pa_metal-color-rose-gold","13":"pa_product-brand-bronzallure","14":"pa_stone-color-blue","15":"pa_type-category-earrings","17":"first","18":"instock","19":"taxable","20":"shipping-taxable","21":"purchasable","22":"product-type-simple"},"bundled_by":[],"bundle_stock_status":"instock","bundle_stock_quantity":1,"bundle_virtual":false,"bundle_layout":"","bundle_add_to_cart_form_location":"","bundle_editable_in_cart":false,"bundle_sold_individually_context":"","bundle_item_grouping":"","bundle_min_size":"","bundle_max_size":"","bundle_price":[],"bundled_items":[],"bundle_sell_ids":[],"etheme_brands":{"errors":{"invalid_taxonomy":["Lubamatu taksonoomia."]},"error_data":[]},"_links":{"self":[{"href":"https:\/\/glamuur.ee\/et\/wp-json\/wp\/v2\/product\/252137","targetHints":{"allow":["GET"]}}],"collection":[{"href":"https:\/\/glamuur.ee\/et\/wp-json\/wp\/v2\/product"}],"about":[{"href":"https:\/\/glamuur.ee\/et\/wp-json\/wp\/v2\/types\/product"}],"replies":[{"embeddable":true,"href":"https:\/\/glamuur.ee\/et\/wp-json\/wp\/v2\/comments?post=252137"}],"wp:featuredmedia":[{"embeddable":true,"href":"https:\/\/glamuur.ee\/et\/wp-json\/wp\/v2\/media\/252278"}],"wp:attachment":[{"href":"https:\/\/glamuur.ee\/et\/wp-json\/wp\/v2\/media?parent=252137"}],"wp:term":[{"taxonomy":"product_brand","embeddable":true,"href":"https:\/\/glamuur.ee\/et\/wp-json\/wp\/v2\/product_brand?post=252137"},{"taxonomy":"product_cat","embeddable":true,"href":"https:\/\/glamuur.ee\/et\/wp-json\/wp\/v2\/product_cat?post=252137"},{"taxonomy":"product_tag","embeddable":true,"href":"https:\/\/glamuur.ee\/et\/wp-json\/wp\/v2\/product_tag?post=252137"},{"taxonomy":"giftcard-category","embeddable":true,"href":"https:\/\/glamuur.ee\/et\/wp-json\/wp\/v2\/giftcard-category?post=252137"}],"curies":[{"name":"wp","href":"https:\/\/api.w.org\/{rel}","templated":true}]}}